{"id":2371,"date":"2025-03-07T13:08:32","date_gmt":"2025-03-07T12:08:32","guid":{"rendered":"https:\/\/www.zameceklany.cz\/gastronomy\/chateau-cafe\/"},"modified":"2025-11-05T10:20:15","modified_gmt":"2025-11-05T09:20:15","slug":"chateau-cafe","status":"publish","type":"page","link":"https:\/\/www.zameceklany.cz\/en\/gastronomy\/chateau-cafe\/","title":{"rendered":"Chateau Caf\u00e9"},"content":{"rendered":"\t\t<div data-elementor-type=\"wp-page\" data-elementor-id=\"2371\" class=\"elementor elementor-2371 elementor-595\" data-elementor-post-type=\"page\">\n\t\t\t\t<div class=\"elementor-element elementor-element-ddc011d e-flex e-con-boxed e-con e-parent\" data-id=\"ddc011d\" data-element_type=\"container\" data-settings=\"{&quot;background_background&quot;:&quot;classic&quot;}\">\n\t\t\t\t\t<div class=\"e-con-inner\">\n\t\t\t\t<div class=\"elementor-element elementor-element-fae4316 elementor-widget elementor-widget-heading\" data-id=\"fae4316\" data-element_type=\"widget\" data-widget_type=\"heading.default\">\n\t\t\t\t<div class=\"elementor-widget-container\">\n\t\t\t\t\t<p class=\"elementor-heading-title elementor-size-default\">The aroma of fresh coffee<\/p>\t\t\t\t<\/div>\n\t\t\t\t<\/div>\n\t\t\t\t<div class=\"elementor-element elementor-element-291d187 elementor-widget elementor-widget-heading\" data-id=\"291d187\" data-element_type=\"widget\" data-widget_type=\"heading.default\">\n\t\t\t\t<div class=\"elementor-widget-container\">\n\t\t\t\t\t<h1 class=\"elementor-heading-title elementor-size-default\">Chateau Caf\u00e9\n<\/h1>\t\t\t\t<\/div>\n\t\t\t\t<\/div>\n\t\t\t\t\t<\/div>\n\t\t\t\t<\/div>\n\t\t<div class=\"elementor-element elementor-element-9f6c0ff e-flex e-con-boxed e-con e-parent\" data-id=\"9f6c0ff\" data-element_type=\"container\">\n\t\t\t\t\t<div class=\"e-con-inner\">\n\t\t<div class=\"elementor-element elementor-element-6f95aaf e-con-full e-flex e-con e-child\" data-id=\"6f95aaf\" data-element_type=\"container\">\n\t\t\t\t<div class=\"elementor-element elementor-element-da4e145 elementor-widget elementor-widget-heading\" data-id=\"da4e145\" data-element_type=\"widget\" data-widget_type=\"heading.default\">\n\t\t\t\t<div class=\"elementor-widget-container\">\n\t\t\t\t\t<h2 class=\"elementor-heading-title elementor-size-default\">At the Chateau Caf\u00e9, you can savor excellent coffee and delicious homemade desserts. This peaceful corner offers a&nbsp;perfect spot for relaxation, where you can enjoy moments of tranquility and a&nbsp;pleasant atmosphere in a&nbsp;historic setting.  <\/h2>\t\t\t\t<\/div>\n\t\t\t\t<\/div>\n\t\t\t\t<\/div>\n\t\t<div class=\"elementor-element elementor-element-f389add e-con-full e-flex e-con e-child\" data-id=\"f389add\" data-element_type=\"container\">\n\t\t\t\t<div class=\"elementor-element elementor-element-498e115 elementor-widget elementor-widget-image\" data-id=\"498e115\" data-element_type=\"widget\" data-widget_type=\"image.default\">\n\t\t\t\t<div class=\"elementor-widget-container\">\n\t\t\t\t\t\t\t\t\t\t\t\t\t\t\t<img fetchpriority=\"high\" decoding=\"async\" width=\"800\" height=\"532\" src=\"https:\/\/www.zameceklany.cz\/wp-content\/uploads\/2025\/04\/jv0-3336-hdr-1024x681.webp\" class=\"attachment-large size-large wp-image-2221\" alt=\"\" srcset=\"https:\/\/www.zameceklany.cz\/wp-content\/uploads\/2025\/04\/jv0-3336-hdr-1024x681.webp 1024w, https:\/\/www.zameceklany.cz\/wp-content\/uploads\/2025\/04\/jv0-3336-hdr-300x200.webp 300w, https:\/\/www.zameceklany.cz\/wp-content\/uploads\/2025\/04\/jv0-3336-hdr-768x511.webp 768w, https:\/\/www.zameceklany.cz\/wp-content\/uploads\/2025\/04\/jv0-3336-hdr-1536x1022.webp 1536w, https:\/\/www.zameceklany.cz\/wp-content\/uploads\/2025\/04\/jv0-3336-hdr.webp 1920w\" sizes=\"(max-width: 800px) 100vw, 800px\" \/>\t\t\t\t\t\t\t\t\t\t\t\t\t\t\t<\/div>\n\t\t\t\t<\/div>\n\t\t\t\t<\/div>\n\t\t\t\t\t<\/div>\n\t\t\t\t<\/div>\n\t\t<div class=\"elementor-element elementor-element-bf38313 e-flex e-con-boxed e-con e-parent\" data-id=\"bf38313\" data-element_type=\"container\" data-settings=\"{&quot;background_background&quot;:&quot;classic&quot;}\">\n\t\t\t\t\t<div class=\"e-con-inner\">\n\t\t<div class=\"elementor-element elementor-element-fb1395a e-con-full e-flex e-con e-child\" data-id=\"fb1395a\" data-element_type=\"container\">\n\t\t\t\t<div class=\"elementor-element elementor-element-72c3686 elementor-widget elementor-widget-image\" data-id=\"72c3686\" data-element_type=\"widget\" data-widget_type=\"image.default\">\n\t\t\t\t<div class=\"elementor-widget-container\">\n\t\t\t\t\t\t\t\t\t\t\t\t\t\t\t<img decoding=\"async\" width=\"681\" height=\"1024\" src=\"https:\/\/www.zameceklany.cz\/wp-content\/uploads\/2025\/04\/jv0-3661-681x1024.webp\" class=\"attachment-large size-large wp-image-2223\" alt=\"\" srcset=\"https:\/\/www.zameceklany.cz\/wp-content\/uploads\/2025\/04\/jv0-3661-681x1024.webp 681w, https:\/\/www.zameceklany.cz\/wp-content\/uploads\/2025\/04\/jv0-3661-200x300.webp 200w, https:\/\/www.zameceklany.cz\/wp-content\/uploads\/2025\/04\/jv0-3661-768x1154.webp 768w, https:\/\/www.zameceklany.cz\/wp-content\/uploads\/2025\/04\/jv0-3661-1022x1536.webp 1022w, https:\/\/www.zameceklany.cz\/wp-content\/uploads\/2025\/04\/jv0-3661-1362x2048.webp 1362w, https:\/\/www.zameceklany.cz\/wp-content\/uploads\/2025\/04\/jv0-3661-scaled.webp 1703w\" sizes=\"(max-width: 681px) 100vw, 681px\" \/>\t\t\t\t\t\t\t\t\t\t\t\t\t\t\t<\/div>\n\t\t\t\t<\/div>\n\t\t\t\t<\/div>\n\t\t<div class=\"elementor-element elementor-element-eb1834c e-con-full e-flex e-con e-child\" data-id=\"eb1834c\" data-element_type=\"container\">\n\t\t\t\t<div class=\"elementor-element elementor-element-385495a elementor-widget elementor-widget-heading\" data-id=\"385495a\" data-element_type=\"widget\" data-widget_type=\"heading.default\">\n\t\t\t\t<div class=\"elementor-widget-container\">\n\t\t\t\t\t<h2 class=\"elementor-heading-title elementor-size-default\">Chateau Caf\u00e9<\/h2>\t\t\t\t<\/div>\n\t\t\t\t<\/div>\n\t\t\t\t<div class=\"elementor-element elementor-element-6ee26a5 elementor-widget elementor-widget-text-editor\" data-id=\"6ee26a5\" data-element_type=\"widget\" data-widget_type=\"text-editor.default\">\n\t\t\t\t<div class=\"elementor-widget-container\">\n\t\t\t\t\t\t\t\t\t<p>The Chateau Caf\u00e9 is accessible only to <a href=\"https:\/\/www.zameceklany.cz\/en\/accommodation\/\">guests staying<\/a> at Z\u00e1me\u010dek L\u00e1ny, or visitors with a&nbsp;reservation. Interested parties can easily make a&nbsp;reservation by phone. <\/p><p>The caf\u00e9 offers a&nbsp;stylish environment where guests can enjoy delicious coffee, homemade desserts, and carefully prepared light refreshments. It&#8217;s&nbsp;an ideal place for afternoon relaxation, meeting with friends, or peaceful rest after a&nbsp;walk around the chateau grounds. <\/p><p>Reservations: <a href=\"tel:+420734639339\">+420&nbsp;734&nbsp;639&nbsp;339<\/a><\/p>\t\t\t\t\t\t\t\t<\/div>\n\t\t\t\t<\/div>\n\t\t\t\t<div class=\"elementor-element elementor-element-f2e3f7f elementor-widget elementor-widget-button\" data-id=\"f2e3f7f\" data-element_type=\"widget\" data-widget_type=\"button.default\">\n\t\t\t\t<div class=\"elementor-widget-container\">\n\t\t\t\t\t\t\t\t\t<div class=\"elementor-button-wrapper\">\n\t\t\t\t\t<a class=\"elementor-button elementor-button-link elementor-size-sm\" href=\"#\">\n\t\t\t\t\t\t<span class=\"elementor-button-content-wrapper\">\n\t\t\t\t\t\t<span class=\"elementor-button-icon\">\n\t\t\t\t<svg aria-hidden=\"true\" class=\"e-font-icon-svg e-fas-file-pdf\" viewBox=\"0 0 384 512\" xmlns=\"http:\/\/www.w3.org\/2000\/svg\"><path d=\"M181.9 256.1c-5-16-4.9-46.9-2-46.9 8.4 0 7.6 36.9 2 46.9zm-1.7 47.2c-7.7 20.2-17.3 43.3-28.4 62.7 18.3-7 39-17.2 62.9-21.9-12.7-9.6-24.9-23.4-34.5-40.8zM86.1 428.1c0 .8 13.2-5.4 34.9-40.2-6.7 6.3-29.1 24.5-34.9 40.2zM248 160h136v328c0 13.3-10.7 24-24 24H24c-13.3 0-24-10.7-24-24V24C0 10.7 10.7 0 24 0h200v136c0 13.2 10.8 24 24 24zm-8 171.8c-20-12.2-33.3-29-42.7-53.8 4.5-18.5 11.6-46.6 6.2-64.2-4.7-29.4-42.4-26.5-47.8-6.8-5 18.3-.4 44.1 8.1 77-11.6 27.6-28.7 64.6-40.8 85.8-.1 0-.1.1-.2.1-27.1 13.9-73.6 44.5-54.5 68 5.6 6.9 16 10 21.5 10 17.9 0 35.7-18 61.1-61.8 25.8-8.5 54.1-19.1 79-23.2 21.7 11.8 47.1 19.5 64 19.5 29.2 0 31.2-32 19.7-43.4-13.9-13.6-54.3-9.7-73.6-7.2zM377 105L279 7c-4.5-4.5-10.6-7-17-7h-6v128h128v-6.1c0-6.3-2.5-12.4-7-16.9zm-74.1 255.3c4.1-2.7-2.5-11.9-42.8-9 37.1 15.8 42.8 9 42.8 9z\"><\/path><\/svg>\t\t\t<\/span>\n\t\t\t\t\t\t\t\t\t<span class=\"elementor-button-text\">Beverage Menu<\/span>\n\t\t\t\t\t<\/span>\n\t\t\t\t\t<\/a>\n\t\t\t\t<\/div>\n\t\t\t\t\t\t\t\t<\/div>\n\t\t\t\t<\/div>\n\t\t\t\t<\/div>\n\t\t\t\t\t<\/div>\n\t\t\t\t<\/div>\n\t\t<div class=\"elementor-element elementor-element-49dd2d0 e-flex e-con-boxed e-con e-parent\" data-id=\"49dd2d0\" data-element_type=\"container\" data-settings=\"{&quot;background_background&quot;:&quot;classic&quot;}\">\n\t\t\t\t\t<div class=\"e-con-inner\">\n\t\t<div class=\"elementor-element elementor-element-eeca004 e-con-full e-flex e-con e-child\" data-id=\"eeca004\" data-element_type=\"container\">\n\t\t\t\t<div class=\"elementor-element elementor-element-aeeb5c1 elementor-widget elementor-widget-heading\" data-id=\"aeeb5c1\" data-element_type=\"widget\" data-widget_type=\"heading.default\">\n\t\t\t\t<div class=\"elementor-widget-container\">\n\t\t\t\t\t<h2 class=\"elementor-heading-title elementor-size-default\">Tailored Culinary Experiences<\/h2>\t\t\t\t<\/div>\n\t\t\t\t<\/div>\n\t\t\t\t<div class=\"elementor-element elementor-element-f574bf6 elementor-widget elementor-widget-text-editor\" data-id=\"f574bf6\" data-element_type=\"widget\" data-widget_type=\"text-editor.default\">\n\t\t\t\t<div class=\"elementor-widget-container\">\n\t\t\t\t\t\t\t\t\t<p>As part of our &#8220;Tailored Culinary Experiences,&#8221; we offer the option to reserve a&nbsp;private dinner at the chateau, which is ideal for romantic moments as well as larger groups. Our kitchen prepares an exclusive menu according to your preferences, whether you&#8217;re planning a&nbsp;celebration, <a href=\"https:\/\/www.zameceklany.cz\/en\/chateau-rental\/\">corporate event<\/a>, or family gathering. Enjoy the unique atmosphere of the chateau setting and first-class service that makes every moment an unforgettable experience.  <\/p><p>Reservations: <a href=\"tel:+420734639339\">+420&nbsp;734&nbsp;639&nbsp;339<\/a><\/p>\t\t\t\t\t\t\t\t<\/div>\n\t\t\t\t<\/div>\n\t\t\t\t<\/div>\n\t\t<div class=\"elementor-element elementor-element-87caea2 e-con-full e-flex e-con e-child\" data-id=\"87caea2\" data-element_type=\"container\">\n\t\t\t\t<div class=\"elementor-element elementor-element-a7f69c8 elementor-widget elementor-widget-image\" data-id=\"a7f69c8\" data-element_type=\"widget\" data-widget_type=\"image.default\">\n\t\t\t\t<div class=\"elementor-widget-container\">\n\t\t\t\t\t\t\t\t\t\t\t\t\t\t\t<img decoding=\"async\" width=\"800\" height=\"532\" src=\"https:\/\/www.zameceklany.cz\/wp-content\/uploads\/2025\/04\/jv0-3348-hdr-1-1024x681.webp\" class=\"attachment-large size-large wp-image-2222\" alt=\"\" srcset=\"https:\/\/www.zameceklany.cz\/wp-content\/uploads\/2025\/04\/jv0-3348-hdr-1-1024x681.webp 1024w, https:\/\/www.zameceklany.cz\/wp-content\/uploads\/2025\/04\/jv0-3348-hdr-1-300x200.webp 300w, https:\/\/www.zameceklany.cz\/wp-content\/uploads\/2025\/04\/jv0-3348-hdr-1-768x511.webp 768w, https:\/\/www.zameceklany.cz\/wp-content\/uploads\/2025\/04\/jv0-3348-hdr-1-1536x1022.webp 1536w, https:\/\/www.zameceklany.cz\/wp-content\/uploads\/2025\/04\/jv0-3348-hdr-1.webp 1920w\" sizes=\"(max-width: 800px) 100vw, 800px\" \/>\t\t\t\t\t\t\t\t\t\t\t\t\t\t\t<\/div>\n\t\t\t\t<\/div>\n\t\t\t\t<\/div>\n\t\t\t\t\t<\/div>\n\t\t\t\t<\/div>\n\t\t\t\t<\/div>\n\t\t","protected":false},"excerpt":{"rendered":"<p>The aroma of fresh coffee Chateau Caf\u00e9 At the Chateau Caf\u00e9, you can savor excellent coffee and delicious homemade desserts. This peaceful corner offers a&nbsp;perfect spot for relaxation, where you can enjoy moments of tranquility and a&nbsp;pleasant atmosphere in a&nbsp;historic setting. Chateau Caf\u00e9 The Chateau Caf\u00e9 is accessible only to guests staying at Z\u00e1me\u010dek L\u00e1ny, [&hellip;]<\/p>\n","protected":false},"author":2,"featured_media":0,"parent":2220,"menu_order":0,"comment_status":"closed","ping_status":"closed","template":"","meta":{"footnotes":"","_links_to":"","_links_to_target":""},"class_list":["post-2371","page","type-page","status-publish","hentry"],"_links":{"self":[{"href":"https:\/\/www.zameceklany.cz\/en\/wp-json\/wp\/v2\/pages\/2371","targetHints":{"allow":["GET"]}}],"collection":[{"href":"https:\/\/www.zameceklany.cz\/en\/wp-json\/wp\/v2\/pages"}],"about":[{"href":"https:\/\/www.zameceklany.cz\/en\/wp-json\/wp\/v2\/types\/page"}],"author":[{"embeddable":true,"href":"https:\/\/www.zameceklany.cz\/en\/wp-json\/wp\/v2\/users\/2"}],"replies":[{"embeddable":true,"href":"https:\/\/www.zameceklany.cz\/en\/wp-json\/wp\/v2\/comments?post=2371"}],"version-history":[{"count":3,"href":"https:\/\/www.zameceklany.cz\/en\/wp-json\/wp\/v2\/pages\/2371\/revisions"}],"predecessor-version":[{"id":2492,"href":"https:\/\/www.zameceklany.cz\/en\/wp-json\/wp\/v2\/pages\/2371\/revisions\/2492"}],"up":[{"embeddable":true,"href":"https:\/\/www.zameceklany.cz\/en\/wp-json\/wp\/v2\/pages\/2220"}],"wp:attachment":[{"href":"https:\/\/www.zameceklany.cz\/en\/wp-json\/wp\/v2\/media?parent=2371"}],"curies":[{"name":"wp","href":"https:\/\/api.w.org\/{rel}","templated":true}]}}