{"id":2204,"date":"2025-02-21T09:39:22","date_gmt":"2025-02-21T08:39:22","guid":{"rendered":"https:\/\/www.zameceklany.cz\/bistro-stroodel\/"},"modified":"2025-11-05T10:19:09","modified_gmt":"2025-11-05T09:19:09","slug":"bistro-stroodel","status":"publish","type":"page","link":"https:\/\/www.zameceklany.cz\/en\/gastronomy\/bistro-stroodel\/","title":{"rendered":"Bistro Stroodel"},"content":{"rendered":"\t\t<div data-elementor-type=\"wp-page\" data-elementor-id=\"2204\" class=\"elementor elementor-2204 elementor-140\" data-elementor-post-type=\"page\">\n\t\t\t\t<div class=\"elementor-element elementor-element-ddc011d e-flex e-con-boxed e-con e-parent\" data-id=\"ddc011d\" data-element_type=\"container\" data-settings=\"{&quot;background_background&quot;:&quot;classic&quot;}\">\n\t\t\t\t\t<div class=\"e-con-inner\">\n\t\t\t\t<div class=\"elementor-element elementor-element-fae4316 elementor-widget elementor-widget-heading\" data-id=\"fae4316\" data-element_type=\"widget\" data-widget_type=\"heading.default\">\n\t\t\t\t<div class=\"elementor-widget-container\">\n\t\t\t\t\t<p class=\"elementor-heading-title elementor-size-default\">Unique Culinary Experiences<\/p>\t\t\t\t<\/div>\n\t\t\t\t<\/div>\n\t\t\t\t<div class=\"elementor-element elementor-element-291d187 elementor-widget elementor-widget-heading\" data-id=\"291d187\" data-element_type=\"widget\" data-widget_type=\"heading.default\">\n\t\t\t\t<div class=\"elementor-widget-container\">\n\t\t\t\t\t<h1 class=\"elementor-heading-title elementor-size-default\">Bistro Stroodel<\/h1>\t\t\t\t<\/div>\n\t\t\t\t<\/div>\n\t\t\t\t\t<\/div>\n\t\t\t\t<\/div>\n\t\t<div class=\"elementor-element elementor-element-9f6c0ff e-flex e-con-boxed e-con e-parent\" data-id=\"9f6c0ff\" data-element_type=\"container\">\n\t\t\t\t\t<div class=\"e-con-inner\">\n\t\t<div class=\"elementor-element elementor-element-6f95aaf e-con-full e-flex e-con e-child\" data-id=\"6f95aaf\" data-element_type=\"container\">\n\t\t\t\t<div class=\"elementor-element elementor-element-da4e145 elementor-widget elementor-widget-heading\" data-id=\"da4e145\" data-element_type=\"widget\" data-widget_type=\"heading.default\">\n\t\t\t\t<div class=\"elementor-widget-container\">\n\t\t\t\t\t<h2 class=\"elementor-heading-title elementor-size-default\">Welcome to our Bistro Stroodel, where you can savor homemade specialties, particularly strudels in various savory and sweet options.<\/h2>\t\t\t\t<\/div>\n\t\t\t\t<\/div>\n\t\t\t\t<\/div>\n\t\t<div class=\"elementor-element elementor-element-f389add e-con-full e-flex e-con e-child\" data-id=\"f389add\" data-element_type=\"container\">\n\t\t\t\t<div class=\"elementor-element elementor-element-498e115 elementor-widget elementor-widget-image\" data-id=\"498e115\" data-element_type=\"widget\" data-widget_type=\"image.default\">\n\t\t\t\t<div class=\"elementor-widget-container\">\n\t\t\t\t\t\t\t\t\t\t\t\t\t\t\t<img fetchpriority=\"high\" decoding=\"async\" width=\"681\" height=\"1024\" src=\"https:\/\/www.zameceklany.cz\/wp-content\/uploads\/2025\/04\/jv0-9450-681x1024.webp\" class=\"attachment-large size-large wp-image-2206\" alt=\"\" srcset=\"https:\/\/www.zameceklany.cz\/wp-content\/uploads\/2025\/04\/jv0-9450-681x1024.webp 681w, https:\/\/www.zameceklany.cz\/wp-content\/uploads\/2025\/04\/jv0-9450-200x300.webp 200w, https:\/\/www.zameceklany.cz\/wp-content\/uploads\/2025\/04\/jv0-9450-768x1154.webp 768w, https:\/\/www.zameceklany.cz\/wp-content\/uploads\/2025\/04\/jv0-9450-1022x1536.webp 1022w, https:\/\/www.zameceklany.cz\/wp-content\/uploads\/2025\/04\/jv0-9450-1362x2048.webp 1362w, https:\/\/www.zameceklany.cz\/wp-content\/uploads\/2025\/04\/jv0-9450-scaled.webp 1703w\" sizes=\"(max-width: 681px) 100vw, 681px\" \/>\t\t\t\t\t\t\t\t\t\t\t\t\t\t\t<\/div>\n\t\t\t\t<\/div>\n\t\t\t\t<\/div>\n\t\t\t\t\t<\/div>\n\t\t\t\t<\/div>\n\t\t<div class=\"elementor-element elementor-element-eba4905 e-flex e-con-boxed e-con e-parent\" data-id=\"eba4905\" data-element_type=\"container\" data-settings=\"{&quot;background_background&quot;:&quot;classic&quot;}\">\n\t\t\t\t\t<div class=\"e-con-inner\">\n\t\t<div class=\"elementor-element elementor-element-b0930fd e-con-full e-flex e-con e-child\" data-id=\"b0930fd\" data-element_type=\"container\">\n\t\t\t\t<div class=\"elementor-element elementor-element-f8a168f elementor-widget elementor-widget-image\" data-id=\"f8a168f\" data-element_type=\"widget\" data-widget_type=\"image.default\">\n\t\t\t\t<div class=\"elementor-widget-container\">\n\t\t\t\t\t\t\t\t\t\t\t\t\t\t\t<img decoding=\"async\" width=\"800\" height=\"533\" src=\"https:\/\/www.zameceklany.cz\/wp-content\/uploads\/2025\/04\/jv0-9427-hdr-1024x682.webp\" class=\"attachment-large size-large wp-image-2205\" alt=\"\" srcset=\"https:\/\/www.zameceklany.cz\/wp-content\/uploads\/2025\/04\/jv0-9427-hdr-1024x682.webp 1024w, https:\/\/www.zameceklany.cz\/wp-content\/uploads\/2025\/04\/jv0-9427-hdr-300x200.webp 300w, https:\/\/www.zameceklany.cz\/wp-content\/uploads\/2025\/04\/jv0-9427-hdr-768x511.webp 768w, https:\/\/www.zameceklany.cz\/wp-content\/uploads\/2025\/04\/jv0-9427-hdr-1536x1022.webp 1536w, https:\/\/www.zameceklany.cz\/wp-content\/uploads\/2025\/04\/jv0-9427-hdr.webp 1920w\" sizes=\"(max-width: 800px) 100vw, 800px\" \/>\t\t\t\t\t\t\t\t\t\t\t\t\t\t\t<\/div>\n\t\t\t\t<\/div>\n\t\t\t\t<\/div>\n\t\t<div class=\"elementor-element elementor-element-f8215f3 e-con-full e-flex e-con e-child\" data-id=\"f8215f3\" data-element_type=\"container\">\n\t\t\t\t<div class=\"elementor-element elementor-element-ebe0d5f elementor-widget elementor-widget-heading\" data-id=\"ebe0d5f\" data-element_type=\"widget\" data-widget_type=\"heading.default\">\n\t\t\t\t<div class=\"elementor-widget-container\">\n\t\t\t\t\t<h2 class=\"elementor-heading-title elementor-size-default\">Bistro Stroodel<\/h2>\t\t\t\t<\/div>\n\t\t\t\t<\/div>\n\t\t\t\t<div class=\"elementor-element elementor-element-6c8d807 elementor-widget elementor-widget-text-editor\" data-id=\"6c8d807\" data-element_type=\"widget\" data-widget_type=\"text-editor.default\">\n\t\t\t\t<div class=\"elementor-widget-container\">\n\t\t\t\t\t\t\t\t\t<p class=\"p1\">Bistro Stroodel is a&nbsp;popular spot for <a href=\"https:\/\/www.zameceklany.cz\/en\/activities-around-the-chateau\/cycling\/\">cyclists<\/a> and all who wish to relax during <a href=\"https:\/\/www.zameceklany.cz\/en\/activities-around-the-chateau\/\">excursions in the vicinity<\/a> or while exploring the Lednice-Valtice Cultural Landscape. The bistro is open year-round. <\/p><p class=\"p1\">After a&nbsp;demanding day of cycling, you can indulge in refreshing drinks, homemade specialties, or a&nbsp;light lunch. An outdoor terrace is also available, where you can savor your meal while overlooking the beautiful natural surroundings. Stroodel is an ideal place to relax and recharge on your travels, whether you are cycling or simply wish to enjoy the pleasant atmosphere in the heart of nature.  <\/p>\t\t\t\t\t\t\t\t<\/div>\n\t\t\t\t<\/div>\n\t\t<div class=\"elementor-element elementor-element-cdd58c3 e-con-full e-flex e-con e-child\" data-id=\"cdd58c3\" data-element_type=\"container\">\n\t\t\t\t<div class=\"elementor-element elementor-element-9a87e6e elementor-widget elementor-widget-button\" data-id=\"9a87e6e\" data-element_type=\"widget\" data-widget_type=\"button.default\">\n\t\t\t\t<div class=\"elementor-widget-container\">\n\t\t\t\t\t\t\t\t\t<div class=\"elementor-button-wrapper\">\n\t\t\t\t\t<a class=\"elementor-button elementor-button-link elementor-size-sm\" href=\"#\">\n\t\t\t\t\t\t<span class=\"elementor-button-content-wrapper\">\n\t\t\t\t\t\t<span class=\"elementor-button-icon\">\n\t\t\t\t<svg aria-hidden=\"true\" class=\"e-font-icon-svg e-fas-file-pdf\" viewBox=\"0 0 384 512\" xmlns=\"http:\/\/www.w3.org\/2000\/svg\"><path d=\"M181.9 256.1c-5-16-4.9-46.9-2-46.9 8.4 0 7.6 36.9 2 46.9zm-1.7 47.2c-7.7 20.2-17.3 43.3-28.4 62.7 18.3-7 39-17.2 62.9-21.9-12.7-9.6-24.9-23.4-34.5-40.8zM86.1 428.1c0 .8 13.2-5.4 34.9-40.2-6.7 6.3-29.1 24.5-34.9 40.2zM248 160h136v328c0 13.3-10.7 24-24 24H24c-13.3 0-24-10.7-24-24V24C0 10.7 10.7 0 24 0h200v136c0 13.2 10.8 24 24 24zm-8 171.8c-20-12.2-33.3-29-42.7-53.8 4.5-18.5 11.6-46.6 6.2-64.2-4.7-29.4-42.4-26.5-47.8-6.8-5 18.3-.4 44.1 8.1 77-11.6 27.6-28.7 64.6-40.8 85.8-.1 0-.1.1-.2.1-27.1 13.9-73.6 44.5-54.5 68 5.6 6.9 16 10 21.5 10 17.9 0 35.7-18 61.1-61.8 25.8-8.5 54.1-19.1 79-23.2 21.7 11.8 47.1 19.5 64 19.5 29.2 0 31.2-32 19.7-43.4-13.9-13.6-54.3-9.7-73.6-7.2zM377 105L279 7c-4.5-4.5-10.6-7-17-7h-6v128h128v-6.1c0-6.3-2.5-12.4-7-16.9zm-74.1 255.3c4.1-2.7-2.5-11.9-42.8-9 37.1 15.8 42.8 9 42.8 9z\"><\/path><\/svg>\t\t\t<\/span>\n\t\t\t\t\t\t\t\t\t<span class=\"elementor-button-text\">Bistro Menu<\/span>\n\t\t\t\t\t<\/span>\n\t\t\t\t\t<\/a>\n\t\t\t\t<\/div>\n\t\t\t\t\t\t\t\t<\/div>\n\t\t\t\t<\/div>\n\t\t\t\t<\/div>\n\t\t\t\t<\/div>\n\t\t\t\t\t<\/div>\n\t\t\t\t<\/div>\n\t\t<div class=\"elementor-element elementor-element-e60bd71 e-con-full e-flex e-con e-parent\" data-id=\"e60bd71\" data-element_type=\"container\">\n\t\t\t\t<div class=\"elementor-element elementor-element-2f11d83 elementor-widget elementor-widget-gallery\" data-id=\"2f11d83\" data-element_type=\"widget\" data-settings=\"{&quot;columns&quot;:3,&quot;gap&quot;:{&quot;unit&quot;:&quot;px&quot;,&quot;size&quot;:16,&quot;sizes&quot;:[]},&quot;gap_tablet&quot;:{&quot;unit&quot;:&quot;px&quot;,&quot;size&quot;:16,&quot;sizes&quot;:[]},&quot;gap_mobile&quot;:{&quot;unit&quot;:&quot;px&quot;,&quot;size&quot;:16,&quot;sizes&quot;:[]},&quot;lazyload&quot;:&quot;yes&quot;,&quot;gallery_layout&quot;:&quot;grid&quot;,&quot;columns_tablet&quot;:2,&quot;columns_mobile&quot;:1,&quot;link_to&quot;:&quot;file&quot;,&quot;aspect_ratio&quot;:&quot;3:2&quot;,&quot;overlay_background&quot;:&quot;yes&quot;,&quot;content_hover_animation&quot;:&quot;fade-in&quot;}\" data-widget_type=\"gallery.default\">\n\t\t\t\t<div class=\"elementor-widget-container\">\n\t\t\t\t\t\t\t<div class=\"elementor-gallery__container\">\n\t\t\t\t\t\t\t<a class=\"e-gallery-item elementor-gallery-item elementor-animated-content\" href=\"https:\/\/www.zameceklany.cz\/wp-content\/uploads\/2025\/04\/1-1.webp\" data-elementor-open-lightbox=\"yes\" data-elementor-lightbox-slideshow=\"2f11d83\" data-e-action-hash=\"#elementor-action%3Aaction%3Dlightbox%26settings%3DeyJpZCI6MjIwNywidXJsIjoiaHR0cHM6XC9cL3d3dy56YW1lY2VrbGFueS5jelwvd3AtY29udGVudFwvdXBsb2Fkc1wvMjAyNVwvMDRcLzEtMS53ZWJwIiwic2xpZGVzaG93IjoiMmYxMWQ4MyJ9\">\n\t\t\t\t\t<div class=\"e-gallery-image elementor-gallery-item__image\" data-thumbnail=\"https:\/\/www.zameceklany.cz\/wp-content\/uploads\/2025\/04\/1-1-1024x768.webp\" data-width=\"800\" data-height=\"600\" aria-label=\"\" role=\"img\" ><\/div>\n\t\t\t\t\t\t\t\t\t\t\t<div class=\"elementor-gallery-item__overlay\"><\/div>\n\t\t\t\t\t\t\t\t\t\t\t\t\t\t<\/a>\n\t\t\t\t\t\t\t<a class=\"e-gallery-item elementor-gallery-item elementor-animated-content\" href=\"https:\/\/www.zameceklany.cz\/wp-content\/uploads\/2025\/04\/2-1.webp\" data-elementor-open-lightbox=\"yes\" data-elementor-lightbox-slideshow=\"2f11d83\" data-e-action-hash=\"#elementor-action%3Aaction%3Dlightbox%26settings%3DeyJpZCI6MjIwOCwidXJsIjoiaHR0cHM6XC9cL3d3dy56YW1lY2VrbGFueS5jelwvd3AtY29udGVudFwvdXBsb2Fkc1wvMjAyNVwvMDRcLzItMS53ZWJwIiwic2xpZGVzaG93IjoiMmYxMWQ4MyJ9\">\n\t\t\t\t\t<div class=\"e-gallery-image elementor-gallery-item__image\" data-thumbnail=\"https:\/\/www.zameceklany.cz\/wp-content\/uploads\/2025\/04\/2-1-1024x768.webp\" data-width=\"800\" data-height=\"600\" aria-label=\"\" role=\"img\" ><\/div>\n\t\t\t\t\t\t\t\t\t\t\t<div class=\"elementor-gallery-item__overlay\"><\/div>\n\t\t\t\t\t\t\t\t\t\t\t\t\t\t<\/a>\n\t\t\t\t\t\t\t<a class=\"e-gallery-item elementor-gallery-item elementor-animated-content\" href=\"https:\/\/www.zameceklany.cz\/wp-content\/uploads\/2025\/04\/3-1.webp\" data-elementor-open-lightbox=\"yes\" data-elementor-lightbox-slideshow=\"2f11d83\" data-e-action-hash=\"#elementor-action%3Aaction%3Dlightbox%26settings%3DeyJpZCI6MjIwOSwidXJsIjoiaHR0cHM6XC9cL3d3dy56YW1lY2VrbGFueS5jelwvd3AtY29udGVudFwvdXBsb2Fkc1wvMjAyNVwvMDRcLzMtMS53ZWJwIiwic2xpZGVzaG93IjoiMmYxMWQ4MyJ9\">\n\t\t\t\t\t<div class=\"e-gallery-image elementor-gallery-item__image\" data-thumbnail=\"https:\/\/www.zameceklany.cz\/wp-content\/uploads\/2025\/04\/3-1-768x1024.webp\" data-width=\"768\" data-height=\"1024\" aria-label=\"\" role=\"img\" ><\/div>\n\t\t\t\t\t\t\t\t\t\t\t<div class=\"elementor-gallery-item__overlay\"><\/div>\n\t\t\t\t\t\t\t\t\t\t\t\t\t\t<\/a>\n\t\t\t\t\t\t\t<a class=\"e-gallery-item elementor-gallery-item elementor-animated-content\" href=\"https:\/\/www.zameceklany.cz\/wp-content\/uploads\/2025\/04\/4-1.webp\" data-elementor-open-lightbox=\"yes\" data-elementor-lightbox-slideshow=\"2f11d83\" data-e-action-hash=\"#elementor-action%3Aaction%3Dlightbox%26settings%3DeyJpZCI6MjIxMCwidXJsIjoiaHR0cHM6XC9cL3d3dy56YW1lY2VrbGFueS5jelwvd3AtY29udGVudFwvdXBsb2Fkc1wvMjAyNVwvMDRcLzQtMS53ZWJwIiwic2xpZGVzaG93IjoiMmYxMWQ4MyJ9\">\n\t\t\t\t\t<div class=\"e-gallery-image elementor-gallery-item__image\" data-thumbnail=\"https:\/\/www.zameceklany.cz\/wp-content\/uploads\/2025\/04\/4-1-768x1024.webp\" data-width=\"768\" data-height=\"1024\" aria-label=\"\" role=\"img\" ><\/div>\n\t\t\t\t\t\t\t\t\t\t\t<div class=\"elementor-gallery-item__overlay\"><\/div>\n\t\t\t\t\t\t\t\t\t\t\t\t\t\t<\/a>\n\t\t\t\t\t<\/div>\n\t\t\t\t\t<\/div>\n\t\t\t\t<\/div>\n\t\t\t\t<\/div>\n\t\t<div class=\"elementor-element elementor-element-0788134 e-flex e-con-boxed e-con e-parent\" data-id=\"0788134\" data-element_type=\"container\" data-settings=\"{&quot;background_background&quot;:&quot;classic&quot;}\">\n\t\t\t\t\t<div class=\"e-con-inner\">\n\t\t\t\t<div class=\"elementor-element elementor-element-29f4c95 elementor-widget elementor-widget-heading\" data-id=\"29f4c95\" data-element_type=\"widget\" data-widget_type=\"heading.default\">\n\t\t\t\t<div class=\"elementor-widget-container\">\n\t\t\t\t\t<h2 class=\"elementor-heading-title elementor-size-default\">Refreshment and Tranquility Amidst Nature<\/h2>\t\t\t\t<\/div>\n\t\t\t\t<\/div>\n\t\t\t\t<div class=\"elementor-element elementor-element-e54aa39 elementor-widget__width-initial elementor-widget-tablet__width-inherit elementor-widget-mobile__width-inherit elementor-widget elementor-widget-text-editor\" data-id=\"e54aa39\" data-element_type=\"widget\" data-widget_type=\"text-editor.default\">\n\t\t\t\t<div class=\"elementor-widget-container\">\n\t\t\t\t\t\t\t\t\t<p>Whether you are cycling with us or simply enjoying a&nbsp;peaceful afternoon in the Soutok game preserve, Bistro Stroodel is an ideal place to recharge. Read how our guests appreciate our homemade specialties and terrace seating. <\/p>\t\t\t\t\t\t\t\t<\/div>\n\t\t\t\t<\/div>\n\t\t\t\t<div class=\"elementor-element elementor-element-7a96b96 elementor--star-style-star_unicode elementor-pagination-type-bullets elementor-widget elementor-widget-reviews\" data-id=\"7a96b96\" data-element_type=\"widget\" data-settings=\"{&quot;slides_per_view&quot;:&quot;3&quot;,&quot;slides_per_view_tablet&quot;:&quot;2&quot;,&quot;slides_to_scroll&quot;:&quot;1&quot;,&quot;space_between&quot;:{&quot;unit&quot;:&quot;px&quot;,&quot;size&quot;:16,&quot;sizes&quot;:[]},&quot;space_between_tablet&quot;:{&quot;unit&quot;:&quot;px&quot;,&quot;size&quot;:16,&quot;sizes&quot;:[]},&quot;space_between_mobile&quot;:{&quot;unit&quot;:&quot;px&quot;,&quot;size&quot;:16,&quot;sizes&quot;:[]},&quot;pagination&quot;:&quot;bullets&quot;,&quot;speed&quot;:500,&quot;autoplay&quot;:&quot;yes&quot;,&quot;autoplay_speed&quot;:5000,&quot;loop&quot;:&quot;yes&quot;,&quot;pause_on_hover&quot;:&quot;yes&quot;,&quot;pause_on_interaction&quot;:&quot;yes&quot;}\" data-widget_type=\"reviews.default\">\n\t\t\t\t<div class=\"elementor-widget-container\">\n\t\t\t\t\t\t\t\t\t<div class=\"elementor-swiper\">\n\t\t\t\t\t<div class=\"elementor-main-swiper swiper\" role=\"region\" aria-roledescription=\"carousel\" aria-label=\"Recenze\">\n\t\t\t\t<div class=\"swiper-wrapper\">\n\t\t\t\t\t\t\t\t\t\t\t<div class=\"swiper-slide\" role=\"group\" aria-roledescription=\"slide\">\n\t\t\t\t\t\t\t\t\t<div class=\"elementor-testimonial elementor-repeater-item-efbdef8\">\n\t\t\t\t\t\t\t<div class=\"elementor-testimonial__header\">\n\t\t\t\t\t\t\t\t\t\t<cite class=\"elementor-testimonial__cite\"><span class=\"elementor-testimonial__name\">Alena Kov\u00e1\u0159ov\u00e1<\/span><div class=\"elementor-star-rating\"><i class=\"elementor-star-full\">&#9733;<\/i><i class=\"elementor-star-full\">&#9733;<\/i><i class=\"elementor-star-full\">&#9733;<\/i><i class=\"elementor-star-full\">&#9733;<\/i><i class=\"elementor-star-full\">&#9733;<\/i><\/div><span class=\"elementor-testimonial__title\">Google<\/span><\/cite>\t\t\t\t\t<div class=\"elementor-testimonial__icon elementor-icon elementor-icon-\" aria-label=\"Read More\"><\/div>\t\t\t\t<\/div>\n\t\t\t\t\t\t\t\t\t\t<div class=\"elementor-testimonial__content\">\n\t\t\t\t\t<div class=\"elementor-testimonial__text\">\n\t\t\t\t\t\tA pleasant and perhaps the only refreshment option at Soutok.\nEven on a&nbsp;Sunday evening, the owners (most likely) very kindly prepared food for us \u2013 an excellent meat strudel with cabbage.\nWe drank Ber\u00e1nek, and the beer was well-poured, even though it's not my favorite brewery.\nEverything was perfect, and I&nbsp;highly recommend it; it's a&nbsp;wonderful place to relax after a&nbsp;hike.\t\t\t\t\t<\/div>\n\t\t\t\t<\/div>\n\t\t\t\t\t<\/div>\n\t\t\t\t\t\t\t\t<\/div>\n\t\t\t\t\t\t\t\t\t\t\t<div class=\"swiper-slide\" role=\"group\" aria-roledescription=\"slide\">\n\t\t\t\t\t\t\t\t\t<div class=\"elementor-testimonial elementor-repeater-item-675b1bf\">\n\t\t\t\t\t\t\t<div class=\"elementor-testimonial__header\">\n\t\t\t\t\t\t\t\t\t\t<cite class=\"elementor-testimonial__cite\"><span class=\"elementor-testimonial__name\">Petra Han\u00e1\u010dkov\u00e1<\/span><div class=\"elementor-star-rating\"><i class=\"elementor-star-full\">&#9733;<\/i><i class=\"elementor-star-full\">&#9733;<\/i><i class=\"elementor-star-full\">&#9733;<\/i><i class=\"elementor-star-full\">&#9733;<\/i><i class=\"elementor-star-full\">&#9733;<\/i><\/div><span class=\"elementor-testimonial__title\">Google<\/span><\/cite>\t\t\t\t\t<div class=\"elementor-testimonial__icon elementor-icon elementor-icon-\" aria-label=\"Read More\"><\/div>\t\t\t\t<\/div>\n\t\t\t\t\t\t\t\t\t\t<div class=\"elementor-testimonial__content\">\n\t\t\t\t\t<div class=\"elementor-testimonial__text\">\n\t\t\t\t\t\tWith my family (2 adults and 1 child), we had the opportunity to spend a&nbsp;few days at Stroodel accommodation at Z\u00e1me\u010dek L\u00e1ny, and we were thrilled. The accommodation was clean, cozy, and pleasantly furnished. We appreciate the individual and very human approach of the staff \u2013 we truly felt welcome.  \n\nThe on-site bistro offers delicious food and pleasant seating. Everything proceeded calmly and comfortably, which is exactly what we were looking for. As a&nbsp;wonderful bonus, we experienced a&nbsp;nighttime visit from fallow deer right by our accommodation \u2013 an unforgettable experience, especially for our child.  \n\nOverall, we highly recommend it; it's an ideal place for families and for those seeking peace and comfort in a&nbsp;beautiful setting with excellent service.\t\t\t\t\t<\/div>\n\t\t\t\t<\/div>\n\t\t\t\t\t<\/div>\n\t\t\t\t\t\t\t\t<\/div>\n\t\t\t\t\t\t\t\t\t\t\t<div class=\"swiper-slide\" role=\"group\" aria-roledescription=\"slide\">\n\t\t\t\t\t\t\t\t\t<div class=\"elementor-testimonial elementor-repeater-item-44746cb\">\n\t\t\t\t\t\t\t<div class=\"elementor-testimonial__header\">\n\t\t\t\t\t\t\t\t\t\t<cite class=\"elementor-testimonial__cite\"><span class=\"elementor-testimonial__name\">Pavel Sl\u00e1ma<\/span><div class=\"elementor-star-rating\"><i class=\"elementor-star-full\">&#9733;<\/i><i class=\"elementor-star-full\">&#9733;<\/i><i class=\"elementor-star-full\">&#9733;<\/i><i class=\"elementor-star-full\">&#9733;<\/i><i class=\"elementor-star-full\">&#9733;<\/i><\/div><span class=\"elementor-testimonial__title\">Google<\/span><\/cite>\t\t\t\t\t<div class=\"elementor-testimonial__icon elementor-icon elementor-icon-\" aria-label=\"Read More\"><\/div>\t\t\t\t<\/div>\n\t\t\t\t\t\t\t\t\t\t<div class=\"elementor-testimonial__content\">\n\t\t\t\t\t<div class=\"elementor-testimonial__text\">\n\t\t\t\t\t\tWe stayed for one night. The service was kind; we even received dinner after the kitchen closed. The environment is unique, and the evening was pleasantly peaceful. The strudels were very good.   \t\t\t\t\t<\/div>\n\t\t\t\t<\/div>\n\t\t\t\t\t<\/div>\n\t\t\t\t\t\t\t\t<\/div>\n\t\t\t\t\t\t\t\t\t\t\t<div class=\"swiper-slide\" role=\"group\" aria-roledescription=\"slide\">\n\t\t\t\t\t\t\t\t\t<div class=\"elementor-testimonial elementor-repeater-item-0555144\">\n\t\t\t\t\t\t\t<div class=\"elementor-testimonial__header\">\n\t\t\t\t\t\t\t\t\t\t<cite class=\"elementor-testimonial__cite\"><span class=\"elementor-testimonial__name\">V\u00edt Hanj\u00edk<\/span><div class=\"elementor-star-rating\"><i class=\"elementor-star-full\">&#9733;<\/i><i class=\"elementor-star-full\">&#9733;<\/i><i class=\"elementor-star-full\">&#9733;<\/i><i class=\"elementor-star-full\">&#9733;<\/i><i class=\"elementor-star-full\">&#9733;<\/i><\/div><span class=\"elementor-testimonial__title\">Google<\/span><\/cite>\t\t\t\t\t<div class=\"elementor-testimonial__icon elementor-icon elementor-icon-\" aria-label=\"Read More\"><\/div>\t\t\t\t<\/div>\n\t\t\t\t\t\t\t\t\t\t<div class=\"elementor-testimonial__content\">\n\t\t\t\t\t<div class=\"elementor-testimonial__text\">\n\t\t\t\t\t\tNew team, great place, great people, great gluten-free strudel \ud83d\udc4c. Everything is better with a&nbsp;smile, and it truly suits them! \t\t\t\t\t<\/div>\n\t\t\t\t<\/div>\n\t\t\t\t\t<\/div>\n\t\t\t\t\t\t\t\t<\/div>\n\t\t\t\t\t\t\t\t\t\t\t<div class=\"swiper-slide\" role=\"group\" aria-roledescription=\"slide\">\n\t\t\t\t\t\t\t\t\t<div class=\"elementor-testimonial elementor-repeater-item-d196532\">\n\t\t\t\t\t\t\t<div class=\"elementor-testimonial__header\">\n\t\t\t\t\t\t\t\t\t\t<cite class=\"elementor-testimonial__cite\"><span class=\"elementor-testimonial__name\">Petra Pe\u0161kov\u00e1<\/span><div class=\"elementor-star-rating\"><i class=\"elementor-star-full\">&#9733;<\/i><i class=\"elementor-star-full\">&#9733;<\/i><i class=\"elementor-star-full\">&#9733;<\/i><i class=\"elementor-star-full\">&#9733;<\/i><i class=\"elementor-star-full\">&#9733;<\/i><\/div><span class=\"elementor-testimonial__title\">Google<\/span><\/cite>\t\t\t\t\t<div class=\"elementor-testimonial__icon elementor-icon elementor-icon-\" aria-label=\"Read More\"><\/div>\t\t\t\t<\/div>\n\t\t\t\t\t\t\t\t\t\t<div class=\"elementor-testimonial__content\">\n\t\t\t\t\t<div class=\"elementor-testimonial__text\">\n\t\t\t\t\t\tStroodel is a&nbsp;great stop during a&nbsp;bike trip. The coffee was amazing, the lemonade chilled, and the beer refreshing. The children had excellent ice cream. The desserts especially caught my attention. They looked wonderful and tasted just as good! For a&nbsp;snack, we had crackling spread with bread.      A&nbsp;view of the peaceful surroundings, meadows as far as the eye can see \u2013 we thoroughly enjoyed it! I&nbsp;can only recommend it!\t\t\t\t\t<\/div>\n\t\t\t\t<\/div>\n\t\t\t\t\t<\/div>\n\t\t\t\t\t\t\t\t<\/div>\n\t\t\t\t\t\t\t\t\t<\/div>\n\t\t\t\t\t\t\t\t\t\t\t\t\t\t\t\t\t\t\t\t<div class=\"swiper-pagination\"><\/div>\n\t\t\t\t\t\t\t\t\t\t\t\t<\/div>\n\t\t\t\t<\/div>\n\t\t\t\t\t\t\t\t<\/div>\n\t\t\t\t<\/div>\n\t\t\t\t\t<\/div>\n\t\t\t\t<\/div>\n\t\t\t\t<\/div>\n\t\t","protected":false},"excerpt":{"rendered":"<p>Unique Culinary Experiences Bistro Stroodel Welcome to our Bistro Stroodel, where you can savor homemade specialties, particularly strudels in various savory and sweet options. Bistro Stroodel Bistro Stroodel is a&nbsp;popular spot for cyclists and all who wish to relax during excursions in the vicinity or while exploring the Lednice-Valtice Cultural Landscape. The bistro is open [&hellip;]<\/p>\n","protected":false},"author":2,"featured_media":0,"parent":2220,"menu_order":0,"comment_status":"closed","ping_status":"closed","template":"","meta":{"footnotes":"","_links_to":"","_links_to_target":""},"class_list":["post-2204","page","type-page","status-publish","hentry"],"_links":{"self":[{"href":"https:\/\/www.zameceklany.cz\/en\/wp-json\/wp\/v2\/pages\/2204","targetHints":{"allow":["GET"]}}],"collection":[{"href":"https:\/\/www.zameceklany.cz\/en\/wp-json\/wp\/v2\/pages"}],"about":[{"href":"https:\/\/www.zameceklany.cz\/en\/wp-json\/wp\/v2\/types\/page"}],"author":[{"embeddable":true,"href":"https:\/\/www.zameceklany.cz\/en\/wp-json\/wp\/v2\/users\/2"}],"replies":[{"embeddable":true,"href":"https:\/\/www.zameceklany.cz\/en\/wp-json\/wp\/v2\/comments?post=2204"}],"version-history":[{"count":3,"href":"https:\/\/www.zameceklany.cz\/en\/wp-json\/wp\/v2\/pages\/2204\/revisions"}],"predecessor-version":[{"id":2490,"href":"https:\/\/www.zameceklany.cz\/en\/wp-json\/wp\/v2\/pages\/2204\/revisions\/2490"}],"up":[{"embeddable":true,"href":"https:\/\/www.zameceklany.cz\/en\/wp-json\/wp\/v2\/pages\/2220"}],"wp:attachment":[{"href":"https:\/\/www.zameceklany.cz\/en\/wp-json\/wp\/v2\/media?parent=2204"}],"curies":[{"name":"wp","href":"https:\/\/api.w.org\/{rel}","templated":true}]}}