{"id":2365,"date":"2025-03-07T13:08:32","date_gmt":"2025-03-07T12:08:32","guid":{"rendered":"https:\/\/www.zameceklany.cz\/gastronomie\/schloss-cafe\/"},"modified":"2025-11-05T14:22:56","modified_gmt":"2025-11-05T13:22:56","slug":"schloss-cafe","status":"publish","type":"page","link":"https:\/\/www.zameceklany.cz\/de\/gastronomie\/schloss-cafe\/","title":{"rendered":"Schloss-Caf\u00e9"},"content":{"rendered":"\t\t<div data-elementor-type=\"wp-page\" data-elementor-id=\"2365\" class=\"elementor elementor-2365 elementor-595\" data-elementor-post-type=\"page\">\n\t\t\t\t<div class=\"elementor-element elementor-element-ddc011d e-flex e-con-boxed e-con e-parent\" data-id=\"ddc011d\" data-element_type=\"container\" data-settings=\"{&quot;background_background&quot;:&quot;classic&quot;}\">\n\t\t\t\t\t<div class=\"e-con-inner\">\n\t\t\t\t<div class=\"elementor-element elementor-element-fae4316 elementor-widget elementor-widget-heading\" data-id=\"fae4316\" data-element_type=\"widget\" data-widget_type=\"heading.default\">\n\t\t\t\t<div class=\"elementor-widget-container\">\n\t\t\t\t\t<p class=\"elementor-heading-title elementor-size-default\">Der Duft von frischem Kaffee<\/p>\t\t\t\t<\/div>\n\t\t\t\t<\/div>\n\t\t\t\t<div class=\"elementor-element elementor-element-291d187 elementor-widget elementor-widget-heading\" data-id=\"291d187\" data-element_type=\"widget\" data-widget_type=\"heading.default\">\n\t\t\t\t<div class=\"elementor-widget-container\">\n\t\t\t\t\t<h1 class=\"elementor-heading-title elementor-size-default\">Schloss-Caf\u00e9\n<\/h1>\t\t\t\t<\/div>\n\t\t\t\t<\/div>\n\t\t\t\t\t<\/div>\n\t\t\t\t<\/div>\n\t\t<div class=\"elementor-element elementor-element-9f6c0ff e-flex e-con-boxed e-con e-parent\" data-id=\"9f6c0ff\" data-element_type=\"container\">\n\t\t\t\t\t<div class=\"e-con-inner\">\n\t\t<div class=\"elementor-element elementor-element-6f95aaf e-con-full e-flex e-con e-child\" data-id=\"6f95aaf\" data-element_type=\"container\">\n\t\t\t\t<div class=\"elementor-element elementor-element-da4e145 elementor-widget elementor-widget-heading\" data-id=\"da4e145\" data-element_type=\"widget\" data-widget_type=\"heading.default\">\n\t\t\t\t<div class=\"elementor-widget-container\">\n\t\t\t\t\t<h2 class=\"elementor-heading-title elementor-size-default\">Im Schloss-Caf\u00e9 k\u00f6nnen Sie ausgezeichneten Kaffee und k\u00f6stliche hausgemachte Desserts genie\u00dfen. Diese ruhige Ecke bietet den perfekten Ort zum Entspannen, wo Sie Momente der Ruhe und eine angenehme Atmosph\u00e4re in historischer Umgebung genie\u00dfen k\u00f6nnen.  <\/h2>\t\t\t\t<\/div>\n\t\t\t\t<\/div>\n\t\t\t\t<\/div>\n\t\t<div class=\"elementor-element elementor-element-f389add e-con-full e-flex e-con e-child\" data-id=\"f389add\" data-element_type=\"container\">\n\t\t\t\t<div class=\"elementor-element elementor-element-498e115 elementor-widget elementor-widget-image\" data-id=\"498e115\" data-element_type=\"widget\" data-widget_type=\"image.default\">\n\t\t\t\t<div class=\"elementor-widget-container\">\n\t\t\t\t\t\t\t\t\t\t\t\t\t\t\t<img fetchpriority=\"high\" decoding=\"async\" width=\"800\" height=\"532\" src=\"https:\/\/www.zameceklany.cz\/wp-content\/uploads\/2025\/04\/jv0-3336-hdr-1024x681.webp\" class=\"attachment-large size-large wp-image-2361\" alt=\"\" srcset=\"https:\/\/www.zameceklany.cz\/wp-content\/uploads\/2025\/04\/jv0-3336-hdr-1024x681.webp 1024w, https:\/\/www.zameceklany.cz\/wp-content\/uploads\/2025\/04\/jv0-3336-hdr-300x200.webp 300w, https:\/\/www.zameceklany.cz\/wp-content\/uploads\/2025\/04\/jv0-3336-hdr-768x511.webp 768w, https:\/\/www.zameceklany.cz\/wp-content\/uploads\/2025\/04\/jv0-3336-hdr-1536x1022.webp 1536w, https:\/\/www.zameceklany.cz\/wp-content\/uploads\/2025\/04\/jv0-3336-hdr.webp 1920w\" sizes=\"(max-width: 800px) 100vw, 800px\" \/>\t\t\t\t\t\t\t\t\t\t\t\t\t\t\t<\/div>\n\t\t\t\t<\/div>\n\t\t\t\t<\/div>\n\t\t\t\t\t<\/div>\n\t\t\t\t<\/div>\n\t\t<div class=\"elementor-element elementor-element-bf38313 e-flex e-con-boxed e-con e-parent\" data-id=\"bf38313\" data-element_type=\"container\" data-settings=\"{&quot;background_background&quot;:&quot;classic&quot;}\">\n\t\t\t\t\t<div class=\"e-con-inner\">\n\t\t<div class=\"elementor-element elementor-element-fb1395a e-con-full e-flex e-con e-child\" data-id=\"fb1395a\" data-element_type=\"container\">\n\t\t\t\t<div class=\"elementor-element elementor-element-72c3686 elementor-widget elementor-widget-image\" data-id=\"72c3686\" data-element_type=\"widget\" data-widget_type=\"image.default\">\n\t\t\t\t<div class=\"elementor-widget-container\">\n\t\t\t\t\t\t\t\t\t\t\t\t\t\t\t<img decoding=\"async\" width=\"681\" height=\"1024\" src=\"https:\/\/www.zameceklany.cz\/wp-content\/uploads\/2025\/04\/jv0-3661-681x1024.webp\" class=\"attachment-large size-large wp-image-2363\" alt=\"\" srcset=\"https:\/\/www.zameceklany.cz\/wp-content\/uploads\/2025\/04\/jv0-3661-681x1024.webp 681w, https:\/\/www.zameceklany.cz\/wp-content\/uploads\/2025\/04\/jv0-3661-200x300.webp 200w, https:\/\/www.zameceklany.cz\/wp-content\/uploads\/2025\/04\/jv0-3661-768x1154.webp 768w, https:\/\/www.zameceklany.cz\/wp-content\/uploads\/2025\/04\/jv0-3661-1022x1536.webp 1022w, https:\/\/www.zameceklany.cz\/wp-content\/uploads\/2025\/04\/jv0-3661-1362x2048.webp 1362w, https:\/\/www.zameceklany.cz\/wp-content\/uploads\/2025\/04\/jv0-3661-scaled.webp 1703w\" sizes=\"(max-width: 681px) 100vw, 681px\" \/>\t\t\t\t\t\t\t\t\t\t\t\t\t\t\t<\/div>\n\t\t\t\t<\/div>\n\t\t\t\t<\/div>\n\t\t<div class=\"elementor-element elementor-element-eb1834c e-con-full e-flex e-con e-child\" data-id=\"eb1834c\" data-element_type=\"container\">\n\t\t\t\t<div class=\"elementor-element elementor-element-385495a elementor-widget elementor-widget-heading\" data-id=\"385495a\" data-element_type=\"widget\" data-widget_type=\"heading.default\">\n\t\t\t\t<div class=\"elementor-widget-container\">\n\t\t\t\t\t<h2 class=\"elementor-heading-title elementor-size-default\">Schloss-Caf\u00e9<\/h2>\t\t\t\t<\/div>\n\t\t\t\t<\/div>\n\t\t\t\t<div class=\"elementor-element elementor-element-6ee26a5 elementor-widget elementor-widget-text-editor\" data-id=\"6ee26a5\" data-element_type=\"widget\" data-widget_type=\"text-editor.default\">\n\t\t\t\t<div class=\"elementor-widget-container\">\n\t\t\t\t\t\t\t\t\t<p>Das Schloss-Caf\u00e9 ist nur f\u00fcr <a href=\"https:\/\/www.zameceklany.cz\/de\/unterkunft\/\">G\u00e4ste<\/a> von Schloss L\u00e1ny oder Besucher mit Reservierung zug\u00e4nglich. Interessenten k\u00f6nnen eine Reservierung einfach telefonisch vereinbaren. <\/p><p>Das Caf\u00e9 bietet ein stilvolles Ambiente, in dem die G\u00e4ste k\u00f6stlichen Kaffee, hausgemachte Desserts und sorgf\u00e4ltig zubereitete leichte Erfrischungen genie\u00dfen k\u00f6nnen. Es ist der ideale Ort f\u00fcr einen entspannten Nachmittag, ein Treffen mit Freunden oder eine ruhige Erholung nach einem Spaziergang durch die Schlossanlage. <\/p><p>Reservierung: <a href=\"tel:+420734639339\">+420&nbsp;734&nbsp;639&nbsp;339<\/a><\/p>\t\t\t\t\t\t\t\t<\/div>\n\t\t\t\t<\/div>\n\t\t\t\t<div class=\"elementor-element elementor-element-f2e3f7f elementor-widget elementor-widget-button\" data-id=\"f2e3f7f\" data-element_type=\"widget\" data-widget_type=\"button.default\">\n\t\t\t\t<div class=\"elementor-widget-container\">\n\t\t\t\t\t\t\t\t\t<div class=\"elementor-button-wrapper\">\n\t\t\t\t\t<a class=\"elementor-button elementor-button-link elementor-size-sm\" href=\"#\">\n\t\t\t\t\t\t<span class=\"elementor-button-content-wrapper\">\n\t\t\t\t\t\t<span class=\"elementor-button-icon\">\n\t\t\t\t<svg aria-hidden=\"true\" class=\"e-font-icon-svg e-fas-file-pdf\" viewBox=\"0 0 384 512\" xmlns=\"http:\/\/www.w3.org\/2000\/svg\"><path d=\"M181.9 256.1c-5-16-4.9-46.9-2-46.9 8.4 0 7.6 36.9 2 46.9zm-1.7 47.2c-7.7 20.2-17.3 43.3-28.4 62.7 18.3-7 39-17.2 62.9-21.9-12.7-9.6-24.9-23.4-34.5-40.8zM86.1 428.1c0 .8 13.2-5.4 34.9-40.2-6.7 6.3-29.1 24.5-34.9 40.2zM248 160h136v328c0 13.3-10.7 24-24 24H24c-13.3 0-24-10.7-24-24V24C0 10.7 10.7 0 24 0h200v136c0 13.2 10.8 24 24 24zm-8 171.8c-20-12.2-33.3-29-42.7-53.8 4.5-18.5 11.6-46.6 6.2-64.2-4.7-29.4-42.4-26.5-47.8-6.8-5 18.3-.4 44.1 8.1 77-11.6 27.6-28.7 64.6-40.8 85.8-.1 0-.1.1-.2.1-27.1 13.9-73.6 44.5-54.5 68 5.6 6.9 16 10 21.5 10 17.9 0 35.7-18 61.1-61.8 25.8-8.5 54.1-19.1 79-23.2 21.7 11.8 47.1 19.5 64 19.5 29.2 0 31.2-32 19.7-43.4-13.9-13.6-54.3-9.7-73.6-7.2zM377 105L279 7c-4.5-4.5-10.6-7-17-7h-6v128h128v-6.1c0-6.3-2.5-12.4-7-16.9zm-74.1 255.3c4.1-2.7-2.5-11.9-42.8-9 37.1 15.8 42.8 9 42.8 9z\"><\/path><\/svg>\t\t\t<\/span>\n\t\t\t\t\t\t\t\t\t<span class=\"elementor-button-text\">Getr\u00e4nkekarte<\/span>\n\t\t\t\t\t<\/span>\n\t\t\t\t\t<\/a>\n\t\t\t\t<\/div>\n\t\t\t\t\t\t\t\t<\/div>\n\t\t\t\t<\/div>\n\t\t\t\t<\/div>\n\t\t\t\t\t<\/div>\n\t\t\t\t<\/div>\n\t\t<div class=\"elementor-element elementor-element-49dd2d0 e-flex e-con-boxed e-con e-parent\" data-id=\"49dd2d0\" data-element_type=\"container\" data-settings=\"{&quot;background_background&quot;:&quot;classic&quot;}\">\n\t\t\t\t\t<div class=\"e-con-inner\">\n\t\t<div class=\"elementor-element elementor-element-eeca004 e-con-full e-flex e-con e-child\" data-id=\"eeca004\" data-element_type=\"container\">\n\t\t\t\t<div class=\"elementor-element elementor-element-aeeb5c1 elementor-widget elementor-widget-heading\" data-id=\"aeeb5c1\" data-element_type=\"widget\" data-widget_type=\"heading.default\">\n\t\t\t\t<div class=\"elementor-widget-container\">\n\t\t\t\t\t<h2 class=\"elementor-heading-title elementor-size-default\">Kulinarische Erlebnisse nach Ma\u00df<\/h2>\t\t\t\t<\/div>\n\t\t\t\t<\/div>\n\t\t\t\t<div class=\"elementor-element elementor-element-f574bf6 elementor-widget elementor-widget-text-editor\" data-id=\"f574bf6\" data-element_type=\"widget\" data-widget_type=\"text-editor.default\">\n\t\t\t\t<div class=\"elementor-widget-container\">\n\t\t\t\t\t\t\t\t\t<p>Im Rahmen unserer \u201eKulinarischen Erlebnisse nach Ma\u00df\u201c bieten wir die M\u00f6glichkeit, ein privates Abendessen im Schloss zu reservieren, das sich ideal f\u00fcr romantische Momente und gr\u00f6\u00dfere Gruppen eignet. Unsere K\u00fcche bereitet exklusive Men\u00fcs nach Ihren W\u00fcnschen zu, egal ob Sie eine Feier, eine <a href=\"https:\/\/www.zameceklany.cz\/de\/schlossvermietung\/\">Firmenveranstaltung<\/a> oder ein Familientreffen planen. Genie\u00dfen Sie die einzigartige Atmosph\u00e4re des Schlosses und den erstklassigen Service, der jeden Moment zu einem unvergesslichen Erlebnis macht.  <\/p><p>Reservierung: <a href=\"tel:+420734639339\">+420&nbsp;734&nbsp;639&nbsp;339<\/a><\/p>\t\t\t\t\t\t\t\t<\/div>\n\t\t\t\t<\/div>\n\t\t\t\t<\/div>\n\t\t<div class=\"elementor-element elementor-element-87caea2 e-con-full e-flex e-con e-child\" data-id=\"87caea2\" data-element_type=\"container\">\n\t\t\t\t<div class=\"elementor-element elementor-element-a7f69c8 elementor-widget elementor-widget-image\" data-id=\"a7f69c8\" data-element_type=\"widget\" data-widget_type=\"image.default\">\n\t\t\t\t<div class=\"elementor-widget-container\">\n\t\t\t\t\t\t\t\t\t\t\t\t\t\t\t<img decoding=\"async\" width=\"800\" height=\"532\" src=\"https:\/\/www.zameceklany.cz\/wp-content\/uploads\/2025\/04\/jv0-3348-hdr-1-1024x681.webp\" class=\"attachment-large size-large wp-image-2362\" alt=\"\" srcset=\"https:\/\/www.zameceklany.cz\/wp-content\/uploads\/2025\/04\/jv0-3348-hdr-1-1024x681.webp 1024w, https:\/\/www.zameceklany.cz\/wp-content\/uploads\/2025\/04\/jv0-3348-hdr-1-300x200.webp 300w, https:\/\/www.zameceklany.cz\/wp-content\/uploads\/2025\/04\/jv0-3348-hdr-1-768x511.webp 768w, https:\/\/www.zameceklany.cz\/wp-content\/uploads\/2025\/04\/jv0-3348-hdr-1-1536x1022.webp 1536w, https:\/\/www.zameceklany.cz\/wp-content\/uploads\/2025\/04\/jv0-3348-hdr-1.webp 1920w\" sizes=\"(max-width: 800px) 100vw, 800px\" \/>\t\t\t\t\t\t\t\t\t\t\t\t\t\t\t<\/div>\n\t\t\t\t<\/div>\n\t\t\t\t<\/div>\n\t\t\t\t\t<\/div>\n\t\t\t\t<\/div>\n\t\t\t\t<\/div>\n\t\t","protected":false},"excerpt":{"rendered":"<p>Der Duft von frischem Kaffee Schloss-Caf\u00e9 Im Schloss-Caf\u00e9 k\u00f6nnen Sie ausgezeichneten Kaffee und k\u00f6stliche hausgemachte Desserts genie\u00dfen. Diese ruhige Ecke bietet den perfekten Ort zum Entspannen, wo Sie Momente der Ruhe und eine angenehme Atmosph\u00e4re in historischer Umgebung genie\u00dfen k\u00f6nnen. Schloss-Caf\u00e9 Das Schloss-Caf\u00e9 ist nur f\u00fcr G\u00e4ste von Schloss L\u00e1ny oder Besucher mit Reservierung zug\u00e4nglich. [&hellip;]<\/p>\n","protected":false},"author":2,"featured_media":0,"parent":2360,"menu_order":0,"comment_status":"closed","ping_status":"closed","template":"","meta":{"footnotes":"","_links_to":"","_links_to_target":""},"class_list":["post-2365","page","type-page","status-publish","hentry"],"_links":{"self":[{"href":"https:\/\/www.zameceklany.cz\/de\/wp-json\/wp\/v2\/pages\/2365","targetHints":{"allow":["GET"]}}],"collection":[{"href":"https:\/\/www.zameceklany.cz\/de\/wp-json\/wp\/v2\/pages"}],"about":[{"href":"https:\/\/www.zameceklany.cz\/de\/wp-json\/wp\/v2\/types\/page"}],"author":[{"embeddable":true,"href":"https:\/\/www.zameceklany.cz\/de\/wp-json\/wp\/v2\/users\/2"}],"replies":[{"embeddable":true,"href":"https:\/\/www.zameceklany.cz\/de\/wp-json\/wp\/v2\/comments?post=2365"}],"version-history":[{"count":3,"href":"https:\/\/www.zameceklany.cz\/de\/wp-json\/wp\/v2\/pages\/2365\/revisions"}],"predecessor-version":[{"id":2588,"href":"https:\/\/www.zameceklany.cz\/de\/wp-json\/wp\/v2\/pages\/2365\/revisions\/2588"}],"up":[{"embeddable":true,"href":"https:\/\/www.zameceklany.cz\/de\/wp-json\/wp\/v2\/pages\/2360"}],"wp:attachment":[{"href":"https:\/\/www.zameceklany.cz\/de\/wp-json\/wp\/v2\/media?parent=2365"}],"curies":[{"name":"wp","href":"https:\/\/api.w.org\/{rel}","templated":true}]}}