{"id":2360,"date":"2025-03-07T13:07:59","date_gmt":"2025-03-07T12:07:59","guid":{"rendered":"https:\/\/www.zameceklany.cz\/gastronomie\/"},"modified":"2025-11-05T14:20:11","modified_gmt":"2025-11-05T13:20:11","slug":"gastronomie","status":"publish","type":"page","link":"https:\/\/www.zameceklany.cz\/de\/gastronomie\/","title":{"rendered":"Gastronomie"},"content":{"rendered":"\t\t<div data-elementor-type=\"wp-page\" data-elementor-id=\"2360\" class=\"elementor elementor-2360 elementor-592\" data-elementor-post-type=\"page\">\n\t\t\t\t<div class=\"elementor-element elementor-element-ddc011d e-flex e-con-boxed e-con e-parent\" data-id=\"ddc011d\" data-element_type=\"container\" data-settings=\"{&quot;background_background&quot;:&quot;classic&quot;}\">\n\t\t\t\t\t<div class=\"e-con-inner\">\n\t\t\t\t<div class=\"elementor-element elementor-element-fae4316 elementor-widget elementor-widget-heading\" data-id=\"fae4316\" data-element_type=\"widget\" data-widget_type=\"heading.default\">\n\t\t\t\t<div class=\"elementor-widget-container\">\n\t\t\t\t\t<p class=\"elementor-heading-title elementor-size-default\">Einzigartige kulinarische Erlebnisse<\/p>\t\t\t\t<\/div>\n\t\t\t\t<\/div>\n\t\t\t\t<div class=\"elementor-element elementor-element-291d187 elementor-widget elementor-widget-heading\" data-id=\"291d187\" data-element_type=\"widget\" data-widget_type=\"heading.default\">\n\t\t\t\t<div class=\"elementor-widget-container\">\n\t\t\t\t\t<h1 class=\"elementor-heading-title elementor-size-default\">Bistro Stroodel und Schlosscaf\u00e9\n<\/h1>\t\t\t\t<\/div>\n\t\t\t\t<\/div>\n\t\t\t\t\t<\/div>\n\t\t\t\t<\/div>\n\t\t<div class=\"elementor-element elementor-element-af0adca e-flex e-con-boxed e-con e-parent\" data-id=\"af0adca\" data-element_type=\"container\" data-settings=\"{&quot;background_background&quot;:&quot;classic&quot;}\">\n\t\t\t\t\t<div class=\"e-con-inner\">\n\t\t\t\t<div class=\"elementor-element elementor-element-1adb174 elementor-widget elementor-widget-text-editor\" data-id=\"1adb174\" data-element_type=\"widget\" data-widget_type=\"text-editor.default\">\n\t\t\t\t<div class=\"elementor-widget-container\">\n\t\t\t\t\t\t\t\t\t<p>Willkommen in unserem <a href=\"https:\/\/www.zameceklany.cz\/de\/gastronomie\/bistro-stroodel\/\">Bistro Stroodel<\/a> und <a href=\"https:\/\/www.zameceklany.cz\/de\/gastronomie\/schloss-cafe\/\">Schlosscaf\u00e9<\/a>, wo Sie einzigartige kulinarische Erlebnisse in historischem Ambiente genie\u00dfen k\u00f6nnen, erg\u00e4nzt durch den Duft von frischem Kaffee und k\u00f6stlichen Desserts.<\/p>\t\t\t\t\t\t\t\t<\/div>\n\t\t\t\t<\/div>\n\t\t\t\t\t<\/div>\n\t\t\t\t<\/div>\n\t\t<div class=\"elementor-element elementor-element-468a802 e-grid e-con-boxed e-con e-parent\" data-id=\"468a802\" data-element_type=\"container\" data-settings=\"{&quot;background_background&quot;:&quot;classic&quot;}\">\n\t\t\t\t\t<div class=\"e-con-inner\">\n\t\t\t\t<div class=\"elementor-element elementor-element-f6e8f52 elementor-cta--valign-middle elementor-cta--skin-classic elementor-animated-content elementor-bg-transform elementor-bg-transform-zoom-in elementor-widget elementor-widget-call-to-action\" data-id=\"f6e8f52\" data-element_type=\"widget\" data-widget_type=\"call-to-action.default\">\n\t\t\t\t<div class=\"elementor-widget-container\">\n\t\t\t\t\t\t\t<a class=\"elementor-cta\" href=\"https:\/\/www.zameceklany.cz\/de\/gastronomie\/bistro-stroodel\/\">\n\t\t\t\t\t<div class=\"elementor-cta__bg-wrapper\">\n\t\t\t\t<div class=\"elementor-cta__bg elementor-bg\" style=\"background-image: url(https:\/\/www.zameceklany.cz\/wp-content\/uploads\/2025\/04\/jv0-9427-hdr-1024x682.webp);\" role=\"img\" aria-label=\"JV0_9427-HDR\"><\/div>\n\t\t\t\t<div class=\"elementor-cta__bg-overlay\"><\/div>\n\t\t\t<\/div>\n\t\t\t\t\t\t\t<div class=\"elementor-cta__content\">\n\t\t\t\t\n\t\t\t\t\t\t\t\t\t<h3 class=\"elementor-cta__title elementor-cta__content-item elementor-content-item\">\n\t\t\t\t\t\tBistro Stroodel\t\t\t\t\t<\/h3>\n\t\t\t\t\n\t\t\t\t\n\t\t\t\t\t\t\t<\/div>\n\t\t\t\t\t\t<\/a>\n\t\t\t\t\t\t<\/div>\n\t\t\t\t<\/div>\n\t\t\t\t<div class=\"elementor-element elementor-element-8b01747 elementor-cta--valign-middle elementor-cta--skin-classic elementor-animated-content elementor-bg-transform elementor-bg-transform-zoom-in elementor-widget elementor-widget-call-to-action\" data-id=\"8b01747\" data-element_type=\"widget\" data-widget_type=\"call-to-action.default\">\n\t\t\t\t<div class=\"elementor-widget-container\">\n\t\t\t\t\t\t\t<a class=\"elementor-cta\" href=\"https:\/\/www.zameceklany.cz\/de\/gastronomie\/schloss-cafe\/\">\n\t\t\t\t\t<div class=\"elementor-cta__bg-wrapper\">\n\t\t\t\t<div class=\"elementor-cta__bg elementor-bg\" style=\"background-image: url(https:\/\/www.zameceklany.cz\/wp-content\/uploads\/2025\/04\/jv0-3348-hdr-1-1024x681.webp);\" role=\"img\" aria-label=\"JV0_3348-HDR\"><\/div>\n\t\t\t\t<div class=\"elementor-cta__bg-overlay\"><\/div>\n\t\t\t<\/div>\n\t\t\t\t\t\t\t<div class=\"elementor-cta__content\">\n\t\t\t\t\n\t\t\t\t\t\t\t\t\t<h3 class=\"elementor-cta__title elementor-cta__content-item elementor-content-item\">\n\t\t\t\t\t\tSchlosscaf\u00e9\t\t\t\t\t<\/h3>\n\t\t\t\t\n\t\t\t\t\n\t\t\t\t\t\t\t<\/div>\n\t\t\t\t\t\t<\/a>\n\t\t\t\t\t\t<\/div>\n\t\t\t\t<\/div>\n\t\t\t\t\t<\/div>\n\t\t\t\t<\/div>\n\t\t\t\t<\/div>\n\t\t","protected":false},"excerpt":{"rendered":"<p>Einzigartige kulinarische Erlebnisse Bistro Stroodel und Schlosscaf\u00e9 Willkommen in unserem Bistro Stroodel und Schlosscaf\u00e9, wo Sie einzigartige kulinarische Erlebnisse in historischem Ambiente genie\u00dfen k\u00f6nnen, erg\u00e4nzt durch den Duft von frischem Kaffee und k\u00f6stlichen Desserts. Bistro Stroodel Schlosscaf\u00e9<\/p>\n","protected":false},"author":2,"featured_media":0,"parent":0,"menu_order":0,"comment_status":"closed","ping_status":"closed","template":"","meta":{"footnotes":"","_links_to":"","_links_to_target":""},"class_list":["post-2360","page","type-page","status-publish","hentry"],"_links":{"self":[{"href":"https:\/\/www.zameceklany.cz\/de\/wp-json\/wp\/v2\/pages\/2360","targetHints":{"allow":["GET"]}}],"collection":[{"href":"https:\/\/www.zameceklany.cz\/de\/wp-json\/wp\/v2\/pages"}],"about":[{"href":"https:\/\/www.zameceklany.cz\/de\/wp-json\/wp\/v2\/types\/page"}],"author":[{"embeddable":true,"href":"https:\/\/www.zameceklany.cz\/de\/wp-json\/wp\/v2\/users\/2"}],"replies":[{"embeddable":true,"href":"https:\/\/www.zameceklany.cz\/de\/wp-json\/wp\/v2\/comments?post=2360"}],"version-history":[{"count":3,"href":"https:\/\/www.zameceklany.cz\/de\/wp-json\/wp\/v2\/pages\/2360\/revisions"}],"predecessor-version":[{"id":2584,"href":"https:\/\/www.zameceklany.cz\/de\/wp-json\/wp\/v2\/pages\/2360\/revisions\/2584"}],"wp:attachment":[{"href":"https:\/\/www.zameceklany.cz\/de\/wp-json\/wp\/v2\/media?parent=2360"}],"curies":[{"name":"wp","href":"https:\/\/api.w.org\/{rel}","templated":true}]}}