{"id":2238,"date":"2025-03-07T13:10:16","date_gmt":"2025-03-07T12:10:16","guid":{"rendered":"https:\/\/www.zameceklany.cz\/aktivitaeten-in-der-umgebung-des-schloesschens\/jagd\/"},"modified":"2025-11-05T14:29:43","modified_gmt":"2025-11-05T13:29:43","slug":"jagd","status":"publish","type":"page","link":"https:\/\/www.zameceklany.cz\/de\/aktivitaeten-in-der-umgebung-des-schloesschens\/jagd\/","title":{"rendered":"Jagd"},"content":{"rendered":"\t\t<div data-elementor-type=\"wp-page\" data-elementor-id=\"2238\" class=\"elementor elementor-2238 elementor-601\" data-elementor-post-type=\"page\">\n\t\t\t\t<div class=\"elementor-element elementor-element-59b21ff e-flex e-con-boxed e-con e-parent\" data-id=\"59b21ff\" data-element_type=\"container\" data-settings=\"{&quot;background_background&quot;:&quot;classic&quot;}\">\n\t\t\t\t\t<div class=\"e-con-inner\">\n\t\t\t\t<div class=\"elementor-element elementor-element-efd283e elementor-widget elementor-widget-heading\" data-id=\"efd283e\" data-element_type=\"widget\" data-widget_type=\"heading.default\">\n\t\t\t\t<div class=\"elementor-widget-container\">\n\t\t\t\t\t<p class=\"elementor-heading-title elementor-size-default\">Kommen Sie zur Entspannung.<\/p>\t\t\t\t<\/div>\n\t\t\t\t<\/div>\n\t\t\t\t<div class=\"elementor-element elementor-element-d75ad8c elementor-widget elementor-widget-heading\" data-id=\"d75ad8c\" data-element_type=\"widget\" data-widget_type=\"heading.default\">\n\t\t\t\t<div class=\"elementor-widget-container\">\n\t\t\t\t\t<h1 class=\"elementor-heading-title elementor-size-default\">Jagd<\/h1>\t\t\t\t<\/div>\n\t\t\t\t<\/div>\n\t\t\t\t\t<\/div>\n\t\t\t\t<\/div>\n\t\t<div class=\"elementor-element elementor-element-85f5557 e-flex e-con-boxed e-con e-parent\" data-id=\"85f5557\" data-element_type=\"container\" id=\"vice\" data-settings=\"{&quot;background_background&quot;:&quot;classic&quot;}\">\n\t\t\t\t\t<div class=\"e-con-inner\">\n\t\t<div class=\"elementor-element elementor-element-6739ebf e-con-full e-flex e-con e-child\" data-id=\"6739ebf\" data-element_type=\"container\">\n\t\t\t\t<div class=\"elementor-element elementor-element-cb879a5 elementor-widget elementor-widget-heading\" data-id=\"cb879a5\" data-element_type=\"widget\" data-widget_type=\"heading.default\">\n\t\t\t\t<div class=\"elementor-widget-container\">\n\t\t\t\t\t<h3 class=\"elementor-heading-title elementor-size-default\">W\u00e4lder, Wiesen, viel Wild... Einfach ein Paradies f\u00fcr J\u00e4ger.<\/h3>\t\t\t\t<\/div>\n\t\t\t\t<\/div>\n\t\t\t\t<div class=\"elementor-element elementor-element-7bcd18f elementor-widget elementor-widget-text-editor\" data-id=\"7bcd18f\" data-element_type=\"widget\" data-widget_type=\"text-editor.default\">\n\t\t\t\t<div class=\"elementor-widget-container\">\n\t\t\t\t\t\t\t\t\t<p>W\u00e4lder, Wiesen, viel Wild&#8230; Einfach ein Paradies f\u00fcr J\u00e4ger.<\/p><p>Der Z\u00e1me\u010dek L\u00e1ny war <a href=\"https:\/\/www.zameceklany.cz\/de\/ueber-das-schloesschen\/geschichte-des-schloesschens\/\">historisch<\/a> gesehen vor allem ein Jagdschloss. Dieser untrennbare Teil der Geschichte des Schlosses kann auch Teil m\u00f6glicher <a href=\"https:\/\/www.zameceklany.cz\/de\/aktivitaeten-in-der-umgebung-des-schloesschens\/\">Aktivit\u00e4ten<\/a> sein, die mit einem <a href=\"https:\/\/www.zameceklany.cz\/de\/unterkunft\/\">Aufenthalt<\/a> oder Besuch bei uns verbunden sind. <\/p><p>In Zusammenarbeit mit den \u00f6rtlichen Jagdvereinen und der tschechischen Forstverwaltung bieten wir die M\u00f6glichkeit, eine Jagd zu organisieren, die wir auch mit Wildgerichten in unserer <a href=\"https:\/\/www.zameceklany.cz\/de\/unterkunft\/dependance-stroodel\/\">Pension Stroodel<\/a> verbinden k\u00f6nnen.<\/p>\t\t\t\t\t\t\t\t<\/div>\n\t\t\t\t<\/div>\n\t\t\t\t<div class=\"elementor-element elementor-element-4c6f097 elementor-widget elementor-widget-button\" data-id=\"4c6f097\" data-element_type=\"widget\" data-widget_type=\"button.default\">\n\t\t\t\t<div class=\"elementor-widget-container\">\n\t\t\t\t\t\t\t\t\t<div class=\"elementor-button-wrapper\">\n\t\t\t\t\t<a class=\"elementor-button elementor-button-link elementor-size-sm\" href=\"https:\/\/www.zameceklany.cz\/de\/kontakt\/\">\n\t\t\t\t\t\t<span class=\"elementor-button-content-wrapper\">\n\t\t\t\t\t\t\t\t\t<span class=\"elementor-button-text\">Kontaktieren Sie uns f\u00fcr weitere Details.<\/span>\n\t\t\t\t\t<\/span>\n\t\t\t\t\t<\/a>\n\t\t\t\t<\/div>\n\t\t\t\t\t\t\t\t<\/div>\n\t\t\t\t<\/div>\n\t\t\t\t<\/div>\n\t\t<div class=\"elementor-element elementor-element-7101c3b e-con-full e-flex e-con e-child\" data-id=\"7101c3b\" data-element_type=\"container\">\n\t\t\t\t<div class=\"elementor-element elementor-element-8445c34 elementor-widget elementor-widget-image\" data-id=\"8445c34\" data-element_type=\"widget\" data-widget_type=\"image.default\">\n\t\t\t\t<div class=\"elementor-widget-container\">\n\t\t\t\t\t\t\t\t\t\t\t\t\t\t\t<img fetchpriority=\"high\" decoding=\"async\" width=\"550\" height=\"400\" src=\"https:\/\/www.zameceklany.cz\/wp-content\/uploads\/2025\/03\/aktivity-myslivost-03.webp\" class=\"attachment-large size-large wp-image-2239\" alt=\"\" srcset=\"https:\/\/www.zameceklany.cz\/wp-content\/uploads\/2025\/03\/aktivity-myslivost-03.webp 550w, https:\/\/www.zameceklany.cz\/wp-content\/uploads\/2025\/03\/aktivity-myslivost-03-300x218.webp 300w\" sizes=\"(max-width: 550px) 100vw, 550px\" \/>\t\t\t\t\t\t\t\t\t\t\t\t\t\t\t<\/div>\n\t\t\t\t<\/div>\n\t\t\t\t<\/div>\n\t\t\t\t\t<\/div>\n\t\t\t\t<\/div>\n\t\t\t\t<\/div>\n\t\t","protected":false},"excerpt":{"rendered":"<p>Kommen Sie zur Entspannung. Jagd W\u00e4lder, Wiesen, viel Wild&#8230; Einfach ein Paradies f\u00fcr J\u00e4ger. W\u00e4lder, Wiesen, viel Wild&#8230; Einfach ein Paradies f\u00fcr J\u00e4ger. Der Z\u00e1me\u010dek L\u00e1ny war historisch gesehen vor allem ein Jagdschloss. Dieser untrennbare Teil der Geschichte des Schlosses kann auch Teil m\u00f6glicher Aktivit\u00e4ten sein, die mit einem Aufenthalt oder Besuch bei uns verbunden [&hellip;]<\/p>\n","protected":false},"author":2,"featured_media":0,"parent":1911,"menu_order":0,"comment_status":"closed","ping_status":"closed","template":"elementor_header_footer","meta":{"footnotes":"","_links_to":"","_links_to_target":""},"class_list":["post-2238","page","type-page","status-publish","hentry"],"_links":{"self":[{"href":"https:\/\/www.zameceklany.cz\/de\/wp-json\/wp\/v2\/pages\/2238","targetHints":{"allow":["GET"]}}],"collection":[{"href":"https:\/\/www.zameceklany.cz\/de\/wp-json\/wp\/v2\/pages"}],"about":[{"href":"https:\/\/www.zameceklany.cz\/de\/wp-json\/wp\/v2\/types\/page"}],"author":[{"embeddable":true,"href":"https:\/\/www.zameceklany.cz\/de\/wp-json\/wp\/v2\/users\/2"}],"replies":[{"embeddable":true,"href":"https:\/\/www.zameceklany.cz\/de\/wp-json\/wp\/v2\/comments?post=2238"}],"version-history":[{"count":3,"href":"https:\/\/www.zameceklany.cz\/de\/wp-json\/wp\/v2\/pages\/2238\/revisions"}],"predecessor-version":[{"id":2596,"href":"https:\/\/www.zameceklany.cz\/de\/wp-json\/wp\/v2\/pages\/2238\/revisions\/2596"}],"up":[{"embeddable":true,"href":"https:\/\/www.zameceklany.cz\/de\/wp-json\/wp\/v2\/pages\/1911"}],"wp:attachment":[{"href":"https:\/\/www.zameceklany.cz\/de\/wp-json\/wp\/v2\/media?parent=2238"}],"curies":[{"name":"wp","href":"https:\/\/api.w.org\/{rel}","templated":true}]}}