{"id":2227,"date":"2025-03-07T13:09:58","date_gmt":"2025-03-07T12:09:58","guid":{"rendered":"https:\/\/www.zameceklany.cz\/aktivitaeten-in-der-umgebung-des-schloesschens\/ausfluege-in-die-umgebung\/"},"modified":"2025-11-03T19:25:48","modified_gmt":"2025-11-03T18:25:48","slug":"ausfluege-in-die-umgebung","status":"publish","type":"page","link":"https:\/\/www.zameceklany.cz\/de\/aktivitaeten-in-der-umgebung-des-schloesschens\/ausfluege-in-die-umgebung\/","title":{"rendered":"Ausfl\u00fcge in die Umgebung"},"content":{"rendered":"\t\t<div data-elementor-type=\"wp-page\" data-elementor-id=\"2227\" class=\"elementor elementor-2227 elementor-599\" data-elementor-post-type=\"page\">\n\t\t\t\t<div class=\"elementor-element elementor-element-59b21ff e-flex e-con-boxed e-con e-parent\" data-id=\"59b21ff\" data-element_type=\"container\" data-settings=\"{&quot;background_background&quot;:&quot;classic&quot;}\">\n\t\t\t\t\t<div class=\"e-con-inner\">\n\t\t\t\t<div class=\"elementor-element elementor-element-efd283e elementor-widget elementor-widget-heading\" data-id=\"efd283e\" data-element_type=\"widget\" data-widget_type=\"heading.default\">\n\t\t\t\t<div class=\"elementor-widget-container\">\n\t\t\t\t\t<p class=\"elementor-heading-title elementor-size-default\">Kommen Sie zur Entspannung.<\/p>\t\t\t\t<\/div>\n\t\t\t\t<\/div>\n\t\t\t\t<div class=\"elementor-element elementor-element-d75ad8c elementor-widget elementor-widget-heading\" data-id=\"d75ad8c\" data-element_type=\"widget\" data-widget_type=\"heading.default\">\n\t\t\t\t<div class=\"elementor-widget-container\">\n\t\t\t\t\t<h1 class=\"elementor-heading-title elementor-size-default\">Ausfl\u00fcge in die Umgebung<\/h1>\t\t\t\t<\/div>\n\t\t\t\t<\/div>\n\t\t\t\t\t<\/div>\n\t\t\t\t<\/div>\n\t\t<div class=\"elementor-element elementor-element-85f5557 e-flex e-con-boxed e-con e-parent\" data-id=\"85f5557\" data-element_type=\"container\" id=\"vice\" data-settings=\"{&quot;background_background&quot;:&quot;classic&quot;}\">\n\t\t\t\t\t<div class=\"e-con-inner\">\n\t\t<div class=\"elementor-element elementor-element-6739ebf e-con-full e-flex e-con e-child\" data-id=\"6739ebf\" data-element_type=\"container\">\n\t\t\t\t<div class=\"elementor-element elementor-element-cb879a5 elementor-widget elementor-widget-heading\" data-id=\"cb879a5\" data-element_type=\"widget\" data-widget_type=\"heading.default\">\n\t\t\t\t<div class=\"elementor-widget-container\">\n\t\t\t\t\t<h3 class=\"elementor-heading-title elementor-size-default\">Die Umgebung des Schl\u00f6sschens L\u00e1ny besticht durch ihre einzigartige Lage, die es Ihnen erm\u00f6glicht, an einem einzigen Tag touristische Ziele in gleich drei Staaten zu besuchen!<\/h3>\t\t\t\t<\/div>\n\t\t\t\t<\/div>\n\t\t\t\t<div class=\"elementor-element elementor-element-7bcd18f elementor-widget elementor-widget-text-editor\" data-id=\"7bcd18f\" data-element_type=\"widget\" data-widget_type=\"text-editor.default\">\n\t\t\t\t<div class=\"elementor-widget-container\">\n\t\t\t\t\t\t\t\t\t<p>Im Norden nach M\u00e4hren, im Westen \u00d6sterreich, im Osten die Slowakei. Und es gibt immer noch viel zu entdecken! <\/p><p>Ja, Sie k\u00f6nnen in die Slowakei fahren, Sie k\u00f6nnen leicht nach \u00d6sterreich gelangen, aber wenn Sie diesen Winkel S\u00fcdm\u00e4hrens erkunden, garantieren wir Ihnen, dass Ihnen keine Zeit f\u00fcr andere Gebiete bleibt.<\/p><p>Wir pr\u00e4sentieren Ihnen nur eine kleine Auswahl an Ausflugszielen, sowohl zu Fu\u00df, mit dem <a href=\"https:\/\/www.zameceklany.cz\/de\/aktivitaeten-in-der-umgebung-des-schloesschens\/radfahren\/\">Fahrrad<\/a> als auch mit dem Auto.<\/p>\t\t\t\t\t\t\t\t<\/div>\n\t\t\t\t<\/div>\n\t\t\t\t<\/div>\n\t\t<div class=\"elementor-element elementor-element-7101c3b e-con-full e-flex e-con e-child\" data-id=\"7101c3b\" data-element_type=\"container\">\n\t\t\t\t<div class=\"elementor-element elementor-element-8445c34 elementor-widget elementor-widget-image\" data-id=\"8445c34\" data-element_type=\"widget\" data-widget_type=\"image.default\">\n\t\t\t\t<div class=\"elementor-widget-container\">\n\t\t\t\t\t\t\t\t\t\t\t\t\t\t\t<img fetchpriority=\"high\" decoding=\"async\" width=\"550\" height=\"400\" src=\"https:\/\/www.zameceklany.cz\/wp-content\/uploads\/2025\/03\/vylety-po-okoli.webp\" class=\"attachment-large size-large wp-image-2233\" alt=\"\" srcset=\"https:\/\/www.zameceklany.cz\/wp-content\/uploads\/2025\/03\/vylety-po-okoli.webp 550w, https:\/\/www.zameceklany.cz\/wp-content\/uploads\/2025\/03\/vylety-po-okoli-300x218.webp 300w\" sizes=\"(max-width: 550px) 100vw, 550px\" \/>\t\t\t\t\t\t\t\t\t\t\t\t\t\t\t<\/div>\n\t\t\t\t<\/div>\n\t\t\t\t<\/div>\n\t\t\t\t\t<\/div>\n\t\t\t\t<\/div>\n\t\t<div class=\"elementor-element elementor-element-47f486e e-grid e-con-boxed e-con e-parent\" data-id=\"47f486e\" data-element_type=\"container\" data-settings=\"{&quot;background_background&quot;:&quot;classic&quot;}\">\n\t\t\t\t\t<div class=\"e-con-inner\">\n\t\t\t\t<div class=\"elementor-element elementor-element-5290b94 elementor-cta--valign-middle elementor-cta--skin-classic elementor-animated-content elementor-bg-transform elementor-bg-transform-zoom-in elementor-widget elementor-widget-call-to-action\" data-id=\"5290b94\" data-element_type=\"widget\" data-widget_type=\"call-to-action.default\">\n\t\t\t\t<div class=\"elementor-widget-container\">\n\t\t\t\t\t\t\t<div class=\"elementor-cta\">\n\t\t\t\t\t<div class=\"elementor-cta__bg-wrapper\">\n\t\t\t\t<div class=\"elementor-cta__bg elementor-bg\" style=\"background-image: url(https:\/\/www.zameceklany.cz\/wp-content\/uploads\/2025\/04\/lednicko-valticky-areal-1024x724.webp);\" role=\"img\" aria-label=\"Park von Lednice-Valtice\"><\/div>\n\t\t\t\t<div class=\"elementor-cta__bg-overlay\"><\/div>\n\t\t\t<\/div>\n\t\t\t\t\t\t\t<div class=\"elementor-cta__content\">\n\t\t\t\t\n\t\t\t\t\t\t\t\t\t<h3 class=\"elementor-cta__title elementor-cta__content-item elementor-content-item\">\n\t\t\t\t\t\tLednice-Valtice Areal\t\t\t\t\t<\/h3>\n\t\t\t\t\n\t\t\t\t\t\t\t\t\t<div class=\"elementor-cta__description elementor-cta__content-item elementor-content-item\">\n\t\t\t\t\t\tEntdecken Sie einzigartige Denkm\u00e4ler und die Sch\u00f6nheit in einem der sch\u00f6nsten Areale in Tschechien. Das Lednice-Valtice Areal bietet zudem eine Vielzahl an Naturerlebnissen und Freizeitaktivit\u00e4ten. \n\t\t\t\t\t<\/div>\n\t\t\t\t\n\t\t\t\t\t\t\t\t\t<div class=\"elementor-cta__button-wrapper elementor-cta__content-item elementor-content-item \">\n\t\t\t\t\t<a class=\"elementor-cta__button elementor-button elementor-size-\" href=\"https:\/\/goo.gl\/maps\/ERLCGgbodzgtbPQq9\" target=\"_blank\" rel=\"noopener\">\n\t\t\t\t\t\tKarte\t\t\t\t\t<\/a>\n\t\t\t\t\t<\/div>\n\t\t\t\t\t\t\t<\/div>\n\t\t\t\t\t\t<\/div>\n\t\t\t\t\t\t<\/div>\n\t\t\t\t<\/div>\n\t\t\t\t<div class=\"elementor-element elementor-element-d6b5f78 elementor-cta--valign-middle elementor-cta--skin-classic elementor-animated-content elementor-bg-transform elementor-bg-transform-zoom-in elementor-widget elementor-widget-call-to-action\" data-id=\"d6b5f78\" data-element_type=\"widget\" data-widget_type=\"call-to-action.default\">\n\t\t\t\t<div class=\"elementor-widget-container\">\n\t\t\t\t\t\t\t<div class=\"elementor-cta\">\n\t\t\t\t\t<div class=\"elementor-cta__bg-wrapper\">\n\t\t\t\t<div class=\"elementor-cta__bg elementor-bg\" style=\"background-image: url(https:\/\/www.zameceklany.cz\/wp-content\/uploads\/2025\/04\/palava-1024x680.webp);\" role=\"img\" aria-label=\"P\u00e1lava\"><\/div>\n\t\t\t\t<div class=\"elementor-cta__bg-overlay\"><\/div>\n\t\t\t<\/div>\n\t\t\t\t\t\t\t<div class=\"elementor-cta__content\">\n\t\t\t\t\n\t\t\t\t\t\t\t\t\t<h3 class=\"elementor-cta__title elementor-cta__content-item elementor-content-item\">\n\t\t\t\t\t\tP\u00e1lava\t\t\t\t\t<\/h3>\n\t\t\t\t\n\t\t\t\t\t\t\t\t\t<div class=\"elementor-cta__description elementor-cta__content-item elementor-content-item\">\n\t\t\t\t\t\tBesuchen Sie die Natursch\u00f6nheiten des Landschaftsschutzgebiets und die renommierte Weinregion P\u00e1lava, oder probieren Sie die lokalen Weine der Winzer vor Ort. Die P\u00e1lava bietet auch eine Vielzahl traditioneller lokaler Kulturveranstaltungen. \t\t\t\t\t<\/div>\n\t\t\t\t\n\t\t\t\t\t\t\t\t\t<div class=\"elementor-cta__button-wrapper elementor-cta__content-item elementor-content-item \">\n\t\t\t\t\t<a class=\"elementor-cta__button elementor-button elementor-size-\" href=\"https:\/\/goo.gl\/maps\/yo5bE8fRdTz9VGfMA\" target=\"_blank\" rel=\"noopener\">\n\t\t\t\t\t\tKarte\t\t\t\t\t<\/a>\n\t\t\t\t\t<\/div>\n\t\t\t\t\t\t\t<\/div>\n\t\t\t\t\t\t<\/div>\n\t\t\t\t\t\t<\/div>\n\t\t\t\t<\/div>\n\t\t\t\t<div class=\"elementor-element elementor-element-4d508f9 elementor-cta--valign-middle elementor-cta--skin-classic elementor-animated-content elementor-bg-transform elementor-bg-transform-zoom-in elementor-widget elementor-widget-call-to-action\" data-id=\"4d508f9\" data-element_type=\"widget\" data-widget_type=\"call-to-action.default\">\n\t\t\t\t<div class=\"elementor-widget-container\">\n\t\t\t\t\t\t\t<div class=\"elementor-cta\">\n\t\t\t\t\t<div class=\"elementor-cta__bg-wrapper\">\n\t\t\t\t<div class=\"elementor-cta__bg elementor-bg\" style=\"background-image: url(https:\/\/www.zameceklany.cz\/wp-content\/uploads\/2025\/04\/aqualand-moravia-1024x682.webp);\" role=\"img\" aria-label=\"Aqualand Moravia\"><\/div>\n\t\t\t\t<div class=\"elementor-cta__bg-overlay\"><\/div>\n\t\t\t<\/div>\n\t\t\t\t\t\t\t<div class=\"elementor-cta__content\">\n\t\t\t\t\n\t\t\t\t\t\t\t\t\t<h3 class=\"elementor-cta__title elementor-cta__content-item elementor-content-item\">\n\t\t\t\t\t\tAqualand Moravia\t\t\t\t\t<\/h3>\n\t\t\t\t\n\t\t\t\t\t\t\t\t\t<div class=\"elementor-cta__description elementor-cta__content-item elementor-content-item\">\n\t\t\t\t\t\tIhren Aufenthalt im Schl\u00f6sschen L\u00e1ny k\u00f6nnen Sie mit einem Besuch des Aqualand Moravia verbinden, das derzeit der gr\u00f6\u00dfte und modernste Aquapark (nicht nur) in der Tschechischen Republik ist. Es bietet auch eine Vielzahl an Wellness-Erlebnissen. \t\t\t\t\t<\/div>\n\t\t\t\t\n\t\t\t\t\t\t\t\t\t<div class=\"elementor-cta__button-wrapper elementor-cta__content-item elementor-content-item \">\n\t\t\t\t\t<a class=\"elementor-cta__button elementor-button elementor-size-\" href=\"https:\/\/goo.gl\/maps\/mmUFqW8xsVMU4ryG6\" target=\"_blank\" rel=\"noopener\">\n\t\t\t\t\t\tKarte\t\t\t\t\t<\/a>\n\t\t\t\t\t<\/div>\n\t\t\t\t\t\t\t<\/div>\n\t\t\t\t\t\t<\/div>\n\t\t\t\t\t\t<\/div>\n\t\t\t\t<\/div>\n\t\t\t\t\t<\/div>\n\t\t\t\t<\/div>\n\t\t\t\t<\/div>\n\t\t","protected":false},"excerpt":{"rendered":"<p>Kommen Sie zur Entspannung. Ausfl\u00fcge in die Umgebung Die Umgebung des Schl\u00f6sschens L\u00e1ny besticht durch ihre einzigartige Lage, die es Ihnen erm\u00f6glicht, an einem einzigen Tag touristische Ziele in gleich drei Staaten zu besuchen! Im Norden nach M\u00e4hren, im Westen \u00d6sterreich, im Osten die Slowakei. Und es gibt immer noch viel zu entdecken! Ja, Sie [&hellip;]<\/p>\n","protected":false},"author":2,"featured_media":0,"parent":1911,"menu_order":0,"comment_status":"closed","ping_status":"closed","template":"elementor_header_footer","meta":{"footnotes":"","_links_to":"","_links_to_target":""},"class_list":["post-2227","page","type-page","status-publish","hentry"],"_links":{"self":[{"href":"https:\/\/www.zameceklany.cz\/de\/wp-json\/wp\/v2\/pages\/2227","targetHints":{"allow":["GET"]}}],"collection":[{"href":"https:\/\/www.zameceklany.cz\/de\/wp-json\/wp\/v2\/pages"}],"about":[{"href":"https:\/\/www.zameceklany.cz\/de\/wp-json\/wp\/v2\/types\/page"}],"author":[{"embeddable":true,"href":"https:\/\/www.zameceklany.cz\/de\/wp-json\/wp\/v2\/users\/2"}],"replies":[{"embeddable":true,"href":"https:\/\/www.zameceklany.cz\/de\/wp-json\/wp\/v2\/comments?post=2227"}],"version-history":[{"count":1,"href":"https:\/\/www.zameceklany.cz\/de\/wp-json\/wp\/v2\/pages\/2227\/revisions"}],"predecessor-version":[{"id":2237,"href":"https:\/\/www.zameceklany.cz\/de\/wp-json\/wp\/v2\/pages\/2227\/revisions\/2237"}],"up":[{"embeddable":true,"href":"https:\/\/www.zameceklany.cz\/de\/wp-json\/wp\/v2\/pages\/1911"}],"wp:attachment":[{"href":"https:\/\/www.zameceklany.cz\/de\/wp-json\/wp\/v2\/media?parent=2227"}],"curies":[{"name":"wp","href":"https:\/\/api.w.org\/{rel}","templated":true}]}}