{"id":2225,"date":"2025-03-07T13:01:51","date_gmt":"2025-03-07T12:01:51","guid":{"rendered":"https:\/\/www.zameceklany.cz\/schlossvermietung\/"},"modified":"2025-11-05T14:18:45","modified_gmt":"2025-11-05T13:18:45","slug":"schlossvermietung","status":"publish","type":"page","link":"https:\/\/www.zameceklany.cz\/de\/schlossvermietung\/","title":{"rendered":"Schlossvermietung"},"content":{"rendered":"\t\t<div data-elementor-type=\"wp-page\" data-elementor-id=\"2225\" class=\"elementor elementor-2225 elementor-581\" data-elementor-post-type=\"page\">\n\t\t\t\t<div class=\"elementor-element elementor-element-ca7048f e-flex e-con-boxed e-con e-parent\" data-id=\"ca7048f\" data-element_type=\"container\" data-settings=\"{&quot;background_background&quot;:&quot;classic&quot;}\">\n\t\t\t\t\t<div class=\"e-con-inner\">\n\t\t\t\t<div class=\"elementor-element elementor-element-3332217 elementor-widget elementor-widget-heading\" data-id=\"3332217\" data-element_type=\"widget\" data-widget_type=\"heading.default\">\n\t\t\t\t<div class=\"elementor-widget-container\">\n\t\t\t\t\t<p class=\"elementor-heading-title elementor-size-default\">Schl\u00f6sschen L\u00e1ny<\/p>\t\t\t\t<\/div>\n\t\t\t\t<\/div>\n\t\t\t\t<div class=\"elementor-element elementor-element-7660851 elementor-widget elementor-widget-heading\" data-id=\"7660851\" data-element_type=\"widget\" data-widget_type=\"heading.default\">\n\t\t\t\t<div class=\"elementor-widget-container\">\n\t\t\t\t\t<h1 class=\"elementor-heading-title elementor-size-default\">Mieten Sie das Schloss L\u00e1ny<\/h1>\t\t\t\t<\/div>\n\t\t\t\t<\/div>\n\t\t\t\t\t<\/div>\n\t\t\t\t<\/div>\n\t\t<div class=\"elementor-element elementor-element-53fdf6c e-flex e-con-boxed e-con e-parent\" data-id=\"53fdf6c\" data-element_type=\"container\" data-settings=\"{&quot;background_background&quot;:&quot;classic&quot;}\">\n\t\t\t\t\t<div class=\"e-con-inner\">\n\t\t<div class=\"elementor-element elementor-element-e89badf e-con-full e-flex e-con e-child\" data-id=\"e89badf\" data-element_type=\"container\">\n\t\t\t\t<div class=\"elementor-element elementor-element-b2dea41 elementor-widget elementor-widget-heading\" data-id=\"b2dea41\" data-element_type=\"widget\" data-widget_type=\"heading.default\">\n\t\t\t\t<div class=\"elementor-widget-container\">\n\t\t\t\t\t<h3 class=\"elementor-heading-title elementor-size-default\">Z\u00e1me\u010dek L\u00e1ny kann als gesamtes Objekt f\u00fcr verschiedene Familien- oder Firmenveranstaltungen gemietet werden<\/h3>\t\t\t\t<\/div>\n\t\t\t\t<\/div>\n\t\t\t\t<div class=\"elementor-element elementor-element-20c1c6f elementor-widget elementor-widget-text-editor\" data-id=\"20c1c6f\" data-element_type=\"widget\" data-widget_type=\"text-editor.default\">\n\t\t\t\t<div class=\"elementor-widget-container\">\n\t\t\t\t\t\t\t\t\t<p class=\"p1\">Ideal f\u00fcr Firmenevents, Teambuildings und private Veranstaltungen.<\/p><p class=\"p1\">Mieten Sie das gesamte Schlossgeb\u00e4ude und erleben Sie die unvergessliche Atmosph\u00e4re einer historischen Umgebung.<\/p><p class=\"p1\">Mit der M\u00f6glichkeit, den Raum an Ihre Bed\u00fcrfnisse anzupassen, ist Z\u00e1me\u010dek L\u00e1ny die perfekte Wahl f\u00fcr prestigetr\u00e4chtige Firmentreffen, kreative Teambuildings oder elegante private Feiern. G\u00f6nnen Sie sich luxuri\u00f6se Einrichtungen mit exklusivem Service und atemberaubender Natur zum Greifen nah. <\/p><p>F\u00fcr ein individuelles Preisangebot k\u00f6nnen Sie uns jederzeit <a href=\"https:\/\/www.zameceklany.cz\/de\/kontakt\/\">kontaktieren<\/a>.<\/p>\t\t\t\t\t\t\t\t<\/div>\n\t\t\t\t<\/div>\n\t\t\t\t<\/div>\n\t\t<div class=\"elementor-element elementor-element-6d3eabf e-con-full e-flex e-con e-child\" data-id=\"6d3eabf\" data-element_type=\"container\">\n\t\t<div class=\"elementor-element elementor-element-f6f9c77 e-grid e-con-full e-con e-child\" data-id=\"f6f9c77\" data-element_type=\"container\">\n\t\t\t\t<div class=\"elementor-element elementor-element-c89600a elementor-widget elementor-widget-image\" data-id=\"c89600a\" data-element_type=\"widget\" data-widget_type=\"image.default\">\n\t\t\t\t<div class=\"elementor-widget-container\">\n\t\t\t\t\t\t\t\t\t\t\t\t\t\t\t<img fetchpriority=\"high\" decoding=\"async\" width=\"800\" height=\"532\" src=\"https:\/\/www.zameceklany.cz\/wp-content\/uploads\/2025\/04\/jv0-3306-hdr-1-1024x681.webp\" class=\"attachment-large size-large wp-image-2228\" alt=\"\" srcset=\"https:\/\/www.zameceklany.cz\/wp-content\/uploads\/2025\/04\/jv0-3306-hdr-1-1024x681.webp 1024w, https:\/\/www.zameceklany.cz\/wp-content\/uploads\/2025\/04\/jv0-3306-hdr-1-300x200.webp 300w, https:\/\/www.zameceklany.cz\/wp-content\/uploads\/2025\/04\/jv0-3306-hdr-1-768x511.webp 768w, https:\/\/www.zameceklany.cz\/wp-content\/uploads\/2025\/04\/jv0-3306-hdr-1-1536x1022.webp 1536w, https:\/\/www.zameceklany.cz\/wp-content\/uploads\/2025\/04\/jv0-3306-hdr-1.webp 1920w\" sizes=\"(max-width: 800px) 100vw, 800px\" \/>\t\t\t\t\t\t\t\t\t\t\t\t\t\t\t<\/div>\n\t\t\t\t<\/div>\n\t\t\t\t<div class=\"elementor-element elementor-element-46d700f elementor-widget elementor-widget-image\" data-id=\"46d700f\" data-element_type=\"widget\" data-widget_type=\"image.default\">\n\t\t\t\t<div class=\"elementor-widget-container\">\n\t\t\t\t\t\t\t\t\t\t\t\t\t\t\t<img decoding=\"async\" width=\"800\" height=\"532\" src=\"https:\/\/www.zameceklany.cz\/wp-content\/uploads\/2025\/04\/jv0-3348-hdr-2-1024x681.webp\" class=\"attachment-large size-large wp-image-2229\" alt=\"\" srcset=\"https:\/\/www.zameceklany.cz\/wp-content\/uploads\/2025\/04\/jv0-3348-hdr-2-1024x681.webp 1024w, https:\/\/www.zameceklany.cz\/wp-content\/uploads\/2025\/04\/jv0-3348-hdr-2-300x200.webp 300w, https:\/\/www.zameceklany.cz\/wp-content\/uploads\/2025\/04\/jv0-3348-hdr-2-768x511.webp 768w, https:\/\/www.zameceklany.cz\/wp-content\/uploads\/2025\/04\/jv0-3348-hdr-2-1536x1022.webp 1536w, https:\/\/www.zameceklany.cz\/wp-content\/uploads\/2025\/04\/jv0-3348-hdr-2.webp 1920w\" sizes=\"(max-width: 800px) 100vw, 800px\" \/>\t\t\t\t\t\t\t\t\t\t\t\t\t\t\t<\/div>\n\t\t\t\t<\/div>\n\t\t\t\t<div class=\"elementor-element elementor-element-00ee471 elementor-widget elementor-widget-image\" data-id=\"00ee471\" data-element_type=\"widget\" data-widget_type=\"image.default\">\n\t\t\t\t<div class=\"elementor-widget-container\">\n\t\t\t\t\t\t\t\t\t\t\t\t\t\t\t<img decoding=\"async\" width=\"800\" height=\"532\" src=\"https:\/\/www.zameceklany.cz\/wp-content\/uploads\/2025\/04\/jv0-3371-hdr-1-1024x681.webp\" class=\"attachment-large size-large wp-image-2230\" alt=\"\" srcset=\"https:\/\/www.zameceklany.cz\/wp-content\/uploads\/2025\/04\/jv0-3371-hdr-1-1024x681.webp 1024w, https:\/\/www.zameceklany.cz\/wp-content\/uploads\/2025\/04\/jv0-3371-hdr-1-300x200.webp 300w, https:\/\/www.zameceklany.cz\/wp-content\/uploads\/2025\/04\/jv0-3371-hdr-1-768x511.webp 768w, https:\/\/www.zameceklany.cz\/wp-content\/uploads\/2025\/04\/jv0-3371-hdr-1-1536x1022.webp 1536w, https:\/\/www.zameceklany.cz\/wp-content\/uploads\/2025\/04\/jv0-3371-hdr-1.webp 1920w\" sizes=\"(max-width: 800px) 100vw, 800px\" \/>\t\t\t\t\t\t\t\t\t\t\t\t\t\t\t<\/div>\n\t\t\t\t<\/div>\n\t\t\t\t<div class=\"elementor-element elementor-element-74b2c86 elementor-widget elementor-widget-image\" data-id=\"74b2c86\" data-element_type=\"widget\" data-widget_type=\"image.default\">\n\t\t\t\t<div class=\"elementor-widget-container\">\n\t\t\t\t\t\t\t\t\t\t\t\t\t\t\t<img loading=\"lazy\" decoding=\"async\" width=\"800\" height=\"532\" src=\"https:\/\/www.zameceklany.cz\/wp-content\/uploads\/2025\/04\/jv0-3455-hdr-1-1024x681.webp\" class=\"attachment-large size-large wp-image-2231\" alt=\"\" srcset=\"https:\/\/www.zameceklany.cz\/wp-content\/uploads\/2025\/04\/jv0-3455-hdr-1-1024x681.webp 1024w, https:\/\/www.zameceklany.cz\/wp-content\/uploads\/2025\/04\/jv0-3455-hdr-1-300x200.webp 300w, https:\/\/www.zameceklany.cz\/wp-content\/uploads\/2025\/04\/jv0-3455-hdr-1-768x511.webp 768w, https:\/\/www.zameceklany.cz\/wp-content\/uploads\/2025\/04\/jv0-3455-hdr-1-1536x1022.webp 1536w, https:\/\/www.zameceklany.cz\/wp-content\/uploads\/2025\/04\/jv0-3455-hdr-1.webp 1920w\" sizes=\"(max-width: 800px) 100vw, 800px\" \/>\t\t\t\t\t\t\t\t\t\t\t\t\t\t\t<\/div>\n\t\t\t\t<\/div>\n\t\t\t\t<\/div>\n\t\t\t\t<\/div>\n\t\t\t\t\t<\/div>\n\t\t\t\t<\/div>\n\t\t\t\t<\/div>\n\t\t","protected":false},"excerpt":{"rendered":"<p>Schl\u00f6sschen L\u00e1ny Mieten Sie das Schloss L\u00e1ny Z\u00e1me\u010dek L\u00e1ny kann als gesamtes Objekt f\u00fcr verschiedene Familien- oder Firmenveranstaltungen gemietet werden Ideal f\u00fcr Firmenevents, Teambuildings und private Veranstaltungen. Mieten Sie das gesamte Schlossgeb\u00e4ude und erleben Sie die unvergessliche Atmosph\u00e4re einer historischen Umgebung. Mit der M\u00f6glichkeit, den Raum an Ihre Bed\u00fcrfnisse anzupassen, ist Z\u00e1me\u010dek L\u00e1ny die perfekte [&hellip;]<\/p>\n","protected":false},"author":2,"featured_media":0,"parent":0,"menu_order":0,"comment_status":"closed","ping_status":"closed","template":"","meta":{"footnotes":"","_links_to":"","_links_to_target":""},"class_list":["post-2225","page","type-page","status-publish","hentry"],"_links":{"self":[{"href":"https:\/\/www.zameceklany.cz\/de\/wp-json\/wp\/v2\/pages\/2225","targetHints":{"allow":["GET"]}}],"collection":[{"href":"https:\/\/www.zameceklany.cz\/de\/wp-json\/wp\/v2\/pages"}],"about":[{"href":"https:\/\/www.zameceklany.cz\/de\/wp-json\/wp\/v2\/types\/page"}],"author":[{"embeddable":true,"href":"https:\/\/www.zameceklany.cz\/de\/wp-json\/wp\/v2\/users\/2"}],"replies":[{"embeddable":true,"href":"https:\/\/www.zameceklany.cz\/de\/wp-json\/wp\/v2\/comments?post=2225"}],"version-history":[{"count":3,"href":"https:\/\/www.zameceklany.cz\/de\/wp-json\/wp\/v2\/pages\/2225\/revisions"}],"predecessor-version":[{"id":2582,"href":"https:\/\/www.zameceklany.cz\/de\/wp-json\/wp\/v2\/pages\/2225\/revisions\/2582"}],"wp:attachment":[{"href":"https:\/\/www.zameceklany.cz\/de\/wp-json\/wp\/v2\/media?parent=2225"}],"curies":[{"name":"wp","href":"https:\/\/api.w.org\/{rel}","templated":true}]}}