{"id":2008,"date":"2025-03-07T12:59:08","date_gmt":"2025-03-07T11:59:08","guid":{"rendered":"https:\/\/www.zameceklany.cz\/unterkunft\/"},"modified":"2025-11-05T14:06:36","modified_gmt":"2025-11-05T13:06:36","slug":"unterkunft","status":"publish","type":"page","link":"https:\/\/www.zameceklany.cz\/de\/unterkunft\/","title":{"rendered":"Unterkunft"},"content":{"rendered":"\t\t<div data-elementor-type=\"wp-page\" data-elementor-id=\"2008\" class=\"elementor elementor-2008 elementor-576\" data-elementor-post-type=\"page\">\n\t\t\t\t<div class=\"elementor-element elementor-element-f4caf8d e-flex e-con-boxed e-con e-parent\" data-id=\"f4caf8d\" data-element_type=\"container\" data-settings=\"{&quot;background_background&quot;:&quot;classic&quot;}\">\n\t\t\t\t\t<div class=\"e-con-inner\">\n\t\t\t\t<div class=\"elementor-element elementor-element-8e091cf elementor-widget elementor-widget-heading\" data-id=\"8e091cf\" data-element_type=\"widget\" data-widget_type=\"heading.default\">\n\t\t\t\t<div class=\"elementor-widget-container\">\n\t\t\t\t\t<p class=\"elementor-heading-title elementor-size-default\">Luxus und Komfort<\/p>\t\t\t\t<\/div>\n\t\t\t\t<\/div>\n\t\t\t\t<div class=\"elementor-element elementor-element-b12af19 elementor-widget elementor-widget-heading\" data-id=\"b12af19\" data-element_type=\"widget\" data-widget_type=\"heading.default\">\n\t\t\t\t<div class=\"elementor-widget-container\">\n\t\t\t\t\t<h1 class=\"elementor-heading-title elementor-size-default\">Unterkunft im s\u00fcdlichsten Teil des Areals Lednice-Valtice<\/h1>\t\t\t\t<\/div>\n\t\t\t\t<\/div>\n\t\t\t\t\t<\/div>\n\t\t\t\t<\/div>\n\t\t<div class=\"elementor-element elementor-element-fc098de e-flex e-con-boxed e-con e-parent\" data-id=\"fc098de\" data-element_type=\"container\" data-settings=\"{&quot;background_background&quot;:&quot;classic&quot;}\">\n\t\t\t\t\t<div class=\"e-con-inner\">\n\t\t\t\t<div class=\"elementor-element elementor-element-c218310 elementor-widget elementor-widget-heading\" data-id=\"c218310\" data-element_type=\"widget\" data-widget_type=\"heading.default\">\n\t\t\t\t<div class=\"elementor-widget-container\">\n\t\t\t\t\t<h2 class=\"elementor-heading-title elementor-size-default\">F\u00fcr Ihre Unterkunft k\u00f6nnen Sie klassische Hotelzimmer im Nebengeb\u00e4ude Stroodel, stilvoll eingerichtete Zimmer und Apartments direkt im Schloss L\u00e1ny nutzen oder das gesamte Schloss f\u00fcr sich allein mieten.<\/h2>\t\t\t\t<\/div>\n\t\t\t\t<\/div>\n\t\t\t\t<div class=\"elementor-element elementor-element-094c746 elementor-widget elementor-widget-text-editor\" data-id=\"094c746\" data-element_type=\"widget\" data-widget_type=\"text-editor.default\">\n\t\t\t\t<div class=\"elementor-widget-container\">\n\t\t\t\t\t\t\t\t\t<p>F\u00fcr Ihre Unterkunft k\u00f6nnen Sie klassische Hotelzimmer in der <a href=\"https:\/\/www.zameceklany.cz\/de\/unterkunft\/dependance-stroodel\/\">Pension Stroodel<\/a> oder das exklusive Angebot zur Miete des <a href=\"https:\/\/www.zameceklany.cz\/de\/schlossvermietung\/\">gesamten Schlosses L\u00e1ny<\/a> nutzen.<\/p><p>Die Pension Stroodel (besonders geeignet f\u00fcr <a href=\"https:\/\/www.zameceklany.cz\/de\/aktivitaeten-in-der-umgebung-des-schloesschens\/radfahren\/\">Radfahrer<\/a>) bietet gem\u00fctliche und komfortable Zimmer mit eigener Sanit\u00e4rausstattung und jeglichem Komfort, der so gestaltet ist, dass sich das Interieur in die umliegende Natur und den <a href=\"https:\/\/www.zameceklany.cz\/de\/ueber-das-schloesschen\/geschichte-des-schloesschens\/\">historischen<\/a> Charakter des Schlosses einf\u00fcgt.<\/p><p>F\u00fcr Familienfeiern, Geburtstagsfeiern, Hochzeiten oder Firmensitzungen, Teambuildings und Schulungen bieten wir die Vermietung des gesamten Schlosses an. Mit der Vermietung kann auch der <a href=\"https:\/\/www.zameceklany.cz\/de\/gastronomie\/\">Betrieb des Restaurants<\/a> inklusive Personal verbunden werden. <\/p><p>Wir bieten Ihnen ein au\u00dfergew\u00f6hnliches Komforterlebnis im Areal Lednice-Valtice.<\/p>\t\t\t\t\t\t\t\t<\/div>\n\t\t\t\t<\/div>\n\t\t\t\t\t<\/div>\n\t\t\t\t<\/div>\n\t\t<div class=\"elementor-element elementor-element-3f6bd76 e-grid e-con-boxed e-con e-parent\" data-id=\"3f6bd76\" data-element_type=\"container\" data-settings=\"{&quot;background_background&quot;:&quot;classic&quot;}\">\n\t\t\t\t\t<div class=\"e-con-inner\">\n\t\t\t\t<div class=\"elementor-element elementor-element-543f8dd elementor-cta--valign-middle elementor-cta--skin-classic elementor-animated-content elementor-bg-transform elementor-bg-transform-zoom-in elementor-widget elementor-widget-call-to-action\" data-id=\"543f8dd\" data-element_type=\"widget\" data-widget_type=\"call-to-action.default\">\n\t\t\t\t<div class=\"elementor-widget-container\">\n\t\t\t\t\t\t\t<a class=\"elementor-cta\" href=\"https:\/\/www.zameceklany.cz\/de\/unterkunft\/schlossappartements\/\">\n\t\t\t\t\t<div class=\"elementor-cta__bg-wrapper\">\n\t\t\t\t<div class=\"elementor-cta__bg elementor-bg\" style=\"background-image: url(https:\/\/www.zameceklany.cz\/wp-content\/uploads\/2025\/04\/jv0-3443-hdr-pano-1024x589.webp);\" role=\"img\" aria-label=\"JV0_3443-HDR-Pano\"><\/div>\n\t\t\t\t<div class=\"elementor-cta__bg-overlay\"><\/div>\n\t\t\t<\/div>\n\t\t\t\t\t\t\t<div class=\"elementor-cta__content\">\n\t\t\t\t\n\t\t\t\t\t\t\t\t\t<h3 class=\"elementor-cta__title elementor-cta__content-item elementor-content-item\">\n\t\t\t\t\t\tSchlossappartements\t\t\t\t\t<\/h3>\n\t\t\t\t\n\t\t\t\t\n\t\t\t\t\t\t\t<\/div>\n\t\t\t\t\t\t<\/a>\n\t\t\t\t\t\t<\/div>\n\t\t\t\t<\/div>\n\t\t\t\t<div class=\"elementor-element elementor-element-cf3f7d4 elementor-cta--valign-middle elementor-cta--skin-classic elementor-animated-content elementor-bg-transform elementor-bg-transform-zoom-in elementor-widget elementor-widget-call-to-action\" data-id=\"cf3f7d4\" data-element_type=\"widget\" data-widget_type=\"call-to-action.default\">\n\t\t\t\t<div class=\"elementor-widget-container\">\n\t\t\t\t\t\t\t<a class=\"elementor-cta\" href=\"https:\/\/www.zameceklany.cz\/de\/unterkunft\/dependance-stroodel\/\">\n\t\t\t\t\t<div class=\"elementor-cta__bg-wrapper\">\n\t\t\t\t<div class=\"elementor-cta__bg elementor-bg\" style=\"background-image: url(https:\/\/www.zameceklany.cz\/wp-content\/uploads\/2025\/04\/pokoje-s-balkonem-1024x681.webp);\" role=\"img\" aria-label=\"Zimmer mit Balkon\"><\/div>\n\t\t\t\t<div class=\"elementor-cta__bg-overlay\"><\/div>\n\t\t\t<\/div>\n\t\t\t\t\t\t\t<div class=\"elementor-cta__content\">\n\t\t\t\t\n\t\t\t\t\t\t\t\t\t<h3 class=\"elementor-cta__title elementor-cta__content-item elementor-content-item\">\n\t\t\t\t\t\tUnterkunft Stroodel\t\t\t\t\t<\/h3>\n\t\t\t\t\n\t\t\t\t\n\t\t\t\t\t\t\t<\/div>\n\t\t\t\t\t\t<\/a>\n\t\t\t\t\t\t<\/div>\n\t\t\t\t<\/div>\n\t\t\t\t<div class=\"elementor-element elementor-element-893aa42 elementor-cta--valign-middle elementor-cta--skin-classic elementor-animated-content elementor-bg-transform elementor-bg-transform-zoom-in elementor-widget elementor-widget-call-to-action\" data-id=\"893aa42\" data-element_type=\"widget\" data-widget_type=\"call-to-action.default\">\n\t\t\t\t<div class=\"elementor-widget-container\">\n\t\t\t\t\t\t\t<a class=\"elementor-cta\" href=\"https:\/\/book.trevlix.com\/book\/app\/?cid=7128629&#038;mode=window\" target=\"_blank\" rel=\"noopener\">\n\t\t\t\t\t<div class=\"elementor-cta__bg-wrapper\">\n\t\t\t\t<div class=\"elementor-cta__bg elementor-bg\" style=\"background-image: url(https:\/\/www.zameceklany.cz\/wp-content\/uploads\/2025\/04\/ubytovani-img-1024x682.webp);\" role=\"img\" aria-label=\"ubytovani-img\"><\/div>\n\t\t\t\t<div class=\"elementor-cta__bg-overlay\"><\/div>\n\t\t\t<\/div>\n\t\t\t\t\t\t\t<div class=\"elementor-cta__content\">\n\t\t\t\t\n\t\t\t\t\t\t\t\t\t<h3 class=\"elementor-cta__title elementor-cta__content-item elementor-content-item\">\n\t\t\t\t\t\tReservierungssystem\t\t\t\t\t<\/h3>\n\t\t\t\t\n\t\t\t\t\n\t\t\t\t\t\t\t<\/div>\n\t\t\t\t\t\t<\/a>\n\t\t\t\t\t\t<\/div>\n\t\t\t\t<\/div>\n\t\t\t\t\t<\/div>\n\t\t\t\t<\/div>\n\t\t\t\t<\/div>\n\t\t","protected":false},"excerpt":{"rendered":"<p>Luxus und Komfort Unterkunft im s\u00fcdlichsten Teil des Areals Lednice-Valtice F\u00fcr Ihre Unterkunft k\u00f6nnen Sie klassische Hotelzimmer im Nebengeb\u00e4ude Stroodel, stilvoll eingerichtete Zimmer und Apartments direkt im Schloss L\u00e1ny nutzen oder das gesamte Schloss f\u00fcr sich allein mieten. F\u00fcr Ihre Unterkunft k\u00f6nnen Sie klassische Hotelzimmer in der Pension Stroodel oder das exklusive Angebot zur Miete [&hellip;]<\/p>\n","protected":false},"author":2,"featured_media":0,"parent":0,"menu_order":0,"comment_status":"closed","ping_status":"closed","template":"","meta":{"footnotes":"","_links_to":"","_links_to_target":""},"class_list":["post-2008","page","type-page","status-publish","hentry"],"_links":{"self":[{"href":"https:\/\/www.zameceklany.cz\/de\/wp-json\/wp\/v2\/pages\/2008","targetHints":{"allow":["GET"]}}],"collection":[{"href":"https:\/\/www.zameceklany.cz\/de\/wp-json\/wp\/v2\/pages"}],"about":[{"href":"https:\/\/www.zameceklany.cz\/de\/wp-json\/wp\/v2\/types\/page"}],"author":[{"embeddable":true,"href":"https:\/\/www.zameceklany.cz\/de\/wp-json\/wp\/v2\/users\/2"}],"replies":[{"embeddable":true,"href":"https:\/\/www.zameceklany.cz\/de\/wp-json\/wp\/v2\/comments?post=2008"}],"version-history":[{"count":3,"href":"https:\/\/www.zameceklany.cz\/de\/wp-json\/wp\/v2\/pages\/2008\/revisions"}],"predecessor-version":[{"id":2566,"href":"https:\/\/www.zameceklany.cz\/de\/wp-json\/wp\/v2\/pages\/2008\/revisions\/2566"}],"wp:attachment":[{"href":"https:\/\/www.zameceklany.cz\/de\/wp-json\/wp\/v2\/media?parent=2008"}],"curies":[{"name":"wp","href":"https:\/\/api.w.org\/{rel}","templated":true}]}}