{"id":1954,"date":"2025-02-13T16:11:28","date_gmt":"2025-02-13T15:11:28","guid":{"rendered":"https:\/\/www.zameceklany.cz\/startseite\/"},"modified":"2025-11-05T11:08:29","modified_gmt":"2025-11-05T10:08:29","slug":"startseite","status":"publish","type":"page","link":"https:\/\/www.zameceklany.cz\/de\/","title":{"rendered":"Startseite"},"content":{"rendered":"\t\t<div data-elementor-type=\"wp-page\" data-elementor-id=\"1954\" class=\"elementor elementor-1954 elementor-8\" data-elementor-post-type=\"page\">\n\t\t\t\t<div class=\"elementor-element elementor-element-f094fc1 e-flex e-con-boxed e-con e-parent\" data-id=\"f094fc1\" data-element_type=\"container\" data-settings=\"{&quot;background_background&quot;:&quot;video&quot;,&quot;background_video_link&quot;:&quot;https:\\\/\\\/youtu.be\\\/UOaSmLIk_tE?si=-r5pVI2akLureQVY&quot;,&quot;background_play_on_mobile&quot;:&quot;yes&quot;,&quot;background_privacy_mode&quot;:&quot;yes&quot;}\">\n\t\t\t\t\t<div class=\"e-con-inner\">\n\t\t<div class=\"elementor-background-video-container\" aria-hidden=\"true\">\n\t\t\t\t\t\t\t<div class=\"elementor-background-video-embed\"><\/div>\n\t\t\t\t\t\t<\/div>\t\t<div class=\"elementor-element elementor-element-ce92393 elementor-widget elementor-widget-heading\" data-id=\"ce92393\" data-element_type=\"widget\" data-widget_type=\"heading.default\">\n\t\t\t\t<div class=\"elementor-widget-container\">\n\t\t\t\t\t<h1 class=\"elementor-heading-title elementor-size-default\">Schl\u00f6sschen L\u00e1ny<br><span>Eleganz umgeben von Natur<\/span>\n<\/h1>\t\t\t\t<\/div>\n\t\t\t\t<\/div>\n\t\t\t\t\t<\/div>\n\t\t\t\t<\/div>\n\t\t<div class=\"elementor-element elementor-element-1f244dc e-flex e-con-boxed e-con e-parent\" data-id=\"1f244dc\" data-element_type=\"container\">\n\t\t\t\t\t<div class=\"e-con-inner\">\n\t\t<div class=\"elementor-element elementor-element-04bf5cb e-con-full e-flex e-con e-child\" data-id=\"04bf5cb\" data-element_type=\"container\">\n\t\t\t\t<div class=\"elementor-element elementor-element-38c8f6d elementor-widget elementor-widget-heading\" data-id=\"38c8f6d\" data-element_type=\"widget\" data-widget_type=\"heading.default\">\n\t\t\t\t<div class=\"elementor-widget-container\">\n\t\t\t\t\t<h2 class=\"elementor-heading-title elementor-size-default\">Buchen Sie Ihren Aufenthalt noch heute und erleben Sie unvergessliche Momente inmitten der Natur<\/h2>\t\t\t\t<\/div>\n\t\t\t\t<\/div>\n\t\t\t\t<div class=\"elementor-element elementor-element-44168af elementor-widget elementor-widget-heading\" data-id=\"44168af\" data-element_type=\"widget\" data-widget_type=\"heading.default\">\n\t\t\t\t<div class=\"elementor-widget-container\">\n\t\t\t\t\t<p class=\"elementor-heading-title elementor-size-default\">Willkommen in unserem stilvollen Schlosshotel, wo sich Eleganz, Komfort und der Zauber der Natur vereinen.<\/p>\t\t\t\t<\/div>\n\t\t\t\t<\/div>\n\t\t\t\t<div class=\"elementor-element elementor-element-35aa4a9 elementor-widget elementor-widget-text-editor\" data-id=\"35aa4a9\" data-element_type=\"widget\" data-widget_type=\"text-editor.default\">\n\t\t\t\t<div class=\"elementor-widget-container\">\n\t\t\t\t\t\t\t\t\t<p>Unser exklusives Schlosshotel bietet <strong>unvergessliche Aufenthalte<\/strong> nicht nur f\u00fcr Einzelg\u00e4ste, sondern auch f\u00fcr Unternehmen und gro\u00dfe Gruppen <strong>bis zu 25 Personen<\/strong>. Nutzen Sie unsere luxuri\u00f6sen R\u00e4umlichkeiten f\u00fcr <strong>Firmenveranstaltungen, Konferenzen oder Teambuildings<\/strong>, oder genie\u00dfen Sie gemeinsame Momente mit Freunden und Familie. Unser erstklassiger Service und die wundersch\u00f6ne Umgebung im Herzen der m\u00e4hrischen Natur sorgen daf\u00fcr, dass Ihr Aufenthalt wirklich au\u00dfergew\u00f6hnlich wird.  <\/p>\t\t\t\t\t\t\t\t<\/div>\n\t\t\t\t<\/div>\n\t\t\t\t<div class=\"elementor-element elementor-element-12dcf44 elementor-widget elementor-widget-button\" data-id=\"12dcf44\" data-element_type=\"widget\" data-widget_type=\"button.default\">\n\t\t\t\t<div class=\"elementor-widget-container\">\n\t\t\t\t\t\t\t\t\t<div class=\"elementor-button-wrapper\">\n\t\t\t\t\t<a class=\"elementor-button elementor-button-link elementor-size-sm\" href=\"https:\/\/book.trevlix.com\/book\/app\/?cid=7128629&#038;mode=window\" target=\"_blank\" rel=\"noopener\">\n\t\t\t\t\t\t<span class=\"elementor-button-content-wrapper\">\n\t\t\t\t\t\t\t\t\t<span class=\"elementor-button-text\">Aufenthalt buchen<\/span>\n\t\t\t\t\t<\/span>\n\t\t\t\t\t<\/a>\n\t\t\t\t<\/div>\n\t\t\t\t\t\t\t\t<\/div>\n\t\t\t\t<\/div>\n\t\t\t\t<\/div>\n\t\t<div class=\"elementor-element elementor-element-0eb985f e-con-full e-flex e-con e-child\" data-id=\"0eb985f\" data-element_type=\"container\">\n\t\t\t\t<div class=\"elementor-element elementor-element-57adb28 elementor-widget elementor-widget-image\" data-id=\"57adb28\" data-element_type=\"widget\" data-widget_type=\"image.default\">\n\t\t\t\t<div class=\"elementor-widget-container\">\n\t\t\t\t\t\t\t\t\t\t\t\t\t\t\t<img fetchpriority=\"high\" decoding=\"async\" width=\"800\" height=\"533\" src=\"https:\/\/www.zameceklany.cz\/wp-content\/uploads\/2025\/04\/1-1024x682.webp\" class=\"attachment-large size-large wp-image-1963\" alt=\"\" srcset=\"https:\/\/www.zameceklany.cz\/wp-content\/uploads\/2025\/04\/1-1024x682.webp 1024w, https:\/\/www.zameceklany.cz\/wp-content\/uploads\/2025\/04\/1-300x200.webp 300w, https:\/\/www.zameceklany.cz\/wp-content\/uploads\/2025\/04\/1-768x511.webp 768w, https:\/\/www.zameceklany.cz\/wp-content\/uploads\/2025\/04\/1-1536x1022.webp 1536w, https:\/\/www.zameceklany.cz\/wp-content\/uploads\/2025\/04\/1.webp 1920w\" sizes=\"(max-width: 800px) 100vw, 800px\" \/>\t\t\t\t\t\t\t\t\t\t\t\t\t\t\t<\/div>\n\t\t\t\t<\/div>\n\t\t\t\t<\/div>\n\t\t\t\t\t<\/div>\n\t\t\t\t<\/div>\n\t\t<div class=\"elementor-element elementor-element-793cada e-flex e-con-boxed e-con e-parent\" data-id=\"793cada\" data-element_type=\"container\" data-settings=\"{&quot;background_background&quot;:&quot;classic&quot;}\">\n\t\t\t\t\t<div class=\"e-con-inner\">\n\t\t<div class=\"elementor-element elementor-element-f01da07 e-con-full e-flex e-con e-child\" data-id=\"f01da07\" data-element_type=\"container\">\n\t\t\t\t<div class=\"elementor-element elementor-element-e39ede4 elementor-widget elementor-widget-heading\" data-id=\"e39ede4\" data-element_type=\"widget\" data-widget_type=\"heading.default\">\n\t\t\t\t<div class=\"elementor-widget-container\">\n\t\t\t\t\t<h2 class=\"elementor-heading-title elementor-size-default\">Entdecken Sie den Zauber der Natur und Entspannung im Wildpark Soutok<\/h2>\t\t\t\t<\/div>\n\t\t\t\t<\/div>\n\t\t\t\t<div class=\"elementor-element elementor-element-0090c02 elementor-widget elementor-widget-text-editor\" data-id=\"0090c02\" data-element_type=\"widget\" data-widget_type=\"text-editor.default\">\n\t\t\t\t<div class=\"elementor-widget-container\">\n\t\t\t\t\t\t\t\t\t<p>Z\u00e1me\u010dek L\u00e1ny, eingebettet in die malerische Umgebung des Naturwildparks Soutok, bietet unz\u00e4hlige M\u00f6glichkeiten f\u00fcr Erholung und aktive Freizeitgestaltung. Die umliegende Natur l\u00e4dt zu <strong>Spazierg\u00e4ngen oder Radtouren<\/strong> auf ruhigen Waldwegen ein, wo Sie die vielf\u00e4ltige Fauna und Flora dieses einzigartigen Naturreservats bewundern k\u00f6nnen. <\/p><p>F\u00fcr Geschichtsliebhaber besteht die M\u00f6glichkeit, die <strong>nahegelegenen Kulturdenkm\u00e4ler<\/strong> zu besuchen, w\u00e4hrend Ruhesuchende <strong>Angeln in den lokalen Teichen<\/strong> oder <strong>ein Picknick im wundersch\u00f6nen Schlosspark<\/strong> genie\u00dfen k\u00f6nnen. In den Wintermonaten ist der Wildpark der ideale Ort f\u00fcr Langlauf. <\/p><p>Ob Sie Entspannung in der Natur, sportliche Aktivit\u00e4ten oder die Erkundung der umliegenden Landschaft suchen, das Schlosshotel im Wildpark Soutok bietet Ihnen die perfekte Basis f\u00fcr jede Aktivit\u00e4t.<\/p>\t\t\t\t\t\t\t\t<\/div>\n\t\t\t\t<\/div>\n\t\t\t\t<\/div>\n\t\t<div class=\"elementor-element elementor-element-303bcf7 e-con-full e-flex e-con e-child\" data-id=\"303bcf7\" data-element_type=\"container\">\n\t\t<div class=\"elementor-element elementor-element-87b0cd7 e-grid e-con-full e-con e-child\" data-id=\"87b0cd7\" data-element_type=\"container\">\n\t\t\t\t<div class=\"elementor-element elementor-element-6e70ccf elementor-widget elementor-widget-image\" data-id=\"6e70ccf\" data-element_type=\"widget\" data-widget_type=\"image.default\">\n\t\t\t\t<div class=\"elementor-widget-container\">\n\t\t\t\t\t\t\t\t\t\t\t\t\t\t\t<img decoding=\"async\" width=\"800\" height=\"533\" src=\"https:\/\/www.zameceklany.cz\/wp-content\/uploads\/2025\/04\/2-1024x682.webp\" class=\"attachment-large size-large wp-image-1964\" alt=\"\" srcset=\"https:\/\/www.zameceklany.cz\/wp-content\/uploads\/2025\/04\/2-1024x682.webp 1024w, https:\/\/www.zameceklany.cz\/wp-content\/uploads\/2025\/04\/2-300x200.webp 300w, https:\/\/www.zameceklany.cz\/wp-content\/uploads\/2025\/04\/2-768x512.webp 768w, https:\/\/www.zameceklany.cz\/wp-content\/uploads\/2025\/04\/2-1536x1023.webp 1536w, https:\/\/www.zameceklany.cz\/wp-content\/uploads\/2025\/04\/2.webp 1920w\" sizes=\"(max-width: 800px) 100vw, 800px\" \/>\t\t\t\t\t\t\t\t\t\t\t\t\t\t\t<\/div>\n\t\t\t\t<\/div>\n\t\t\t\t<div class=\"elementor-element elementor-element-cfa27f9 elementor-widget elementor-widget-image\" data-id=\"cfa27f9\" data-element_type=\"widget\" data-widget_type=\"image.default\">\n\t\t\t\t<div class=\"elementor-widget-container\">\n\t\t\t\t\t\t\t\t\t\t\t\t\t\t\t<img decoding=\"async\" width=\"800\" height=\"533\" src=\"https:\/\/www.zameceklany.cz\/wp-content\/uploads\/2025\/04\/3-1024x682.webp\" class=\"attachment-large size-large wp-image-1965\" alt=\"\" srcset=\"https:\/\/www.zameceklany.cz\/wp-content\/uploads\/2025\/04\/3-1024x682.webp 1024w, https:\/\/www.zameceklany.cz\/wp-content\/uploads\/2025\/04\/3-300x200.webp 300w, https:\/\/www.zameceklany.cz\/wp-content\/uploads\/2025\/04\/3-768x512.webp 768w, https:\/\/www.zameceklany.cz\/wp-content\/uploads\/2025\/04\/3-1536x1023.webp 1536w, https:\/\/www.zameceklany.cz\/wp-content\/uploads\/2025\/04\/3.webp 1920w\" sizes=\"(max-width: 800px) 100vw, 800px\" \/>\t\t\t\t\t\t\t\t\t\t\t\t\t\t\t<\/div>\n\t\t\t\t<\/div>\n\t\t\t\t<div class=\"elementor-element elementor-element-4d3ff5e elementor-widget elementor-widget-image\" data-id=\"4d3ff5e\" data-element_type=\"widget\" data-widget_type=\"image.default\">\n\t\t\t\t<div class=\"elementor-widget-container\">\n\t\t\t\t\t\t\t\t\t\t\t\t\t\t\t<img loading=\"lazy\" decoding=\"async\" width=\"800\" height=\"533\" src=\"https:\/\/www.zameceklany.cz\/wp-content\/uploads\/2025\/04\/4-1024x682.webp\" class=\"attachment-large size-large wp-image-1966\" alt=\"\" srcset=\"https:\/\/www.zameceklany.cz\/wp-content\/uploads\/2025\/04\/4-1024x682.webp 1024w, https:\/\/www.zameceklany.cz\/wp-content\/uploads\/2025\/04\/4-300x200.webp 300w, https:\/\/www.zameceklany.cz\/wp-content\/uploads\/2025\/04\/4-768x512.webp 768w, https:\/\/www.zameceklany.cz\/wp-content\/uploads\/2025\/04\/4-1536x1023.webp 1536w, https:\/\/www.zameceklany.cz\/wp-content\/uploads\/2025\/04\/4.webp 1920w\" sizes=\"(max-width: 800px) 100vw, 800px\" \/>\t\t\t\t\t\t\t\t\t\t\t\t\t\t\t<\/div>\n\t\t\t\t<\/div>\n\t\t\t\t<div class=\"elementor-element elementor-element-2a48630 elementor-widget elementor-widget-image\" data-id=\"2a48630\" data-element_type=\"widget\" data-widget_type=\"image.default\">\n\t\t\t\t<div class=\"elementor-widget-container\">\n\t\t\t\t\t\t\t\t\t\t\t\t\t\t\t<img loading=\"lazy\" decoding=\"async\" width=\"800\" height=\"533\" src=\"https:\/\/www.zameceklany.cz\/wp-content\/uploads\/2025\/04\/5-1024x682.webp\" class=\"attachment-large size-large wp-image-1967\" alt=\"\" srcset=\"https:\/\/www.zameceklany.cz\/wp-content\/uploads\/2025\/04\/5-1024x682.webp 1024w, https:\/\/www.zameceklany.cz\/wp-content\/uploads\/2025\/04\/5-300x200.webp 300w, https:\/\/www.zameceklany.cz\/wp-content\/uploads\/2025\/04\/5-768x511.webp 768w, https:\/\/www.zameceklany.cz\/wp-content\/uploads\/2025\/04\/5-1536x1022.webp 1536w, https:\/\/www.zameceklany.cz\/wp-content\/uploads\/2025\/04\/5.webp 1920w\" sizes=\"(max-width: 800px) 100vw, 800px\" \/>\t\t\t\t\t\t\t\t\t\t\t\t\t\t\t<\/div>\n\t\t\t\t<\/div>\n\t\t\t\t<\/div>\n\t\t\t\t<\/div>\n\t\t\t\t\t<\/div>\n\t\t\t\t<\/div>\n\t\t<div class=\"elementor-element elementor-element-7d2da01 e-flex e-con-boxed e-con e-parent\" data-id=\"7d2da01\" data-element_type=\"container\">\n\t\t\t\t\t<div class=\"e-con-inner\">\n\t\t<div class=\"elementor-element elementor-element-54c3e54 e-con-full e-flex e-con e-child\" data-id=\"54c3e54\" data-element_type=\"container\">\n\t\t\t\t<div class=\"elementor-element elementor-element-93de155 elementor-widget elementor-widget-image\" data-id=\"93de155\" data-element_type=\"widget\" data-widget_type=\"image.default\">\n\t\t\t\t<div class=\"elementor-widget-container\">\n\t\t\t\t\t\t\t\t\t\t\t\t\t\t\t<img loading=\"lazy\" decoding=\"async\" width=\"681\" height=\"1024\" src=\"https:\/\/www.zameceklany.cz\/wp-content\/uploads\/2025\/04\/6-681x1024.webp\" class=\"attachment-large size-large wp-image-1968\" alt=\"\" srcset=\"https:\/\/www.zameceklany.cz\/wp-content\/uploads\/2025\/04\/6-681x1024.webp 681w, https:\/\/www.zameceklany.cz\/wp-content\/uploads\/2025\/04\/6-200x300.webp 200w, https:\/\/www.zameceklany.cz\/wp-content\/uploads\/2025\/04\/6-768x1154.webp 768w, https:\/\/www.zameceklany.cz\/wp-content\/uploads\/2025\/04\/6-1022x1536.webp 1022w, https:\/\/www.zameceklany.cz\/wp-content\/uploads\/2025\/04\/6-1362x2048.webp 1362w, https:\/\/www.zameceklany.cz\/wp-content\/uploads\/2025\/04\/6-scaled.webp 1703w\" sizes=\"(max-width: 681px) 100vw, 681px\" \/>\t\t\t\t\t\t\t\t\t\t\t\t\t\t\t<\/div>\n\t\t\t\t<\/div>\n\t\t\t\t<\/div>\n\t\t<div class=\"elementor-element elementor-element-b2522d3 e-con-full e-flex e-con e-child\" data-id=\"b2522d3\" data-element_type=\"container\">\n\t\t\t\t<div class=\"elementor-element elementor-element-a1c66bf elementor-widget elementor-widget-heading\" data-id=\"a1c66bf\" data-element_type=\"widget\" data-widget_type=\"heading.default\">\n\t\t\t\t<div class=\"elementor-widget-container\">\n\t\t\t\t\t<h2 class=\"elementor-heading-title elementor-size-default\">G\u00e4steservice<\/h2>\t\t\t\t<\/div>\n\t\t\t\t<\/div>\n\t\t\t\t<div class=\"elementor-element elementor-element-ec34312 elementor-widget elementor-widget-heading\" data-id=\"ec34312\" data-element_type=\"widget\" data-widget_type=\"heading.default\">\n\t\t\t\t<div class=\"elementor-widget-container\">\n\t\t\t\t\t<h3 class=\"elementor-heading-title elementor-size-default\">Wir bieten Ihnen\nnur das Beste<\/h3>\t\t\t\t<\/div>\n\t\t\t\t<\/div>\n\t\t\t\t<div class=\"elementor-element elementor-element-97bc375 elementor-widget elementor-widget-text-editor\" data-id=\"97bc375\" data-element_type=\"widget\" data-widget_type=\"text-editor.default\">\n\t\t\t\t<div class=\"elementor-widget-container\">\n\t\t\t\t\t\t\t\t\t<p>Egal ob Sie direkt im Z\u00e1me\u010dek L\u00e1ny oder in der Dependance Stroodel \u00fcbernachten, wir sorgen daf\u00fcr, dass Ihr Aufenthalt unvergesslich wird. Wir bieten eine breite Palette an Dienstleistungen, die Ihnen maximalen Komfort garantieren. F\u00fcr den maximalen Komfort unserer G\u00e4ste steht eine Internetverbindung \u00fcber das Starlink-Netzwerk zur Verf\u00fcgung \u2013 da das Gebiet nicht vollst\u00e4ndig mit GSM-Signal abgedeckt ist. Zu den Dienstleistungen auf dem Gel\u00e4nde des Z\u00e1me\u010dek L\u00e1ny geh\u00f6ren auch Parkpl\u00e4tze und Zimmerservice.<br>Gerne organisieren wir f\u00fcr Sie auch Buchungen f\u00fcr Ausfl\u00fcge in die Umgebung, entspannende Massagen oder spezielle W\u00fcnsche im Zusammenhang mit Ihrem Aufenthalt.   <\/p>\n<p>Unser freundliches und professionelles Personal ist stets bereit, Ihre W\u00fcnsche zu erf\u00fcllen, damit Sie die Ruhe und Gelassenheit inmitten der wundersch\u00f6nen Natur in vollen Z\u00fcgen genie\u00dfen k\u00f6nnen.<\/p>\t\t\t\t\t\t\t\t<\/div>\n\t\t\t\t<\/div>\n\t\t\t\t<div class=\"elementor-element elementor-element-c41cb17 elementor-widget elementor-widget-image\" data-id=\"c41cb17\" data-element_type=\"widget\" data-widget_type=\"image.default\">\n\t\t\t\t<div class=\"elementor-widget-container\">\n\t\t\t\t\t\t\t\t\t\t\t\t\t\t\t<img loading=\"lazy\" decoding=\"async\" width=\"800\" height=\"532\" src=\"https:\/\/www.zameceklany.cz\/wp-content\/uploads\/2025\/02\/jv0-3300-hdr-1024x681.webp\" class=\"attachment-large size-large wp-image-1919\" alt=\"\" srcset=\"https:\/\/www.zameceklany.cz\/wp-content\/uploads\/2025\/02\/jv0-3300-hdr-1024x681.webp 1024w, https:\/\/www.zameceklany.cz\/wp-content\/uploads\/2025\/02\/jv0-3300-hdr-300x200.webp 300w, https:\/\/www.zameceklany.cz\/wp-content\/uploads\/2025\/02\/jv0-3300-hdr-768x511.webp 768w, https:\/\/www.zameceklany.cz\/wp-content\/uploads\/2025\/02\/jv0-3300-hdr-1536x1022.webp 1536w, https:\/\/www.zameceklany.cz\/wp-content\/uploads\/2025\/02\/jv0-3300-hdr-2048x1362.webp 2048w\" sizes=\"(max-width: 800px) 100vw, 800px\" \/>\t\t\t\t\t\t\t\t\t\t\t\t\t\t\t<\/div>\n\t\t\t\t<\/div>\n\t\t\t\t<\/div>\n\t\t\t\t\t<\/div>\n\t\t\t\t<\/div>\n\t\t<div class=\"elementor-element elementor-element-d63413b e-flex e-con-boxed e-con e-parent\" data-id=\"d63413b\" data-element_type=\"container\" data-settings=\"{&quot;background_background&quot;:&quot;classic&quot;}\">\n\t\t\t\t\t<div class=\"e-con-inner\">\n\t\t<div class=\"elementor-element elementor-element-4a6b5f2 e-con-full e-flex e-con e-child\" data-id=\"4a6b5f2\" data-element_type=\"container\">\n\t\t\t\t<div class=\"elementor-element elementor-element-6f0721e elementor-widget elementor-widget-heading\" data-id=\"6f0721e\" data-element_type=\"widget\" data-widget_type=\"heading.default\">\n\t\t\t\t<div class=\"elementor-widget-container\">\n\t\t\t\t\t<h2 class=\"elementor-heading-title elementor-size-default\">Unsere Zimmer<\/h2>\t\t\t\t<\/div>\n\t\t\t\t<\/div>\n\t\t\t\t<div class=\"elementor-element elementor-element-fecaabb elementor-widget elementor-widget-text-editor\" data-id=\"fecaabb\" data-element_type=\"widget\" data-widget_type=\"text-editor.default\">\n\t\t\t\t<div class=\"elementor-widget-container\">\n\t\t\t\t\t\t\t\t\t<p>Stilvolle Zimmer im Herzen des Naturwildparks Soutok bieten eine perfekte Kombination aus Luxus und Ruhe. Genie\u00dfen Sie komfortable Ausstattung und herrliche Ausblicke in die umliegende Natur, die Ihnen vollkommene Entspannung w\u00e4hrend Ihres Aufenthalts garantieren. <\/p>\t\t\t\t\t\t\t\t<\/div>\n\t\t\t\t<\/div>\n\t\t\t\t<\/div>\n\t\t<div class=\"elementor-element elementor-element-315d114 e-con-full e-flex e-con e-child\" data-id=\"315d114\" data-element_type=\"container\">\n\t\t<div class=\"elementor-element elementor-element-72e8e77 e-grid e-con-full e-con e-child\" data-id=\"72e8e77\" data-element_type=\"container\">\n\t\t\t\t<div class=\"elementor-element elementor-element-dc9ffb1 elementor-widget elementor-widget-image\" data-id=\"dc9ffb1\" data-element_type=\"widget\" data-widget_type=\"image.default\">\n\t\t\t\t<div class=\"elementor-widget-container\">\n\t\t\t\t\t\t\t\t\t\t\t\t\t\t\t<img loading=\"lazy\" decoding=\"async\" width=\"800\" height=\"532\" src=\"https:\/\/www.zameceklany.cz\/wp-content\/uploads\/2025\/04\/8-1024x681.webp\" class=\"attachment-large size-large wp-image-1970\" alt=\"\" srcset=\"https:\/\/www.zameceklany.cz\/wp-content\/uploads\/2025\/04\/8-1024x681.webp 1024w, https:\/\/www.zameceklany.cz\/wp-content\/uploads\/2025\/04\/8-300x200.webp 300w, https:\/\/www.zameceklany.cz\/wp-content\/uploads\/2025\/04\/8-768x511.webp 768w, https:\/\/www.zameceklany.cz\/wp-content\/uploads\/2025\/04\/8-1536x1022.webp 1536w, https:\/\/www.zameceklany.cz\/wp-content\/uploads\/2025\/04\/8.webp 1920w\" sizes=\"(max-width: 800px) 100vw, 800px\" \/>\t\t\t\t\t\t\t\t\t\t\t\t\t\t\t<\/div>\n\t\t\t\t<\/div>\n\t\t\t\t<div class=\"elementor-element elementor-element-75815a8 elementor-widget elementor-widget-image\" data-id=\"75815a8\" data-element_type=\"widget\" data-widget_type=\"image.default\">\n\t\t\t\t<div class=\"elementor-widget-container\">\n\t\t\t\t\t\t\t\t\t\t\t\t\t\t\t<img loading=\"lazy\" decoding=\"async\" width=\"800\" height=\"533\" src=\"https:\/\/www.zameceklany.cz\/wp-content\/uploads\/2025\/04\/9-1024x682.webp\" class=\"attachment-large size-large wp-image-1971\" alt=\"\" srcset=\"https:\/\/www.zameceklany.cz\/wp-content\/uploads\/2025\/04\/9-1024x682.webp 1024w, https:\/\/www.zameceklany.cz\/wp-content\/uploads\/2025\/04\/9-300x200.webp 300w, https:\/\/www.zameceklany.cz\/wp-content\/uploads\/2025\/04\/9-768x511.webp 768w, https:\/\/www.zameceklany.cz\/wp-content\/uploads\/2025\/04\/9-1536x1022.webp 1536w, https:\/\/www.zameceklany.cz\/wp-content\/uploads\/2025\/04\/9.webp 1920w\" sizes=\"(max-width: 800px) 100vw, 800px\" \/>\t\t\t\t\t\t\t\t\t\t\t\t\t\t\t<\/div>\n\t\t\t\t<\/div>\n\t\t\t\t<\/div>\n\t\t\t\t<\/div>\n\t\t\t\t\t<\/div>\n\t\t\t\t<\/div>\n\t\t<div class=\"elementor-element elementor-element-707ba5c e-grid e-con-boxed e-con e-parent\" data-id=\"707ba5c\" data-element_type=\"container\" data-settings=\"{&quot;background_background&quot;:&quot;classic&quot;}\">\n\t\t\t\t\t<div class=\"e-con-inner\">\n\t\t\t\t<div class=\"elementor-element elementor-element-bf119f2 elementor-cta--valign-middle elementor-cta--skin-classic elementor-animated-content elementor-bg-transform elementor-bg-transform-zoom-in elementor-widget elementor-widget-call-to-action\" data-id=\"bf119f2\" data-element_type=\"widget\" data-widget_type=\"call-to-action.default\">\n\t\t\t\t<div class=\"elementor-widget-container\">\n\t\t\t\t\t\t\t<a class=\"elementor-cta\" href=\"https:\/\/www.zameceklany.cz\/de\/unterkunft\/schlossappartements\/schlossappartements\/\">\n\t\t\t\t\t\t\t<div class=\"elementor-cta__content\">\n\t\t\t\t\n\t\t\t\t\t\t\t\t\t<h3 class=\"elementor-cta__title elementor-cta__content-item elementor-content-item\">\n\t\t\t\t\t\tSchlossappartements\t\t\t\t\t<\/h3>\n\t\t\t\t\n\t\t\t\t\n\t\t\t\t\t\t\t<\/div>\n\t\t\t\t\t\t<\/a>\n\t\t\t\t\t\t<\/div>\n\t\t\t\t<\/div>\n\t\t\t\t<div class=\"elementor-element elementor-element-5206fb6 elementor-cta--valign-middle elementor-cta--skin-classic elementor-animated-content elementor-bg-transform elementor-bg-transform-zoom-in elementor-widget elementor-widget-call-to-action\" data-id=\"5206fb6\" data-element_type=\"widget\" data-widget_type=\"call-to-action.default\">\n\t\t\t\t<div class=\"elementor-widget-container\">\n\t\t\t\t\t\t\t<a class=\"elementor-cta\" href=\"https:\/\/www.zameceklany.cz\/de\/unterkunft\/schlossappartements\/schlosszimmer\/\">\n\t\t\t\t\t\t\t<div class=\"elementor-cta__content\">\n\t\t\t\t\n\t\t\t\t\t\t\t\t\t<h3 class=\"elementor-cta__title elementor-cta__content-item elementor-content-item\">\n\t\t\t\t\t\tSchlosszimmer\t\t\t\t\t<\/h3>\n\t\t\t\t\n\t\t\t\t\n\t\t\t\t\t\t\t<\/div>\n\t\t\t\t\t\t<\/a>\n\t\t\t\t\t\t<\/div>\n\t\t\t\t<\/div>\n\t\t\t\t<div class=\"elementor-element elementor-element-3583376 elementor-cta--valign-middle elementor-cta--skin-classic elementor-animated-content elementor-bg-transform elementor-bg-transform-zoom-in elementor-widget elementor-widget-call-to-action\" data-id=\"3583376\" data-element_type=\"widget\" data-widget_type=\"call-to-action.default\">\n\t\t\t\t<div class=\"elementor-widget-container\">\n\t\t\t\t\t\t\t<a class=\"elementor-cta\" href=\"https:\/\/www.zameceklany.cz\/de\/unterkunft\/dependance-stroodel\/\">\n\t\t\t\t\t\t\t<div class=\"elementor-cta__content\">\n\t\t\t\t\n\t\t\t\t\t\t\t\t\t<h3 class=\"elementor-cta__title elementor-cta__content-item elementor-content-item\">\n\t\t\t\t\t\tDependance Stroodel\t\t\t\t\t<\/h3>\n\t\t\t\t\n\t\t\t\t\n\t\t\t\t\t\t\t<\/div>\n\t\t\t\t\t\t<\/a>\n\t\t\t\t\t\t<\/div>\n\t\t\t\t<\/div>\n\t\t\t\t\t<\/div>\n\t\t\t\t<\/div>\n\t\t\t\t<\/div>\n\t\t","protected":false},"excerpt":{"rendered":"<p>Schl\u00f6sschen L\u00e1nyEleganz umgeben von Natur Buchen Sie Ihren Aufenthalt noch heute und erleben Sie unvergessliche Momente inmitten der Natur Willkommen in unserem stilvollen Schlosshotel, wo sich Eleganz, Komfort und der Zauber der Natur vereinen. Unser exklusives Schlosshotel bietet unvergessliche Aufenthalte nicht nur f\u00fcr Einzelg\u00e4ste, sondern auch f\u00fcr Unternehmen und gro\u00dfe Gruppen bis zu 25 Personen. [&hellip;]<\/p>\n","protected":false},"author":2,"featured_media":0,"parent":0,"menu_order":0,"comment_status":"closed","ping_status":"closed","template":"elementor_header_footer","meta":{"footnotes":"","_links_to":"","_links_to_target":""},"class_list":["post-1954","page","type-page","status-publish","hentry"],"_links":{"self":[{"href":"https:\/\/www.zameceklany.cz\/de\/wp-json\/wp\/v2\/pages\/1954","targetHints":{"allow":["GET"]}}],"collection":[{"href":"https:\/\/www.zameceklany.cz\/de\/wp-json\/wp\/v2\/pages"}],"about":[{"href":"https:\/\/www.zameceklany.cz\/de\/wp-json\/wp\/v2\/types\/page"}],"author":[{"embeddable":true,"href":"https:\/\/www.zameceklany.cz\/de\/wp-json\/wp\/v2\/users\/2"}],"replies":[{"embeddable":true,"href":"https:\/\/www.zameceklany.cz\/de\/wp-json\/wp\/v2\/comments?post=1954"}],"version-history":[{"count":3,"href":"https:\/\/www.zameceklany.cz\/de\/wp-json\/wp\/v2\/pages\/1954\/revisions"}],"predecessor-version":[{"id":2536,"href":"https:\/\/www.zameceklany.cz\/de\/wp-json\/wp\/v2\/pages\/1954\/revisions\/2536"}],"wp:attachment":[{"href":"https:\/\/www.zameceklany.cz\/de\/wp-json\/wp\/v2\/media?parent=1954"}],"curies":[{"name":"wp","href":"https:\/\/api.w.org\/{rel}","templated":true}]}}