{"id":1925,"date":"2025-03-20T09:46:02","date_gmt":"2025-03-20T08:46:02","guid":{"rendered":"https:\/\/www.zameceklany.cz\/geschichte-des-schloesschens\/"},"modified":"2025-11-05T12:00:03","modified_gmt":"2025-11-05T11:00:03","slug":"geschichte-des-schloesschens","status":"publish","type":"page","link":"https:\/\/www.zameceklany.cz\/de\/ueber-das-schloesschen\/geschichte-des-schloesschens\/","title":{"rendered":"Geschichte des Schl\u00f6sschens"},"content":{"rendered":"\t\t<div data-elementor-type=\"wp-page\" data-elementor-id=\"1925\" class=\"elementor elementor-1925 elementor-976\" data-elementor-post-type=\"page\">\n\t\t\t\t<div class=\"elementor-element elementor-element-51e89b3 e-flex e-con-boxed e-con e-parent\" data-id=\"51e89b3\" data-element_type=\"container\" data-settings=\"{&quot;background_background&quot;:&quot;classic&quot;}\">\n\t\t\t\t\t<div class=\"e-con-inner\">\n\t\t\t\t<div class=\"elementor-element elementor-element-e23a70c elementor-widget elementor-widget-heading\" data-id=\"e23a70c\" data-element_type=\"widget\" data-widget_type=\"heading.default\">\n\t\t\t\t<div class=\"elementor-widget-container\">\n\t\t\t\t\t<p class=\"elementor-heading-title elementor-size-default\">Schl\u00f6sschen L\u00e1ny<\/p>\t\t\t\t<\/div>\n\t\t\t\t<\/div>\n\t\t\t\t<div class=\"elementor-element elementor-element-cd1c10f elementor-widget elementor-widget-heading\" data-id=\"cd1c10f\" data-element_type=\"widget\" data-widget_type=\"heading.default\">\n\t\t\t\t<div class=\"elementor-widget-container\">\n\t\t\t\t\t<h1 class=\"elementor-heading-title elementor-size-default\">Geschichte des Schl\u00f6sschens L\u00e1ny\n<\/h1>\t\t\t\t<\/div>\n\t\t\t\t<\/div>\n\t\t\t\t\t<\/div>\n\t\t\t\t<\/div>\n\t\t<div class=\"elementor-element elementor-element-9a58d17 e-flex e-con-boxed e-con e-parent\" data-id=\"9a58d17\" data-element_type=\"container\" data-settings=\"{&quot;background_background&quot;:&quot;classic&quot;}\">\n\t\t\t\t\t<div class=\"e-con-inner\">\n\t\t<div class=\"elementor-element elementor-element-95b8d50 e-con-full e-flex e-con e-child\" data-id=\"95b8d50\" data-element_type=\"container\">\n\t\t\t\t<div class=\"elementor-element elementor-element-c569e6e elementor-widget elementor-widget-text-editor\" data-id=\"c569e6e\" data-element_type=\"widget\" data-widget_type=\"text-editor.default\">\n\t\t\t\t<div class=\"elementor-widget-container\">\n\t\t\t\t\t\t\t\t\t<p class=\"p1\">Dieses Salet ist das s\u00fcdlichste aller urspr\u00fcnglichen liechtensteinischen Bauten des Areals Lednice-Valtice.<\/p><p class=\"p1\">F\u00fcrst Johann I. Josef von Liechtenstein lie\u00df es in den Jahren 1810-1812 als Jagdschl\u00f6sschen errichten, und Architekt Josef Hardtmuth wurde mit seiner Realisierung beauftragt. 100 Jahre sp\u00e4ter erfolgte ein Umbau, und wie historische Fotografien belegen, hielt sich der letzte regierende F\u00fcrst <b>Franz I. von<\/b> <b>Liechtenstein<\/b> gerne mit seiner Gemahlin Elsa von Gutmann darin auf. <b> <\/b>Wenn der Adel zu Pferd, begleitet von Hunden, zur Parforcejagd in die weitere Umgebung seines Herrschaftsgebiets aufbrach, diente das Jagdschl\u00f6sschen L\u00e1ny als St\u00fctzpunkt.<\/p><p class=\"p1\">In den 1860er Jahren  <span class=\"Apple-converted-space\">  <\/span>Um das Schloss herum entstand ein Wildgehege, in dem die Liechtensteiner Hirsche und Damhirsche hielten. Nach 1945 befand sich das Schloss in einer Grenzzone mit Zutrittsverbot und diente als Sitz einer Grenzkompanie. Nach dem Abzug der Soldaten blieb das Schl\u00f6sschen verw\u00fcstet und verfiel.  <\/p>\t\t\t\t\t\t\t\t<\/div>\n\t\t\t\t<\/div>\n\t\t\t\t<\/div>\n\t\t<div class=\"elementor-element elementor-element-53d4fd6 e-con-full e-flex e-con e-child\" data-id=\"53d4fd6\" data-element_type=\"container\">\n\t\t<div class=\"elementor-element elementor-element-eb7a3ef e-grid e-con-full e-con e-child\" data-id=\"eb7a3ef\" data-element_type=\"container\">\n\t\t\t\t<div class=\"elementor-element elementor-element-73cae79 elementor-widget elementor-widget-image\" data-id=\"73cae79\" data-element_type=\"widget\" data-widget_type=\"image.default\">\n\t\t\t\t<div class=\"elementor-widget-container\">\n\t\t\t\t\t\t\t\t\t\t\t\t\t\t\t<img fetchpriority=\"high\" decoding=\"async\" width=\"550\" height=\"408\" src=\"https:\/\/www.zameceklany.cz\/wp-content\/uploads\/2025\/03\/historie-01.webp\" class=\"attachment-large size-large wp-image-1782\" alt=\"\" srcset=\"https:\/\/www.zameceklany.cz\/wp-content\/uploads\/2025\/03\/historie-01.webp 550w, https:\/\/www.zameceklany.cz\/wp-content\/uploads\/2025\/03\/historie-01-300x223.webp 300w\" sizes=\"(max-width: 550px) 100vw, 550px\" \/>\t\t\t\t\t\t\t\t\t\t\t\t\t\t\t<\/div>\n\t\t\t\t<\/div>\n\t\t\t\t<div class=\"elementor-element elementor-element-610f15f elementor-widget elementor-widget-image\" data-id=\"610f15f\" data-element_type=\"widget\" data-widget_type=\"image.default\">\n\t\t\t\t<div class=\"elementor-widget-container\">\n\t\t\t\t\t\t\t\t\t\t\t\t\t\t\t<img decoding=\"async\" width=\"800\" height=\"600\" src=\"https:\/\/www.zameceklany.cz\/wp-content\/uploads\/2025\/03\/historie-lany-002.webp\" class=\"attachment-large size-large wp-image-1930\" alt=\"\" srcset=\"https:\/\/www.zameceklany.cz\/wp-content\/uploads\/2025\/03\/historie-lany-002.webp 800w, https:\/\/www.zameceklany.cz\/wp-content\/uploads\/2025\/03\/historie-lany-002-300x225.webp 300w, https:\/\/www.zameceklany.cz\/wp-content\/uploads\/2025\/03\/historie-lany-002-768x576.webp 768w\" sizes=\"(max-width: 800px) 100vw, 800px\" \/>\t\t\t\t\t\t\t\t\t\t\t\t\t\t\t<\/div>\n\t\t\t\t<\/div>\n\t\t\t\t<div class=\"elementor-element elementor-element-7b68e6d elementor-widget elementor-widget-image\" data-id=\"7b68e6d\" data-element_type=\"widget\" data-widget_type=\"image.default\">\n\t\t\t\t<div class=\"elementor-widget-container\">\n\t\t\t\t\t\t\t\t\t\t\t\t\t\t\t<img decoding=\"async\" width=\"480\" height=\"360\" src=\"https:\/\/www.zameceklany.cz\/wp-content\/uploads\/2025\/03\/historie-lany-003.webp\" class=\"attachment-large size-large wp-image-1931\" alt=\"\" srcset=\"https:\/\/www.zameceklany.cz\/wp-content\/uploads\/2025\/03\/historie-lany-003.webp 480w, https:\/\/www.zameceklany.cz\/wp-content\/uploads\/2025\/03\/historie-lany-003-300x225.webp 300w\" sizes=\"(max-width: 480px) 100vw, 480px\" \/>\t\t\t\t\t\t\t\t\t\t\t\t\t\t\t<\/div>\n\t\t\t\t<\/div>\n\t\t\t\t<div class=\"elementor-element elementor-element-5abbbc8 elementor-widget elementor-widget-image\" data-id=\"5abbbc8\" data-element_type=\"widget\" data-widget_type=\"image.default\">\n\t\t\t\t<div class=\"elementor-widget-container\">\n\t\t\t\t\t\t\t\t\t\t\t\t\t\t\t<img loading=\"lazy\" decoding=\"async\" width=\"800\" height=\"513\" src=\"https:\/\/www.zameceklany.cz\/wp-content\/uploads\/2025\/03\/historie-gal-05.webp\" class=\"attachment-large size-large wp-image-1932\" alt=\"\" srcset=\"https:\/\/www.zameceklany.cz\/wp-content\/uploads\/2025\/03\/historie-gal-05.webp 900w, https:\/\/www.zameceklany.cz\/wp-content\/uploads\/2025\/03\/historie-gal-05-300x192.webp 300w, https:\/\/www.zameceklany.cz\/wp-content\/uploads\/2025\/03\/historie-gal-05-768x492.webp 768w\" sizes=\"(max-width: 800px) 100vw, 800px\" \/>\t\t\t\t\t\t\t\t\t\t\t\t\t\t\t<\/div>\n\t\t\t\t<\/div>\n\t\t\t\t<div class=\"elementor-element elementor-element-320daf0 elementor-widget elementor-widget-image\" data-id=\"320daf0\" data-element_type=\"widget\" data-widget_type=\"image.default\">\n\t\t\t\t<div class=\"elementor-widget-container\">\n\t\t\t\t\t\t\t\t\t\t\t\t\t\t\t<img loading=\"lazy\" decoding=\"async\" width=\"480\" height=\"360\" src=\"https:\/\/www.zameceklany.cz\/wp-content\/uploads\/2025\/05\/img-0818.webp\" class=\"attachment-large size-large wp-image-1933\" alt=\"\" srcset=\"https:\/\/www.zameceklany.cz\/wp-content\/uploads\/2025\/05\/img-0818.webp 480w, https:\/\/www.zameceklany.cz\/wp-content\/uploads\/2025\/05\/img-0818-300x225.webp 300w\" sizes=\"(max-width: 480px) 100vw, 480px\" \/>\t\t\t\t\t\t\t\t\t\t\t\t\t\t\t<\/div>\n\t\t\t\t<\/div>\n\t\t\t\t<div class=\"elementor-element elementor-element-d22815e elementor-widget elementor-widget-image\" data-id=\"d22815e\" data-element_type=\"widget\" data-widget_type=\"image.default\">\n\t\t\t\t<div class=\"elementor-widget-container\">\n\t\t\t\t\t\t\t\t\t\t\t\t\t\t\t<img loading=\"lazy\" decoding=\"async\" width=\"800\" height=\"570\" src=\"https:\/\/www.zameceklany.cz\/wp-content\/uploads\/2025\/05\/img-1275-1024x729.webp\" class=\"attachment-large size-large wp-image-1934\" alt=\"\" srcset=\"https:\/\/www.zameceklany.cz\/wp-content\/uploads\/2025\/05\/img-1275-1024x729.webp 1024w, https:\/\/www.zameceklany.cz\/wp-content\/uploads\/2025\/05\/img-1275-300x213.webp 300w, https:\/\/www.zameceklany.cz\/wp-content\/uploads\/2025\/05\/img-1275-768x546.webp 768w, https:\/\/www.zameceklany.cz\/wp-content\/uploads\/2025\/05\/img-1275-1536x1093.webp 1536w, https:\/\/www.zameceklany.cz\/wp-content\/uploads\/2025\/05\/img-1275.webp 1920w\" sizes=\"(max-width: 800px) 100vw, 800px\" \/>\t\t\t\t\t\t\t\t\t\t\t\t\t\t\t<\/div>\n\t\t\t\t<\/div>\n\t\t\t\t<\/div>\n\t\t\t\t<\/div>\n\t\t\t\t\t<\/div>\n\t\t\t\t<\/div>\n\t\t<div class=\"elementor-element elementor-element-6a193d7 e-flex e-con-boxed e-con e-parent\" data-id=\"6a193d7\" data-element_type=\"container\" data-settings=\"{&quot;background_background&quot;:&quot;classic&quot;}\">\n\t\t\t\t\t<div class=\"e-con-inner\">\n\t\t<div class=\"elementor-element elementor-element-b0c9303 e-con-full e-flex e-con e-child\" data-id=\"b0c9303\" data-element_type=\"container\">\n\t\t<div class=\"elementor-element elementor-element-06dd40b e-grid e-con-full e-con e-child\" data-id=\"06dd40b\" data-element_type=\"container\">\n\t\t\t\t<div class=\"elementor-element elementor-element-8dc6c38 elementor-widget elementor-widget-image\" data-id=\"8dc6c38\" data-element_type=\"widget\" data-widget_type=\"image.default\">\n\t\t\t\t<div class=\"elementor-widget-container\">\n\t\t\t\t\t\t\t\t\t\t\t\t\t\t\t<img loading=\"lazy\" decoding=\"async\" width=\"768\" height=\"1024\" src=\"https:\/\/www.zameceklany.cz\/wp-content\/uploads\/2025\/04\/img-7735-768x1024.webp\" class=\"attachment-large size-large wp-image-1926\" alt=\"\" srcset=\"https:\/\/www.zameceklany.cz\/wp-content\/uploads\/2025\/04\/img-7735-768x1024.webp 768w, https:\/\/www.zameceklany.cz\/wp-content\/uploads\/2025\/04\/img-7735-225x300.webp 225w, https:\/\/www.zameceklany.cz\/wp-content\/uploads\/2025\/04\/img-7735-1152x1536.webp 1152w, https:\/\/www.zameceklany.cz\/wp-content\/uploads\/2025\/04\/img-7735-1536x2048.webp 1536w, https:\/\/www.zameceklany.cz\/wp-content\/uploads\/2025\/04\/img-7735.webp 1920w\" sizes=\"(max-width: 768px) 100vw, 768px\" \/>\t\t\t\t\t\t\t\t\t\t\t\t\t\t\t<\/div>\n\t\t\t\t<\/div>\n\t\t\t\t<div class=\"elementor-element elementor-element-adf46c4 elementor-widget elementor-widget-image\" data-id=\"adf46c4\" data-element_type=\"widget\" data-widget_type=\"image.default\">\n\t\t\t\t<div class=\"elementor-widget-container\">\n\t\t\t\t\t\t\t\t\t\t\t\t\t\t\t<img loading=\"lazy\" decoding=\"async\" width=\"800\" height=\"532\" src=\"https:\/\/www.zameceklany.cz\/wp-content\/uploads\/2025\/04\/jv0-3281-1024x681.webp\" class=\"attachment-large size-large wp-image-1927\" alt=\"\" srcset=\"https:\/\/www.zameceklany.cz\/wp-content\/uploads\/2025\/04\/jv0-3281-1024x681.webp 1024w, https:\/\/www.zameceklany.cz\/wp-content\/uploads\/2025\/04\/jv0-3281-300x200.webp 300w, https:\/\/www.zameceklany.cz\/wp-content\/uploads\/2025\/04\/jv0-3281-768x511.webp 768w, https:\/\/www.zameceklany.cz\/wp-content\/uploads\/2025\/04\/jv0-3281-1536x1022.webp 1536w, https:\/\/www.zameceklany.cz\/wp-content\/uploads\/2025\/04\/jv0-3281.webp 1920w\" sizes=\"(max-width: 800px) 100vw, 800px\" \/>\t\t\t\t\t\t\t\t\t\t\t\t\t\t\t<\/div>\n\t\t\t\t<\/div>\n\t\t\t\t<div class=\"elementor-element elementor-element-1b61387 elementor-widget elementor-widget-image\" data-id=\"1b61387\" data-element_type=\"widget\" data-widget_type=\"image.default\">\n\t\t\t\t<div class=\"elementor-widget-container\">\n\t\t\t\t\t\t\t\t\t\t\t\t\t\t\t<img loading=\"lazy\" decoding=\"async\" width=\"681\" height=\"1024\" src=\"https:\/\/www.zameceklany.cz\/wp-content\/uploads\/2025\/04\/jv0-3278-681x1024.webp\" class=\"attachment-large size-large wp-image-1928\" alt=\"\" srcset=\"https:\/\/www.zameceklany.cz\/wp-content\/uploads\/2025\/04\/jv0-3278-681x1024.webp 681w, https:\/\/www.zameceklany.cz\/wp-content\/uploads\/2025\/04\/jv0-3278-200x300.webp 200w, https:\/\/www.zameceklany.cz\/wp-content\/uploads\/2025\/04\/jv0-3278-768x1154.webp 768w, https:\/\/www.zameceklany.cz\/wp-content\/uploads\/2025\/04\/jv0-3278-1022x1536.webp 1022w, https:\/\/www.zameceklany.cz\/wp-content\/uploads\/2025\/04\/jv0-3278-1362x2048.webp 1362w, https:\/\/www.zameceklany.cz\/wp-content\/uploads\/2025\/04\/jv0-3278-scaled.webp 1703w\" sizes=\"(max-width: 681px) 100vw, 681px\" \/>\t\t\t\t\t\t\t\t\t\t\t\t\t\t\t<\/div>\n\t\t\t\t<\/div>\n\t\t\t\t<div class=\"elementor-element elementor-element-c74ed8e elementor-widget elementor-widget-image\" data-id=\"c74ed8e\" data-element_type=\"widget\" data-widget_type=\"image.default\">\n\t\t\t\t<div class=\"elementor-widget-container\">\n\t\t\t\t\t\t\t\t\t\t\t\t\t\t\t<img loading=\"lazy\" decoding=\"async\" width=\"681\" height=\"1024\" src=\"https:\/\/www.zameceklany.cz\/wp-content\/uploads\/2025\/04\/jv0-9901-681x1024.webp\" class=\"attachment-large size-large wp-image-1929\" alt=\"\" srcset=\"https:\/\/www.zameceklany.cz\/wp-content\/uploads\/2025\/04\/jv0-9901-681x1024.webp 681w, https:\/\/www.zameceklany.cz\/wp-content\/uploads\/2025\/04\/jv0-9901-200x300.webp 200w, https:\/\/www.zameceklany.cz\/wp-content\/uploads\/2025\/04\/jv0-9901-768x1154.webp 768w, https:\/\/www.zameceklany.cz\/wp-content\/uploads\/2025\/04\/jv0-9901-1022x1536.webp 1022w, https:\/\/www.zameceklany.cz\/wp-content\/uploads\/2025\/04\/jv0-9901-1362x2048.webp 1362w, https:\/\/www.zameceklany.cz\/wp-content\/uploads\/2025\/04\/jv0-9901-scaled.webp 1703w\" sizes=\"(max-width: 681px) 100vw, 681px\" \/>\t\t\t\t\t\t\t\t\t\t\t\t\t\t\t<\/div>\n\t\t\t\t<\/div>\n\t\t\t\t<\/div>\n\t\t\t\t<\/div>\n\t\t<div class=\"elementor-element elementor-element-c4933a7 e-con-full e-flex e-con e-child\" data-id=\"c4933a7\" data-element_type=\"container\">\n\t\t\t\t<div class=\"elementor-element elementor-element-3f6e5f2 elementor-widget elementor-widget-heading\" data-id=\"3f6e5f2\" data-element_type=\"widget\" data-widget_type=\"heading.default\">\n\t\t\t\t<div class=\"elementor-widget-container\">\n\t\t\t\t\t<h2 class=\"elementor-heading-title elementor-size-default\">Schlosskapelle des Heiligen Geistes<\/h2>\t\t\t\t<\/div>\n\t\t\t\t<\/div>\n\t\t\t\t<div class=\"elementor-element elementor-element-9748fed elementor-widget elementor-widget-text-editor\" data-id=\"9748fed\" data-element_type=\"widget\" data-widget_type=\"text-editor.default\">\n\t\t\t\t<div class=\"elementor-widget-container\">\n\t\t\t\t\t\t\t\t\t<p class=\"p1\">Auf dem Gel\u00e4nde des Schl\u00f6sschens L\u00e1ny finden Sie auch eine geweihte Kapelle, die diesem Ort eine einzigartige Atmosph\u00e4re verleiht. Diese bezaubernde, in die Natur eingebettete Kapelle ist ein idealer Ort f\u00fcr Momente der Stille und Besinnung. Ihre ruhige und heilige Umgebung bietet nicht nur Raum f\u00fcr private Momente, sondern auch f\u00fcr verschiedene geistliche Zeremonien wie Hochzeiten oder Taufen.  <\/p>\t\t\t\t\t\t\t\t<\/div>\n\t\t\t\t<\/div>\n\t\t\t\t<\/div>\n\t\t\t\t\t<\/div>\n\t\t\t\t<\/div>\n\t\t\t\t<\/div>\n\t\t","protected":false},"excerpt":{"rendered":"<p>Schl\u00f6sschen L\u00e1ny Geschichte des Schl\u00f6sschens L\u00e1ny Dieses Salet ist das s\u00fcdlichste aller urspr\u00fcnglichen liechtensteinischen Bauten des Areals Lednice-Valtice. F\u00fcrst Johann I. Josef von Liechtenstein lie\u00df es in den Jahren 1810-1812 als Jagdschl\u00f6sschen errichten, und Architekt Josef Hardtmuth wurde mit seiner Realisierung beauftragt. 100 Jahre sp\u00e4ter erfolgte ein Umbau, und wie historische Fotografien belegen, hielt sich [&hellip;]<\/p>\n","protected":false},"author":2,"featured_media":0,"parent":1997,"menu_order":0,"comment_status":"closed","ping_status":"closed","template":"elementor_header_footer","meta":{"footnotes":"","_links_to":"","_links_to_target":""},"class_list":["post-1925","page","type-page","status-publish","hentry"],"_links":{"self":[{"href":"https:\/\/www.zameceklany.cz\/de\/wp-json\/wp\/v2\/pages\/1925","targetHints":{"allow":["GET"]}}],"collection":[{"href":"https:\/\/www.zameceklany.cz\/de\/wp-json\/wp\/v2\/pages"}],"about":[{"href":"https:\/\/www.zameceklany.cz\/de\/wp-json\/wp\/v2\/types\/page"}],"author":[{"embeddable":true,"href":"https:\/\/www.zameceklany.cz\/de\/wp-json\/wp\/v2\/users\/2"}],"replies":[{"embeddable":true,"href":"https:\/\/www.zameceklany.cz\/de\/wp-json\/wp\/v2\/comments?post=1925"}],"version-history":[{"count":3,"href":"https:\/\/www.zameceklany.cz\/de\/wp-json\/wp\/v2\/pages\/1925\/revisions"}],"predecessor-version":[{"id":2558,"href":"https:\/\/www.zameceklany.cz\/de\/wp-json\/wp\/v2\/pages\/1925\/revisions\/2558"}],"up":[{"embeddable":true,"href":"https:\/\/www.zameceklany.cz\/de\/wp-json\/wp\/v2\/pages\/1997"}],"wp:attachment":[{"href":"https:\/\/www.zameceklany.cz\/de\/wp-json\/wp\/v2\/media?parent=1925"}],"curies":[{"name":"wp","href":"https:\/\/api.w.org\/{rel}","templated":true}]}}