{"id":1921,"date":"2025-03-07T13:10:27","date_gmt":"2025-03-07T12:10:27","guid":{"rendered":"https:\/\/www.zameceklany.cz\/aktivitaeten-in-der-umgebung-des-schloesschens\/radfahren\/"},"modified":"2025-11-05T14:28:24","modified_gmt":"2025-11-05T13:28:24","slug":"radfahren","status":"publish","type":"page","link":"https:\/\/www.zameceklany.cz\/de\/aktivitaeten-in-der-umgebung-des-schloesschens\/radfahren\/","title":{"rendered":"Radfahren"},"content":{"rendered":"\t\t<div data-elementor-type=\"wp-page\" data-elementor-id=\"1921\" class=\"elementor elementor-1921 elementor-603\" data-elementor-post-type=\"page\">\n\t\t\t\t<div class=\"elementor-element elementor-element-59b21ff e-flex e-con-boxed e-con e-parent\" data-id=\"59b21ff\" data-element_type=\"container\" data-settings=\"{&quot;background_background&quot;:&quot;classic&quot;}\">\n\t\t\t\t\t<div class=\"e-con-inner\">\n\t\t\t\t<div class=\"elementor-element elementor-element-efd283e elementor-widget elementor-widget-heading\" data-id=\"efd283e\" data-element_type=\"widget\" data-widget_type=\"heading.default\">\n\t\t\t\t<div class=\"elementor-widget-container\">\n\t\t\t\t\t<p class=\"elementor-heading-title elementor-size-default\">Kommen Sie zur Entspannung.<\/p>\t\t\t\t<\/div>\n\t\t\t\t<\/div>\n\t\t\t\t<div class=\"elementor-element elementor-element-d75ad8c elementor-widget elementor-widget-heading\" data-id=\"d75ad8c\" data-element_type=\"widget\" data-widget_type=\"heading.default\">\n\t\t\t\t<div class=\"elementor-widget-container\">\n\t\t\t\t\t<h1 class=\"elementor-heading-title elementor-size-default\">Radfahren<\/h1>\t\t\t\t<\/div>\n\t\t\t\t<\/div>\n\t\t\t\t\t<\/div>\n\t\t\t\t<\/div>\n\t\t<div class=\"elementor-element elementor-element-85f5557 e-flex e-con-boxed e-con e-parent\" data-id=\"85f5557\" data-element_type=\"container\" id=\"vice\" data-settings=\"{&quot;background_background&quot;:&quot;classic&quot;}\">\n\t\t\t\t\t<div class=\"e-con-inner\">\n\t\t<div class=\"elementor-element elementor-element-6739ebf e-con-full e-flex e-con e-child\" data-id=\"6739ebf\" data-element_type=\"container\">\n\t\t\t\t<div class=\"elementor-element elementor-element-cb879a5 elementor-widget elementor-widget-heading\" data-id=\"cb879a5\" data-element_type=\"widget\" data-widget_type=\"heading.default\">\n\t\t\t\t<div class=\"elementor-widget-container\">\n\t\t\t\t\t<h3 class=\"elementor-heading-title elementor-size-default\">Minimaler Verkehr, nahezu eben, kilometerlange Strecken, ob ausgeschilderte oder nur klassische Feldwege.<\/h3>\t\t\t\t<\/div>\n\t\t\t\t<\/div>\n\t\t\t\t<div class=\"elementor-element elementor-element-7bcd18f elementor-widget elementor-widget-text-editor\" data-id=\"7bcd18f\" data-element_type=\"widget\" data-widget_type=\"text-editor.default\">\n\t\t\t\t<div class=\"elementor-widget-container\">\n\t\t\t\t\t\t\t\t\t<p>Minimaler Verkehr, nahezu eben, kilometerlange Strecken, ob ausgeschilderte oder nur klassische Feldwege.<\/p><p>Ein Vergn\u00fcgen f\u00fcr Radfahrer.<\/p><p>Und wenn Sie dazu noch eine Oase der <a href=\"https:\/\/www.zameceklany.cz\/de\/gastronomie\/\">Erfrischung<\/a> oder sogar die <a href=\"https:\/\/www.zameceklany.cz\/de\/unterkunft\/dependance-stroodel\/\">Unterkunft Stroodel<\/a> hinzuf\u00fcgen, die Sie auf unserem Gel\u00e4nde von <a href=\"https:\/\/www.zameceklany.cz\/de\/ueber-das-schloesschen\/\">Schloss L\u00e1ny<\/a> finden, und dadurch die M\u00f6glichkeiten zur weiteren Erkundung erweitern, werden Sie schnell feststellen, dass Sie sich im Fahrradparadies des Lednice-Valtice Areals befinden!<\/p><p>Zugegeben, viele H\u00fcgel werden Sie hier nicht genie\u00dfen, aber mal ehrlich, wer m\u00f6chte schon st\u00e4ndig bergauf radeln&#8230;<\/p>\t\t\t\t\t\t\t\t<\/div>\n\t\t\t\t<\/div>\n\t\t\t\t<\/div>\n\t\t<div class=\"elementor-element elementor-element-7101c3b e-con-full e-flex e-con e-child\" data-id=\"7101c3b\" data-element_type=\"container\">\n\t\t\t\t<div class=\"elementor-element elementor-element-8445c34 elementor-widget elementor-widget-image\" data-id=\"8445c34\" data-element_type=\"widget\" data-widget_type=\"image.default\">\n\t\t\t\t<div class=\"elementor-widget-container\">\n\t\t\t\t\t\t\t\t\t\t\t\t\t\t\t<img fetchpriority=\"high\" decoding=\"async\" width=\"550\" height=\"400\" src=\"https:\/\/www.zameceklany.cz\/wp-content\/uploads\/2025\/03\/aktivity-cyklo-03.webp\" class=\"attachment-large size-large wp-image-1923\" alt=\"\" srcset=\"https:\/\/www.zameceklany.cz\/wp-content\/uploads\/2025\/03\/aktivity-cyklo-03.webp 550w, https:\/\/www.zameceklany.cz\/wp-content\/uploads\/2025\/03\/aktivity-cyklo-03-300x218.webp 300w\" sizes=\"(max-width: 550px) 100vw, 550px\" \/>\t\t\t\t\t\t\t\t\t\t\t\t\t\t\t<\/div>\n\t\t\t\t<\/div>\n\t\t\t\t<\/div>\n\t\t\t\t\t<\/div>\n\t\t\t\t<\/div>\n\t\t<div class=\"elementor-element elementor-element-ef33c6c e-flex e-con-boxed e-con e-parent\" data-id=\"ef33c6c\" data-element_type=\"container\" data-settings=\"{&quot;background_background&quot;:&quot;classic&quot;}\">\n\t\t\t\t\t<div class=\"e-con-inner\">\n\t\t\t\t<div class=\"elementor-element elementor-element-52d5c81 elementor-widget elementor-widget-heading\" data-id=\"52d5c81\" data-element_type=\"widget\" data-widget_type=\"heading.default\">\n\t\t\t\t<div class=\"elementor-widget-container\">\n\t\t\t\t\t<h2 class=\"elementor-heading-title elementor-size-default\">Verleih von Tretrollern und E-Bikes<\/h2>\t\t\t\t<\/div>\n\t\t\t\t<\/div>\n\t\t\t\t<div class=\"elementor-element elementor-element-addf186 elementor-widget elementor-widget-text-editor\" data-id=\"addf186\" data-element_type=\"widget\" data-widget_type=\"text-editor.default\">\n\t\t\t\t<div class=\"elementor-widget-container\">\n\t\t\t\t\t\t\t\t\t<p>Im Rahmen unseres erweiterten Serviceangebots bieten wir die M\u00f6glichkeit, Tretroller und E-Bikes auszuleihen.<\/p>\t\t\t\t\t\t\t\t<\/div>\n\t\t\t\t<\/div>\n\t\t\t\t<div class=\"elementor-element elementor-element-c87c9c2 elementor-widget elementor-widget-button\" data-id=\"c87c9c2\" data-element_type=\"widget\" data-widget_type=\"button.default\">\n\t\t\t\t<div class=\"elementor-widget-container\">\n\t\t\t\t\t\t\t\t\t<div class=\"elementor-button-wrapper\">\n\t\t\t\t\t<a class=\"elementor-button elementor-button-link elementor-size-sm\" href=\"https:\/\/pujcovna.jizdnikola-friese.cz\/\" target=\"_blank\" rel=\"noopener\">\n\t\t\t\t\t\t<span class=\"elementor-button-content-wrapper\">\n\t\t\t\t\t\t\t\t\t<span class=\"elementor-button-text\">Mehr erfahren<\/span>\n\t\t\t\t\t<\/span>\n\t\t\t\t\t<\/a>\n\t\t\t\t<\/div>\n\t\t\t\t\t\t\t\t<\/div>\n\t\t\t\t<\/div>\n\t\t\t\t\t<\/div>\n\t\t\t\t<\/div>\n\t\t\t\t<\/div>\n\t\t","protected":false},"excerpt":{"rendered":"<p>Kommen Sie zur Entspannung. Radfahren Minimaler Verkehr, nahezu eben, kilometerlange Strecken, ob ausgeschilderte oder nur klassische Feldwege. Minimaler Verkehr, nahezu eben, kilometerlange Strecken, ob ausgeschilderte oder nur klassische Feldwege. Ein Vergn\u00fcgen f\u00fcr Radfahrer. Und wenn Sie dazu noch eine Oase der Erfrischung oder sogar die Unterkunft Stroodel hinzuf\u00fcgen, die Sie auf unserem Gel\u00e4nde von Schloss [&hellip;]<\/p>\n","protected":false},"author":2,"featured_media":0,"parent":1911,"menu_order":0,"comment_status":"closed","ping_status":"closed","template":"elementor_header_footer","meta":{"footnotes":"","_links_to":"","_links_to_target":""},"class_list":["post-1921","page","type-page","status-publish","hentry"],"_links":{"self":[{"href":"https:\/\/www.zameceklany.cz\/de\/wp-json\/wp\/v2\/pages\/1921","targetHints":{"allow":["GET"]}}],"collection":[{"href":"https:\/\/www.zameceklany.cz\/de\/wp-json\/wp\/v2\/pages"}],"about":[{"href":"https:\/\/www.zameceklany.cz\/de\/wp-json\/wp\/v2\/types\/page"}],"author":[{"embeddable":true,"href":"https:\/\/www.zameceklany.cz\/de\/wp-json\/wp\/v2\/users\/2"}],"replies":[{"embeddable":true,"href":"https:\/\/www.zameceklany.cz\/de\/wp-json\/wp\/v2\/comments?post=1921"}],"version-history":[{"count":3,"href":"https:\/\/www.zameceklany.cz\/de\/wp-json\/wp\/v2\/pages\/1921\/revisions"}],"predecessor-version":[{"id":2594,"href":"https:\/\/www.zameceklany.cz\/de\/wp-json\/wp\/v2\/pages\/1921\/revisions\/2594"}],"up":[{"embeddable":true,"href":"https:\/\/www.zameceklany.cz\/de\/wp-json\/wp\/v2\/pages\/1911"}],"wp:attachment":[{"href":"https:\/\/www.zameceklany.cz\/de\/wp-json\/wp\/v2\/media?parent=1921"}],"curies":[{"name":"wp","href":"https:\/\/api.w.org\/{rel}","templated":true}]}}