{"id":1911,"date":"2025-02-21T09:39:15","date_gmt":"2025-02-21T08:39:15","guid":{"rendered":"https:\/\/www.zameceklany.cz\/aktivitaeten-in-der-umgebung-des-schloesschens\/"},"modified":"2025-11-05T14:26:40","modified_gmt":"2025-11-05T13:26:40","slug":"aktivitaeten-in-der-umgebung-des-schloesschens","status":"publish","type":"page","link":"https:\/\/www.zameceklany.cz\/de\/aktivitaeten-in-der-umgebung-des-schloesschens\/","title":{"rendered":"Aktivit\u00e4ten in der Umgebung des Schl\u00f6sschens"},"content":{"rendered":"\t\t<div data-elementor-type=\"wp-page\" data-elementor-id=\"1911\" class=\"elementor elementor-1911 elementor-138\" data-elementor-post-type=\"page\">\n\t\t\t\t<div class=\"elementor-element elementor-element-59b21ff e-flex e-con-boxed e-con e-parent\" data-id=\"59b21ff\" data-element_type=\"container\" data-settings=\"{&quot;background_background&quot;:&quot;classic&quot;}\">\n\t\t\t\t\t<div class=\"e-con-inner\">\n\t\t\t\t<div class=\"elementor-element elementor-element-efd283e elementor-widget elementor-widget-heading\" data-id=\"efd283e\" data-element_type=\"widget\" data-widget_type=\"heading.default\">\n\t\t\t\t<div class=\"elementor-widget-container\">\n\t\t\t\t\t<p class=\"elementor-heading-title elementor-size-default\">Kommen Sie zur Entspannung.<\/p>\t\t\t\t<\/div>\n\t\t\t\t<\/div>\n\t\t\t\t<div class=\"elementor-element elementor-element-d75ad8c elementor-widget elementor-widget-heading\" data-id=\"d75ad8c\" data-element_type=\"widget\" data-widget_type=\"heading.default\">\n\t\t\t\t<div class=\"elementor-widget-container\">\n\t\t\t\t\t<h1 class=\"elementor-heading-title elementor-size-default\">Abenteuer und Entspannung<\/h1>\t\t\t\t<\/div>\n\t\t\t\t<\/div>\n\t\t\t\t\t<\/div>\n\t\t\t\t<\/div>\n\t\t<div class=\"elementor-element elementor-element-10c2240 e-flex e-con-boxed e-con e-parent\" data-id=\"10c2240\" data-element_type=\"container\" data-settings=\"{&quot;background_background&quot;:&quot;classic&quot;}\">\n\t\t\t\t\t<div class=\"e-con-inner\">\n\t\t\t\t<div class=\"elementor-element elementor-element-a229d41 elementor-widget elementor-widget-heading\" data-id=\"a229d41\" data-element_type=\"widget\" data-widget_type=\"heading.default\">\n\t\t\t\t<div class=\"elementor-widget-container\">\n\t\t\t\t\t<h3 class=\"elementor-heading-title elementor-size-default\">Ihr Aufenthalt oder Besuch wird durch Aktivit\u00e4ten in der Umgebung des Schl\u00f6sschens bereichert, die wir Ihnen anbieten und bei denen wir Ihnen gerne behilflich sind, damit Sie Ihren Aufenthalt bei uns noch mehr genie\u00dfen k\u00f6nnen.<\/h3>\t\t\t\t<\/div>\n\t\t\t\t<\/div>\n\t\t\t\t<div class=\"elementor-element elementor-element-bf29a46 elementor-widget elementor-widget-text-editor\" data-id=\"bf29a46\" data-element_type=\"widget\" data-widget_type=\"text-editor.default\">\n\t\t\t\t<div class=\"elementor-widget-container\">\n\t\t\t\t\t\t\t\t\t<p>Wir befinden uns im <a href=\"https:\/\/lednickovaltickyareal.eu\/zamecek-lany\/\" target=\"_blank\" rel=\"noopener\">s\u00fcdlichsten Teil des Parks von Lednice-Valtice<\/a>, was an sich schon viele Aktivit\u00e4tsm\u00f6glichkeiten bietet.<\/p><p>Die umliegende Landschaft des Schl\u00f6sschens L\u00e1ny, durchzogen von unz\u00e4hligen Wegen, ob befestigt oder nur Feldwege und Gehwege, ist besonders bei <a href=\"https:\/\/www.zameceklany.cz\/de\/aktivitaeten-in-der-umgebung-des-schloesschens\/radfahren\/\" target=\"_blank\" rel=\"noopener\">Radfahrern<\/a> beliebt. Die minimalen H\u00f6henunterschiede, W\u00e4lder, Wiesen, Fl\u00fcsse und B\u00e4che werden Ihnen vom Sattel Ihres Fahrrads aus nie langweilig. <\/p><p>Die einfachen Strecken sind besonders f\u00fcr Familien mit Kindern geeignet.<\/p><p>Sie k\u00f6nnen den Sattel Ihres \u201eBikes\u201c gegen einen Reitsattel tauschen und die Landschaft im Pferdesattel erkunden.<\/p><p>Aber Sie m\u00fcssen nicht nur irgendetwas satteln, es gibt <a href=\"https:\/\/www.zameceklany.cz\/de\/aktivitaeten-in-der-umgebung-des-schloesschens\/vogelbeobachtung-in-der-region-soutok\/\" target=\"_blank\" rel=\"noopener\">auch viele interessante Dinge<\/a> und Ecken f\u00fcr <a href=\"https:\/\/www.zameceklany.cz\/de\/aktivitaeten-in-der-umgebung-des-schloesschens\/ausfluege-in-die-umgebung\/\" target=\"_blank\" rel=\"noopener\">Wanderungen<\/a> zu entdecken. Die ungew\u00f6hnlichen Aktivit\u00e4ten in der Umgebung des Schl\u00f6sschens L\u00e1ny werden Sie begeistern. <\/p>\t\t\t\t\t\t\t\t<\/div>\n\t\t\t\t<\/div>\n\t\t\t\t\t<\/div>\n\t\t\t\t<\/div>\n\t\t<div class=\"elementor-element elementor-element-c586a99 e-grid e-con-boxed e-con e-parent\" data-id=\"c586a99\" data-element_type=\"container\" data-settings=\"{&quot;background_background&quot;:&quot;classic&quot;}\">\n\t\t\t\t\t<div class=\"e-con-inner\">\n\t\t\t\t<div class=\"elementor-element elementor-element-f869184 elementor-cta--valign-middle elementor-cta--skin-classic elementor-animated-content elementor-bg-transform elementor-bg-transform-zoom-in elementor-widget elementor-widget-call-to-action\" data-id=\"f869184\" data-element_type=\"widget\" data-widget_type=\"call-to-action.default\">\n\t\t\t\t<div class=\"elementor-widget-container\">\n\t\t\t\t\t\t\t<a class=\"elementor-cta\" href=\"https:\/\/www.zameceklany.cz\/de\/aktivitaeten-in-der-umgebung-des-schloesschens\/ausfluege-in-die-umgebung\/\">\n\t\t\t\t\t<div class=\"elementor-cta__bg-wrapper\">\n\t\t\t\t<div class=\"elementor-cta__bg elementor-bg\" style=\"background-image: url(https:\/\/www.zameceklany.cz\/wp-content\/uploads\/2025\/04\/lednicko-valticky-areal-1024x724.webp);\" role=\"img\" aria-label=\"Park von Lednice-Valtice\"><\/div>\n\t\t\t\t<div class=\"elementor-cta__bg-overlay\"><\/div>\n\t\t\t<\/div>\n\t\t\t\t\t\t\t<div class=\"elementor-cta__content\">\n\t\t\t\t\n\t\t\t\t\t\t\t\t\t<h3 class=\"elementor-cta__title elementor-cta__content-item elementor-content-item\">\n\t\t\t\t\t\tAusfl\u00fcge in die Umgebung\t\t\t\t\t<\/h3>\n\t\t\t\t\n\t\t\t\t\n\t\t\t\t\t\t\t<\/div>\n\t\t\t\t\t\t<\/a>\n\t\t\t\t\t\t<\/div>\n\t\t\t\t<\/div>\n\t\t\t\t<div class=\"elementor-element elementor-element-57aaaed elementor-cta--valign-middle elementor-cta--skin-classic elementor-animated-content elementor-bg-transform elementor-bg-transform-zoom-in elementor-widget elementor-widget-call-to-action\" data-id=\"57aaaed\" data-element_type=\"widget\" data-widget_type=\"call-to-action.default\">\n\t\t\t\t<div class=\"elementor-widget-container\">\n\t\t\t\t\t\t\t<a class=\"elementor-cta\" href=\"https:\/\/www.zameceklany.cz\/de\/aktivitaeten-in-der-umgebung-des-schloesschens\/jagd\/\">\n\t\t\t\t\t<div class=\"elementor-cta__bg-wrapper\">\n\t\t\t\t<div class=\"elementor-cta__bg elementor-bg\" style=\"background-image: url(https:\/\/www.zameceklany.cz\/wp-content\/uploads\/2025\/03\/aktivity-myslivost-01.webp);\" role=\"img\" aria-label=\"Aktivit\u00e4ten_Jagd_01\"><\/div>\n\t\t\t\t<div class=\"elementor-cta__bg-overlay\"><\/div>\n\t\t\t<\/div>\n\t\t\t\t\t\t\t<div class=\"elementor-cta__content\">\n\t\t\t\t\n\t\t\t\t\t\t\t\t\t<h3 class=\"elementor-cta__title elementor-cta__content-item elementor-content-item\">\n\t\t\t\t\t\tJagd\t\t\t\t\t<\/h3>\n\t\t\t\t\n\t\t\t\t\n\t\t\t\t\t\t\t<\/div>\n\t\t\t\t\t\t<\/a>\n\t\t\t\t\t\t<\/div>\n\t\t\t\t<\/div>\n\t\t\t\t<div class=\"elementor-element elementor-element-e0c4cfc elementor-cta--valign-middle elementor-cta--skin-classic elementor-animated-content elementor-bg-transform elementor-bg-transform-zoom-in elementor-widget elementor-widget-call-to-action\" data-id=\"e0c4cfc\" data-element_type=\"widget\" data-widget_type=\"call-to-action.default\">\n\t\t\t\t<div class=\"elementor-widget-container\">\n\t\t\t\t\t\t\t<a class=\"elementor-cta\" href=\"https:\/\/www.zameceklany.cz\/de\/aktivitaeten-in-der-umgebung-des-schloesschens\/radfahren\/\">\n\t\t\t\t\t<div class=\"elementor-cta__bg-wrapper\">\n\t\t\t\t<div class=\"elementor-cta__bg elementor-bg\" style=\"background-image: url(https:\/\/www.zameceklany.cz\/wp-content\/uploads\/2025\/03\/aktivity-cyklo-01.webp);\" role=\"img\" aria-label=\"Aktivit\u00e4ten_Radfahren_01\"><\/div>\n\t\t\t\t<div class=\"elementor-cta__bg-overlay\"><\/div>\n\t\t\t<\/div>\n\t\t\t\t\t\t\t<div class=\"elementor-cta__content\">\n\t\t\t\t\n\t\t\t\t\t\t\t\t\t<h3 class=\"elementor-cta__title elementor-cta__content-item elementor-content-item\">\n\t\t\t\t\t\tRadfahren\t\t\t\t\t<\/h3>\n\t\t\t\t\n\t\t\t\t\n\t\t\t\t\t\t\t<\/div>\n\t\t\t\t\t\t<\/a>\n\t\t\t\t\t\t<\/div>\n\t\t\t\t<\/div>\n\t\t\t\t<div class=\"elementor-element elementor-element-1b3f1f4 elementor-cta--valign-middle elementor-cta--skin-classic elementor-animated-content elementor-bg-transform elementor-bg-transform-zoom-in elementor-widget elementor-widget-call-to-action\" data-id=\"1b3f1f4\" data-element_type=\"widget\" data-widget_type=\"call-to-action.default\">\n\t\t\t\t<div class=\"elementor-widget-container\">\n\t\t\t\t\t\t\t<a class=\"elementor-cta\" href=\"https:\/\/www.zameceklany.cz\/de\/aktivitaeten-in-der-umgebung-des-schloesschens\/vogelbeobachtung-in-der-region-soutok\/\">\n\t\t\t\t\t<div class=\"elementor-cta__bg-wrapper\">\n\t\t\t\t<div class=\"elementor-cta__bg elementor-bg\" style=\"background-image: url(https:\/\/www.zameceklany.cz\/wp-content\/uploads\/2025\/04\/pozorovani-ptaku-bg-1024x576.webp);\" role=\"img\" aria-label=\"pozorovani-ptaku-bg\"><\/div>\n\t\t\t\t<div class=\"elementor-cta__bg-overlay\"><\/div>\n\t\t\t<\/div>\n\t\t\t\t\t\t\t<div class=\"elementor-cta__content\">\n\t\t\t\t\n\t\t\t\t\t\t\t\t\t<h3 class=\"elementor-cta__title elementor-cta__content-item elementor-content-item\">\n\t\t\t\t\t\tVogelbeobachtung\t\t\t\t\t<\/h3>\n\t\t\t\t\n\t\t\t\t\n\t\t\t\t\t\t\t<\/div>\n\t\t\t\t\t\t<\/a>\n\t\t\t\t\t\t<\/div>\n\t\t\t\t<\/div>\n\t\t\t\t<div class=\"elementor-element elementor-element-a8a27f7 elementor-cta--valign-middle elementor-cta--skin-classic elementor-animated-content elementor-bg-transform elementor-bg-transform-zoom-in elementor-widget elementor-widget-call-to-action\" data-id=\"a8a27f7\" data-element_type=\"widget\" data-widget_type=\"call-to-action.default\">\n\t\t\t\t<div class=\"elementor-widget-container\">\n\t\t\t\t\t\t\t<a class=\"elementor-cta\" href=\"https:\/\/www.zameceklany.cz\/de\/aktivitaeten-in-der-umgebung-des-schloesschens\/maehren-land-des-weines\/\">\n\t\t\t\t\t<div class=\"elementor-cta__bg-wrapper\">\n\t\t\t\t<div class=\"elementor-cta__bg elementor-bg\" style=\"background-image: url(https:\/\/www.zameceklany.cz\/wp-content\/uploads\/2025\/04\/vino.webp);\" role=\"img\" aria-label=\"Wein\"><\/div>\n\t\t\t\t<div class=\"elementor-cta__bg-overlay\"><\/div>\n\t\t\t<\/div>\n\t\t\t\t\t\t\t<div class=\"elementor-cta__content\">\n\t\t\t\t\n\t\t\t\t\t\t\t\t\t<h3 class=\"elementor-cta__title elementor-cta__content-item elementor-content-item\">\n\t\t\t\t\t\tM\u00e4hren \u2013 Land des Weines\t\t\t\t\t<\/h3>\n\t\t\t\t\n\t\t\t\t\n\t\t\t\t\t\t\t<\/div>\n\t\t\t\t\t\t<\/a>\n\t\t\t\t\t\t<\/div>\n\t\t\t\t<\/div>\n\t\t\t\t\t<\/div>\n\t\t\t\t<\/div>\n\t\t\t\t<\/div>\n\t\t","protected":false},"excerpt":{"rendered":"<p>Kommen Sie zur Entspannung. Abenteuer und Entspannung Ihr Aufenthalt oder Besuch wird durch Aktivit\u00e4ten in der Umgebung des Schl\u00f6sschens bereichert, die wir Ihnen anbieten und bei denen wir Ihnen gerne behilflich sind, damit Sie Ihren Aufenthalt bei uns noch mehr genie\u00dfen k\u00f6nnen. Wir befinden uns im s\u00fcdlichsten Teil des Parks von Lednice-Valtice, was an sich [&hellip;]<\/p>\n","protected":false},"author":2,"featured_media":0,"parent":0,"menu_order":0,"comment_status":"closed","ping_status":"closed","template":"elementor_header_footer","meta":{"footnotes":"","_links_to":"","_links_to_target":""},"class_list":["post-1911","page","type-page","status-publish","hentry"],"_links":{"self":[{"href":"https:\/\/www.zameceklany.cz\/de\/wp-json\/wp\/v2\/pages\/1911","targetHints":{"allow":["GET"]}}],"collection":[{"href":"https:\/\/www.zameceklany.cz\/de\/wp-json\/wp\/v2\/pages"}],"about":[{"href":"https:\/\/www.zameceklany.cz\/de\/wp-json\/wp\/v2\/types\/page"}],"author":[{"embeddable":true,"href":"https:\/\/www.zameceklany.cz\/de\/wp-json\/wp\/v2\/users\/2"}],"replies":[{"embeddable":true,"href":"https:\/\/www.zameceklany.cz\/de\/wp-json\/wp\/v2\/comments?post=1911"}],"version-history":[{"count":5,"href":"https:\/\/www.zameceklany.cz\/de\/wp-json\/wp\/v2\/pages\/1911\/revisions"}],"predecessor-version":[{"id":2592,"href":"https:\/\/www.zameceklany.cz\/de\/wp-json\/wp\/v2\/pages\/1911\/revisions\/2592"}],"wp:attachment":[{"href":"https:\/\/www.zameceklany.cz\/de\/wp-json\/wp\/v2\/media?parent=1911"}],"curies":[{"name":"wp","href":"https:\/\/api.w.org\/{rel}","templated":true}]}}