{"id":1834,"date":"2025-03-20T09:46:20","date_gmt":"2025-03-20T08:46:20","guid":{"rendered":"https:\/\/www.zameceklany.cz\/gegenwart\/"},"modified":"2025-11-05T11:59:16","modified_gmt":"2025-11-05T10:59:16","slug":"gegenwart","status":"publish","type":"page","link":"https:\/\/www.zameceklany.cz\/de\/ueber-das-schloesschen\/gegenwart\/","title":{"rendered":"Gegenwart"},"content":{"rendered":"\t\t<div data-elementor-type=\"wp-page\" data-elementor-id=\"1834\" class=\"elementor elementor-1834 elementor-978\" data-elementor-post-type=\"page\">\n\t\t\t\t<div class=\"elementor-element elementor-element-51e89b3 e-flex e-con-boxed e-con e-parent\" data-id=\"51e89b3\" data-element_type=\"container\" data-settings=\"{&quot;background_background&quot;:&quot;classic&quot;}\">\n\t\t\t\t\t<div class=\"e-con-inner\">\n\t\t\t\t<div class=\"elementor-element elementor-element-e23a70c elementor-widget elementor-widget-heading\" data-id=\"e23a70c\" data-element_type=\"widget\" data-widget_type=\"heading.default\">\n\t\t\t\t<div class=\"elementor-widget-container\">\n\t\t\t\t\t<p class=\"elementor-heading-title elementor-size-default\">Das Schl\u00f6sschen heute<\/p>\t\t\t\t<\/div>\n\t\t\t\t<\/div>\n\t\t\t\t<div class=\"elementor-element elementor-element-cd1c10f elementor-widget elementor-widget-heading\" data-id=\"cd1c10f\" data-element_type=\"widget\" data-widget_type=\"heading.default\">\n\t\t\t\t<div class=\"elementor-widget-container\">\n\t\t\t\t\t<h1 class=\"elementor-heading-title elementor-size-default\">Das Schl\u00f6sschen L\u00e1ny in der Gegenwart<\/h1>\t\t\t\t<\/div>\n\t\t\t\t<\/div>\n\t\t\t\t\t<\/div>\n\t\t\t\t<\/div>\n\t\t<div class=\"elementor-element elementor-element-a170329 e-flex e-con-boxed e-con e-parent\" data-id=\"a170329\" data-element_type=\"container\" data-settings=\"{&quot;background_background&quot;:&quot;classic&quot;}\">\n\t\t\t\t\t<div class=\"e-con-inner\">\n\t\t<div class=\"elementor-element elementor-element-ef10c32 e-con-full e-flex e-con e-child\" data-id=\"ef10c32\" data-element_type=\"container\">\n\t\t\t\t<div class=\"elementor-element elementor-element-7228047 elementor-widget elementor-widget-image\" data-id=\"7228047\" data-element_type=\"widget\" data-widget_type=\"image.default\">\n\t\t\t\t<div class=\"elementor-widget-container\">\n\t\t\t\t\t\t\t\t\t\t\t\t\t\t\t<img fetchpriority=\"high\" decoding=\"async\" width=\"800\" height=\"532\" src=\"https:\/\/www.zameceklany.cz\/wp-content\/uploads\/2025\/02\/zamecek-lany-1024x681.webp\" class=\"attachment-large size-large wp-image-1835\" alt=\"\" srcset=\"https:\/\/www.zameceklany.cz\/wp-content\/uploads\/2025\/02\/zamecek-lany-1024x681.webp 1024w, https:\/\/www.zameceklany.cz\/wp-content\/uploads\/2025\/02\/zamecek-lany-300x200.webp 300w, https:\/\/www.zameceklany.cz\/wp-content\/uploads\/2025\/02\/zamecek-lany-768x511.webp 768w, https:\/\/www.zameceklany.cz\/wp-content\/uploads\/2025\/02\/zamecek-lany-1536x1022.webp 1536w, https:\/\/www.zameceklany.cz\/wp-content\/uploads\/2025\/02\/zamecek-lany-2048x1362.webp 2048w\" sizes=\"(max-width: 800px) 100vw, 800px\" \/>\t\t\t\t\t\t\t\t\t\t\t\t\t\t\t<\/div>\n\t\t\t\t<\/div>\n\t\t\t\t<\/div>\n\t\t<div class=\"elementor-element elementor-element-ba255c4 e-con-full e-flex e-con e-child\" data-id=\"ba255c4\" data-element_type=\"container\">\n\t\t\t\t<div class=\"elementor-element elementor-element-7fb4d76 elementor-widget elementor-widget-heading\" data-id=\"7fb4d76\" data-element_type=\"widget\" data-widget_type=\"heading.default\">\n\t\t\t\t<div class=\"elementor-widget-container\">\n\t\t\t\t\t<h2 class=\"elementor-heading-title elementor-size-default\">Das Schl\u00f6sschen heute<\/h2>\t\t\t\t<\/div>\n\t\t\t\t<\/div>\n\t\t\t\t<div class=\"elementor-element elementor-element-9f67802 elementor-widget elementor-widget-text-editor\" data-id=\"9f67802\" data-element_type=\"widget\" data-widget_type=\"text-editor.default\">\n\t\t\t\t<div class=\"elementor-widget-container\">\n\t\t\t\t\t\t\t\t\t<p>Das Schl\u00f6sschen L\u00e1ny hat heute eine umfassende Rekonstruktion hinter sich, die ihm neues Leben eingehaucht hat, und ist zu einer Oase der Ruhe und des <a href=\"https:\/\/www.zameceklany.cz\/de\/unterkunft\/schlossappartements\/schlossappartements\/\">Luxus<\/a> f\u00fcr seine G\u00e4ste geworden. Mit dem Fokus auf die Bewahrung des <a href=\"https:\/\/www.zameceklany.cz\/de\/ueber-das-schloesschen\/geschichte-des-schloesschens\/\">historischen Charmes<\/a> und der Authentizit\u00e4t kombiniert es den Charme alter Architektur mit modernen Elementen und einer erstklassigen Ausstattung.<\/p><p>Die G\u00e4ste k\u00f6nnen ein einzigartiges Aufenthaltserlebnis in einer wundersch\u00f6nen Umgebung genie\u00dfen, die nicht nur <a href=\"https:\/\/www.zameceklany.cz\/de\/unterkunft\/\">komfortable Unterk\u00fcnfte<\/a>, sondern auch Wellness-Dienstleistungen, Entspannungsanwendungen und <a href=\"https:\/\/www.zameceklany.cz\/de\/gastronomie\/\">Gourmeterlebnisse<\/a> bietet.<\/p><p>Das Schl\u00f6sschen ist der ideale Ort f\u00fcr diejenigen, die eine au\u00dfergew\u00f6hnliche Erholung, romantische Aufenthalte oder Familienurlaube im Herzen der Natur suchen.<\/p>\t\t\t\t\t\t\t\t<\/div>\n\t\t\t\t<\/div>\n\t\t\t\t<\/div>\n\t\t\t\t\t<\/div>\n\t\t\t\t<\/div>\n\t\t\t\t<\/div>\n\t\t","protected":false},"excerpt":{"rendered":"<p>Das Schl\u00f6sschen heute Das Schl\u00f6sschen L\u00e1ny in der Gegenwart Das Schl\u00f6sschen heute Das Schl\u00f6sschen L\u00e1ny hat heute eine umfassende Rekonstruktion hinter sich, die ihm neues Leben eingehaucht hat, und ist zu einer Oase der Ruhe und des Luxus f\u00fcr seine G\u00e4ste geworden. Mit dem Fokus auf die Bewahrung des historischen Charmes und der Authentizit\u00e4t kombiniert [&hellip;]<\/p>\n","protected":false},"author":2,"featured_media":0,"parent":1997,"menu_order":0,"comment_status":"closed","ping_status":"closed","template":"elementor_header_footer","meta":{"footnotes":"","_links_to":"","_links_to_target":""},"class_list":["post-1834","page","type-page","status-publish","hentry"],"_links":{"self":[{"href":"https:\/\/www.zameceklany.cz\/de\/wp-json\/wp\/v2\/pages\/1834","targetHints":{"allow":["GET"]}}],"collection":[{"href":"https:\/\/www.zameceklany.cz\/de\/wp-json\/wp\/v2\/pages"}],"about":[{"href":"https:\/\/www.zameceklany.cz\/de\/wp-json\/wp\/v2\/types\/page"}],"author":[{"embeddable":true,"href":"https:\/\/www.zameceklany.cz\/de\/wp-json\/wp\/v2\/users\/2"}],"replies":[{"embeddable":true,"href":"https:\/\/www.zameceklany.cz\/de\/wp-json\/wp\/v2\/comments?post=1834"}],"version-history":[{"count":3,"href":"https:\/\/www.zameceklany.cz\/de\/wp-json\/wp\/v2\/pages\/1834\/revisions"}],"predecessor-version":[{"id":2556,"href":"https:\/\/www.zameceklany.cz\/de\/wp-json\/wp\/v2\/pages\/1834\/revisions\/2556"}],"up":[{"embeddable":true,"href":"https:\/\/www.zameceklany.cz\/de\/wp-json\/wp\/v2\/pages\/1997"}],"wp:attachment":[{"href":"https:\/\/www.zameceklany.cz\/de\/wp-json\/wp\/v2\/media?parent=1834"}],"curies":[{"name":"wp","href":"https:\/\/api.w.org\/{rel}","templated":true}]}}