{"id":1802,"date":"2025-03-27T14:24:56","date_gmt":"2025-03-27T13:24:56","guid":{"rendered":"https:\/\/www.zameceklany.cz\/maehren-land-des-weines\/"},"modified":"2025-11-05T14:31:42","modified_gmt":"2025-11-05T13:31:42","slug":"maehren-land-des-weines","status":"publish","type":"page","link":"https:\/\/www.zameceklany.cz\/de\/aktivitaeten-in-der-umgebung-des-schloesschens\/maehren-land-des-weines\/","title":{"rendered":"M\u00e4hren \u2013 Land des Weines"},"content":{"rendered":"\t\t<div data-elementor-type=\"wp-page\" data-elementor-id=\"1802\" class=\"elementor elementor-1802 elementor-1128\" data-elementor-post-type=\"page\">\n\t\t\t\t<div class=\"elementor-element elementor-element-59b21ff e-flex e-con-boxed e-con e-parent\" data-id=\"59b21ff\" data-element_type=\"container\" data-settings=\"{&quot;background_background&quot;:&quot;classic&quot;}\">\n\t\t\t\t\t<div class=\"e-con-inner\">\n\t\t\t\t<div class=\"elementor-element elementor-element-efd283e elementor-widget elementor-widget-heading\" data-id=\"efd283e\" data-element_type=\"widget\" data-widget_type=\"heading.default\">\n\t\t\t\t<div class=\"elementor-widget-container\">\n\t\t\t\t\t<p class=\"elementor-heading-title elementor-size-default\">Kommen Sie zur Entspannung.<\/p>\t\t\t\t<\/div>\n\t\t\t\t<\/div>\n\t\t\t\t<div class=\"elementor-element elementor-element-d75ad8c elementor-widget elementor-widget-heading\" data-id=\"d75ad8c\" data-element_type=\"widget\" data-widget_type=\"heading.default\">\n\t\t\t\t<div class=\"elementor-widget-container\">\n\t\t\t\t\t<h1 class=\"elementor-heading-title elementor-size-default\">M\u00e4hren \u2013 Land des Weines<\/h1>\t\t\t\t<\/div>\n\t\t\t\t<\/div>\n\t\t\t\t\t<\/div>\n\t\t\t\t<\/div>\n\t\t<div class=\"elementor-element elementor-element-85f5557 e-flex e-con-boxed e-con e-parent\" data-id=\"85f5557\" data-element_type=\"container\" id=\"vice\" data-settings=\"{&quot;background_background&quot;:&quot;classic&quot;}\">\n\t\t\t\t\t<div class=\"e-con-inner\">\n\t\t<div class=\"elementor-element elementor-element-6739ebf e-con-full e-flex e-con e-child\" data-id=\"6739ebf\" data-element_type=\"container\">\n\t\t\t\t<div class=\"elementor-element elementor-element-7bcd18f elementor-widget elementor-widget-text-editor\" data-id=\"7bcd18f\" data-element_type=\"widget\" data-widget_type=\"text-editor.default\">\n\t\t\t\t<div class=\"elementor-widget-container\">\n\t\t\t\t\t\t\t\t\t<p>Entdecken Sie die einzigartigen Geschm\u00e4cker m\u00e4hrischer Weinberge bei unserer exklusiven Weinprobe. Erleben Sie einen Abend voller Harmonie und Eleganz, bei dem Sie ein erfahrener Sommelier durch eine Auswahl der besten Weine der Region f\u00fchrt. Sie verkosten lokale Weine, die die Atmosph\u00e4re des <a href=\"https:\/\/www.zameceklany.cz\/de\/ueber-das-schloesschen\/geschichte-des-schloesschens\/\">historischen Schlosses<\/a> perfekt erg\u00e4nzen, und erfahren mehr \u00fcber die Geheimnisse der Weinberge und den Herstellungsprozess. Ein ideales Erlebnis f\u00fcr Weinliebhaber, die ein authentisches und lehrreiches Erlebnis in angenehmer Gesellschaft suchen.<\/p>\t\t\t\t\t\t\t\t<\/div>\n\t\t\t\t<\/div>\n\t\t\t\t<\/div>\n\t\t<div class=\"elementor-element elementor-element-7101c3b e-con-full e-flex e-con e-child\" data-id=\"7101c3b\" data-element_type=\"container\">\n\t\t\t\t<div class=\"elementor-element elementor-element-8445c34 elementor-widget elementor-widget-image\" data-id=\"8445c34\" data-element_type=\"widget\" data-widget_type=\"image.default\">\n\t\t\t\t<div class=\"elementor-widget-container\">\n\t\t\t\t\t\t\t\t\t\t\t\t\t\t\t<img fetchpriority=\"high\" decoding=\"async\" width=\"800\" height=\"534\" src=\"https:\/\/www.zameceklany.cz\/wp-content\/uploads\/2025\/04\/vino-1.webp\" class=\"attachment-large size-large wp-image-1803\" alt=\"\" srcset=\"https:\/\/www.zameceklany.cz\/wp-content\/uploads\/2025\/04\/vino-1.webp 830w, https:\/\/www.zameceklany.cz\/wp-content\/uploads\/2025\/04\/vino-1-300x200.webp 300w, https:\/\/www.zameceklany.cz\/wp-content\/uploads\/2025\/04\/vino-1-768x513.webp 768w\" sizes=\"(max-width: 800px) 100vw, 800px\" \/>\t\t\t\t\t\t\t\t\t\t\t\t\t\t\t<\/div>\n\t\t\t\t<\/div>\n\t\t\t\t<\/div>\n\t\t\t\t\t<\/div>\n\t\t\t\t<\/div>\n\t\t\t\t<\/div>\n\t\t","protected":false},"excerpt":{"rendered":"<p>Kommen Sie zur Entspannung. M\u00e4hren \u2013 Land des Weines Entdecken Sie die einzigartigen Geschm\u00e4cker m\u00e4hrischer Weinberge bei unserer exklusiven Weinprobe. Erleben Sie einen Abend voller Harmonie und Eleganz, bei dem Sie ein erfahrener Sommelier durch eine Auswahl der besten Weine der Region f\u00fchrt. Sie verkosten lokale Weine, die die Atmosph\u00e4re des historischen Schlosses perfekt erg\u00e4nzen, [&hellip;]<\/p>\n","protected":false},"author":2,"featured_media":0,"parent":1911,"menu_order":0,"comment_status":"closed","ping_status":"closed","template":"elementor_header_footer","meta":{"footnotes":"","_links_to":"","_links_to_target":""},"class_list":["post-1802","page","type-page","status-publish","hentry"],"_links":{"self":[{"href":"https:\/\/www.zameceklany.cz\/de\/wp-json\/wp\/v2\/pages\/1802","targetHints":{"allow":["GET"]}}],"collection":[{"href":"https:\/\/www.zameceklany.cz\/de\/wp-json\/wp\/v2\/pages"}],"about":[{"href":"https:\/\/www.zameceklany.cz\/de\/wp-json\/wp\/v2\/types\/page"}],"author":[{"embeddable":true,"href":"https:\/\/www.zameceklany.cz\/de\/wp-json\/wp\/v2\/users\/2"}],"replies":[{"embeddable":true,"href":"https:\/\/www.zameceklany.cz\/de\/wp-json\/wp\/v2\/comments?post=1802"}],"version-history":[{"count":3,"href":"https:\/\/www.zameceklany.cz\/de\/wp-json\/wp\/v2\/pages\/1802\/revisions"}],"predecessor-version":[{"id":2600,"href":"https:\/\/www.zameceklany.cz\/de\/wp-json\/wp\/v2\/pages\/1802\/revisions\/2600"}],"up":[{"embeddable":true,"href":"https:\/\/www.zameceklany.cz\/de\/wp-json\/wp\/v2\/pages\/1911"}],"wp:attachment":[{"href":"https:\/\/www.zameceklany.cz\/de\/wp-json\/wp\/v2\/media?parent=1802"}],"curies":[{"name":"wp","href":"https:\/\/api.w.org\/{rel}","templated":true}]}}