{"id":1798,"date":"2025-03-27T14:25:23","date_gmt":"2025-03-27T13:25:23","guid":{"rendered":"https:\/\/www.zameceklany.cz\/vogelbeobachtung-in-der-region-soutok\/"},"modified":"2025-11-05T14:31:01","modified_gmt":"2025-11-05T13:31:01","slug":"vogelbeobachtung-in-der-region-soutok","status":"publish","type":"page","link":"https:\/\/www.zameceklany.cz\/de\/aktivitaeten-in-der-umgebung-des-schloesschens\/vogelbeobachtung-in-der-region-soutok\/","title":{"rendered":"Vogelbeobachtung in der Region Soutok"},"content":{"rendered":"\t\t<div data-elementor-type=\"wp-page\" data-elementor-id=\"1798\" class=\"elementor elementor-1798 elementor-1130\" data-elementor-post-type=\"page\">\n\t\t\t\t<div class=\"elementor-element elementor-element-59b21ff e-flex e-con-boxed e-con e-parent\" data-id=\"59b21ff\" data-element_type=\"container\" data-settings=\"{&quot;background_background&quot;:&quot;classic&quot;}\">\n\t\t\t\t\t<div class=\"e-con-inner\">\n\t\t\t\t<div class=\"elementor-element elementor-element-efd283e elementor-widget elementor-widget-heading\" data-id=\"efd283e\" data-element_type=\"widget\" data-widget_type=\"heading.default\">\n\t\t\t\t<div class=\"elementor-widget-container\">\n\t\t\t\t\t<p class=\"elementor-heading-title elementor-size-default\">Kommen Sie und entspannen Sie sich<\/p>\t\t\t\t<\/div>\n\t\t\t\t<\/div>\n\t\t\t\t<div class=\"elementor-element elementor-element-d75ad8c elementor-widget elementor-widget-heading\" data-id=\"d75ad8c\" data-element_type=\"widget\" data-widget_type=\"heading.default\">\n\t\t\t\t<div class=\"elementor-widget-container\">\n\t\t\t\t\t<h1 class=\"elementor-heading-title elementor-size-default\">Vogelbeobachtung in der Region Soutok<\/h1>\t\t\t\t<\/div>\n\t\t\t\t<\/div>\n\t\t\t\t\t<\/div>\n\t\t\t\t<\/div>\n\t\t<div class=\"elementor-element elementor-element-85f5557 e-flex e-con-boxed e-con e-parent\" data-id=\"85f5557\" data-element_type=\"container\" id=\"vice\" data-settings=\"{&quot;background_background&quot;:&quot;classic&quot;}\">\n\t\t\t\t\t<div class=\"e-con-inner\">\n\t\t<div class=\"elementor-element elementor-element-6739ebf e-con-full e-flex e-con e-child\" data-id=\"6739ebf\" data-element_type=\"container\">\n\t\t\t\t<div class=\"elementor-element elementor-element-7bcd18f elementor-widget elementor-widget-text-editor\" data-id=\"7bcd18f\" data-element_type=\"widget\" data-widget_type=\"text-editor.default\">\n\t\t\t\t<div class=\"elementor-widget-container\">\n\t\t\t\t\t\t\t\t\t<p>Das Vogelschutzgebiet Soutok-Tvrdonicko wurde 2004 zum Schutz von zehn Vogelarten ausgewiesen. Dazu geh\u00f6ren auch f\u00fcnf Arten seltener Raubv\u00f6gel: Wespenbussard, Rotmilan, Schwarzmilan, W\u00fcrgfalke und seit 2019 auch der Kaiseradler. Das Gebiet Soutok geh\u00f6rt heute zu unseren bedeutendsten Standorten f\u00fcr den Schutz von Raubv\u00f6geln. Es ist nicht nur ein bedeutendes Brutgebiet, sondern auch ein Rastplatz und ein Winterquartier. Von den oben genannten Arten betrifft dies den Rotmilan und den Kaiseradler, neben diesen vor allem den Seeadler.<\/p><p> <\/p>\t\t\t\t\t\t\t\t<\/div>\n\t\t\t\t<\/div>\n\t\t\t\t<\/div>\n\t\t<div class=\"elementor-element elementor-element-7101c3b e-con-full e-flex e-con e-child\" data-id=\"7101c3b\" data-element_type=\"container\">\n\t\t\t\t<div class=\"elementor-element elementor-element-8445c34 elementor-widget elementor-widget-image\" data-id=\"8445c34\" data-element_type=\"widget\" data-widget_type=\"image.default\">\n\t\t\t\t<div class=\"elementor-widget-container\">\n\t\t\t\t\t\t\t\t\t\t\t\t\t\t\t<img fetchpriority=\"high\" decoding=\"async\" width=\"800\" height=\"534\" src=\"https:\/\/www.zameceklany.cz\/wp-content\/uploads\/2025\/04\/pozorovani-ptaku-img-1024x683.webp\" class=\"attachment-large size-large wp-image-1799\" alt=\"\" srcset=\"https:\/\/www.zameceklany.cz\/wp-content\/uploads\/2025\/04\/pozorovani-ptaku-img-1024x683.webp 1024w, https:\/\/www.zameceklany.cz\/wp-content\/uploads\/2025\/04\/pozorovani-ptaku-img-300x200.webp 300w, https:\/\/www.zameceklany.cz\/wp-content\/uploads\/2025\/04\/pozorovani-ptaku-img-768x512.webp 768w, https:\/\/www.zameceklany.cz\/wp-content\/uploads\/2025\/04\/pozorovani-ptaku-img-1536x1024.webp 1536w, https:\/\/www.zameceklany.cz\/wp-content\/uploads\/2025\/04\/pozorovani-ptaku-img.webp 1920w\" sizes=\"(max-width: 800px) 100vw, 800px\" \/>\t\t\t\t\t\t\t\t\t\t\t\t\t\t\t<\/div>\n\t\t\t\t<\/div>\n\t\t\t\t<\/div>\n\t\t\t\t\t<\/div>\n\t\t\t\t<\/div>\n\t\t\t\t<\/div>\n\t\t","protected":false},"excerpt":{"rendered":"<p>Kommen Sie und entspannen Sie sich Vogelbeobachtung in der Region Soutok Das Vogelschutzgebiet Soutok-Tvrdonicko wurde 2004 zum Schutz von zehn Vogelarten ausgewiesen. Dazu geh\u00f6ren auch f\u00fcnf Arten seltener Raubv\u00f6gel: Wespenbussard, Rotmilan, Schwarzmilan, W\u00fcrgfalke und seit 2019 auch der Kaiseradler. Das Gebiet Soutok geh\u00f6rt heute zu unseren bedeutendsten Standorten f\u00fcr den Schutz von Raubv\u00f6geln. Es ist [&hellip;]<\/p>\n","protected":false},"author":2,"featured_media":0,"parent":1911,"menu_order":0,"comment_status":"closed","ping_status":"closed","template":"elementor_header_footer","meta":{"footnotes":"","_links_to":"","_links_to_target":""},"class_list":["post-1798","page","type-page","status-publish","hentry"],"_links":{"self":[{"href":"https:\/\/www.zameceklany.cz\/de\/wp-json\/wp\/v2\/pages\/1798","targetHints":{"allow":["GET"]}}],"collection":[{"href":"https:\/\/www.zameceklany.cz\/de\/wp-json\/wp\/v2\/pages"}],"about":[{"href":"https:\/\/www.zameceklany.cz\/de\/wp-json\/wp\/v2\/types\/page"}],"author":[{"embeddable":true,"href":"https:\/\/www.zameceklany.cz\/de\/wp-json\/wp\/v2\/users\/2"}],"replies":[{"embeddable":true,"href":"https:\/\/www.zameceklany.cz\/de\/wp-json\/wp\/v2\/comments?post=1798"}],"version-history":[{"count":3,"href":"https:\/\/www.zameceklany.cz\/de\/wp-json\/wp\/v2\/pages\/1798\/revisions"}],"predecessor-version":[{"id":2598,"href":"https:\/\/www.zameceklany.cz\/de\/wp-json\/wp\/v2\/pages\/1798\/revisions\/2598"}],"up":[{"embeddable":true,"href":"https:\/\/www.zameceklany.cz\/de\/wp-json\/wp\/v2\/pages\/1911"}],"wp:attachment":[{"href":"https:\/\/www.zameceklany.cz\/de\/wp-json\/wp\/v2\/media?parent=1798"}],"curies":[{"name":"wp","href":"https:\/\/api.w.org\/{rel}","templated":true}]}}